{"id":10126,"date":"2020-01-28T18:42:48","date_gmt":"2020-01-28T17:42:48","guid":{"rendered":"https:\/\/cbdplein.nl\/heilpilze-wiederentdeckt\/"},"modified":"2022-08-16T17:11:19","modified_gmt":"2022-08-16T15:11:19","slug":"heilpilze-wiederentdeckt","status":"publish","type":"page","link":"https:\/\/cbdplein.nl\/de\/heilpilze-wiederentdeckt\/","title":{"rendered":"Heilpilze wiederentdeckt"},"content":{"rendered":"\n<p>Heilpilze werden in der traditionellen Medizin seit Tausenden von Jahren aufgrund ihrer medizinischen Eigenschaften verwendet. Die Mykotherapie, wie die Wissenschaft vom Heilpilze offiziell genannt wird, ist in der Alternativmedizin enorm popul\u00e4r geworden.<\/p>\n\n\n\n<h2 class=\"wp-block-heading\">Pilze damals und heute<\/h2>\n\n\n\n<p>Die Mykotherapie hat eine sehr lange Geschichte und geht auf die traditionelle chinesische Medizin zur\u00fcck. Die alten Griechen und R\u00f6mer verwendeten auch Pilze als Nahrung und Medizin. Im Mittelalter besch\u00e4ftigten sich Benediktinerm\u00f6nche auch mit der wohltuenden Wirkung von Pilzen.<\/p>\n\n\n\n<p>Pilze geh\u00f6ren zum Bereich der Schimmels. Schimmels sind extrem leistungsf\u00e4hige Organismen, aus denen beispielsweise Penicillin und andere Antibiotika hervorgegangen sind. Dank neuer wissenschaftlicher Studien wurden Heilpilze wiederentdeckt und bieten einen Durchbruch bei der Bek\u00e4mpfung einer Vielzahl von Erkrankungen.<\/p>\n\n\n\n<p>Pilze gibt es in vielen Formen und Gr\u00f6\u00dfen. Einige sind essbar und f\u00f6rdern die geistige und \/ oder k\u00f6rperliche Gesundheit und andere sind giftig. Es ist mittlerweile bekannt, dass rund 800 Pilze eine wohltuende Wirkung haben. Aufgrund des wachsenden Interesses wurden M\u00f6glichkeiten entwickelt, sie als Erg\u00e4nzung zu verwenden. Heutzutage werden alle wichtigen Bestandteile aus Pilzen gewonnen und beispielsweise in Kapselform angeboten.<\/p>\n\n\n\n<p>Durch Extraktion kann aus dem Pilz die maximale Wirkstoffmenge und der N\u00e4hrwert gewonnen werden. Die Bioverf\u00fcgbarkeit bzw. das Ausma\u00df, in dem die Wirkstoffe am vorgesehenen Ort landen, ist daher extrem hoch. Dieser Effekt kann niemals in diesem Ausma\u00df erreicht werden, indem man einfach den Pilz isst.<\/p>\n\n\n\n<h2 class=\"wp-block-heading\">Unsere Erg\u00e4nzungsmittel<\/h2>\n\n\n\n<p>In <a href=\"https:\/\/cbdplein.nl\/de\/produkt-kategorie\/pilze\/\">unserem Shop<\/a> haben wir die 6 wichtigsten Pilze aufgenommen: Chaga, Cordyceps, L\u00f6wenm\u00e4hne, Maitake, Reishi und Shiitake. Jeder dieser Pilze hat spezifische Eigenschaften. Die Produktseiten geben an, f\u00fcr welche Bereiche sie verwendet werden k\u00f6nnen.<\/p>\n\n\n\n<h2 class=\"wp-block-heading\">\u00dcber Mushrooms4Life<\/h2>\n\n\n\n<p>Mushrooms4life wurde von Heilpraktikern entwickelt. Ihr Ziel war es, das Bewusstsein und die Verf\u00fcgbarkeit der vielen gesundheitlichen Vorteile von Heilpilzen zu sch\u00e4rfen.<\/p>\n\n\n\n<p>Der Gr\u00fcnder von Mushrooms4Life ist der weltber\u00fchmte Forscher und Autor Martin Powell. Es ist seine Mission, die Verf\u00fcgbarkeit hochwertiger Bio-Pilzzus\u00e4tze zu erschwinglichen Preisen zu erh\u00f6hen.<\/p>\n\n\n\n<p>Bindemittel, Zusatzstoffe, k\u00fcnstliche Zutaten oder Chemikalien werden in den Produkten niemals verwendet und alle Pilze werden direkt von ausgew\u00e4hlten Z\u00fcchtern gekauft. Alle Produkte sind aus kontrolliert biologischem Anbau.<\/p>\n","protected":false},"excerpt":{"rendered":"<p>Heilpilze werden in der traditionellen Medizin seit Tausenden von Jahren aufgrund ihrer medizinischen Eigenschaften verwendet. Die Mykotherapie, wie die Wissenschaft vom Heilpilze offiziell genannt wird, &#8230; <a title=\"Heilpilze wiederentdeckt\" class=\"read-more\" href=\"https:\/\/cbdplein.nl\/de\/heilpilze-wiederentdeckt\/\" aria-label=\"Mehr Informationen \u00fcber Heilpilze wiederentdeckt\">Weiterlesen<\/a><\/p>\n","protected":false},"author":1,"featured_media":0,"parent":0,"menu_order":0,"comment_status":"closed","ping_status":"closed","template":"","meta":{"footnotes":""},"class_list":["post-10126","page","type-page","status-publish"],"yoast_head":"<!-- This site is optimized with the Yoast SEO plugin v27.4 - https:\/\/yoast.com\/product\/yoast-seo-wordpress\/ -->\n<title>Heilpilze wiederentdeckt &#8226; CBD Plein<\/title>\n<meta name=\"description\" content=\"Lesen Sie hier, was Heilpilze f\u00fcr Sie bedeuten k\u00f6nnen. Pilze werden seit Tausenden von Jahren in der traditionellen Medizin verwendet.\" \/>\n<meta name=\"robots\" content=\"index, follow, max-snippet:-1, max-image-preview:large, max-video-preview:-1\" \/>\n<link rel=\"canonical\" href=\"https:\/\/cbdplein.nl\/de\/heilpilze-wiederentdeckt\/\" \/>\n<meta property=\"og:locale\" content=\"de_DE\" \/>\n<meta property=\"og:type\" content=\"article\" \/>\n<meta property=\"og:title\" content=\"Heilpilze wiederentdeckt &#8226; CBD Plein\" \/>\n<meta property=\"og:description\" content=\"Lesen Sie hier, was Heilpilze f\u00fcr Sie bedeuten k\u00f6nnen. Pilze werden seit Tausenden von Jahren in der traditionellen Medizin verwendet.\" \/>\n<meta property=\"og:url\" content=\"https:\/\/cbdplein.nl\/de\/heilpilze-wiederentdeckt\/\" \/>\n<meta property=\"og:site_name\" content=\"CBD Plein\" \/>\n<meta property=\"article:modified_time\" content=\"2022-08-16T15:11:19+00:00\" \/>\n<meta name=\"twitter:card\" content=\"summary_large_image\" \/>\n<meta name=\"twitter:label1\" content=\"Gesch\u00e4tzte Lesezeit\" \/>\n\t<meta name=\"twitter:data1\" content=\"2\u00a0Minuten\" \/>\n<script type=\"application\/ld+json\" class=\"yoast-schema-graph\">{\"@context\":\"https:\\\/\\\/schema.org\",\"@graph\":[{\"@type\":\"WebPage\",\"@id\":\"https:\\\/\\\/cbdplein.nl\\\/de\\\/heilpilze-wiederentdeckt\\\/\",\"url\":\"https:\\\/\\\/cbdplein.nl\\\/de\\\/heilpilze-wiederentdeckt\\\/\",\"name\":\"Heilpilze wiederentdeckt &#8226; CBD Plein\",\"isPartOf\":{\"@id\":\"https:\\\/\\\/cbdplein.nl\\\/#website\"},\"datePublished\":\"2020-01-28T17:42:48+00:00\",\"dateModified\":\"2022-08-16T15:11:19+00:00\",\"description\":\"Lesen Sie hier, was Heilpilze f\u00fcr Sie bedeuten k\u00f6nnen. Pilze werden seit Tausenden von Jahren in der traditionellen Medizin verwendet.\",\"breadcrumb\":{\"@id\":\"https:\\\/\\\/cbdplein.nl\\\/de\\\/heilpilze-wiederentdeckt\\\/#breadcrumb\"},\"inLanguage\":\"de\",\"potentialAction\":[{\"@type\":\"ReadAction\",\"target\":[\"https:\\\/\\\/cbdplein.nl\\\/de\\\/heilpilze-wiederentdeckt\\\/\"]}]},{\"@type\":\"BreadcrumbList\",\"@id\":\"https:\\\/\\\/cbdplein.nl\\\/de\\\/heilpilze-wiederentdeckt\\\/#breadcrumb\",\"itemListElement\":[{\"@type\":\"ListItem\",\"position\":1,\"name\":\"Home\",\"item\":\"https:\\\/\\\/cbdplein.nl\\\/de\\\/\"},{\"@type\":\"ListItem\",\"position\":2,\"name\":\"Heilpilze wiederentdeckt\"}]},{\"@type\":\"WebSite\",\"@id\":\"https:\\\/\\\/cbdplein.nl\\\/#website\",\"url\":\"https:\\\/\\\/cbdplein.nl\\\/\",\"name\":\"CBD Plein\",\"description\":\"&nbsp;Vertraut seit 2016\",\"publisher\":{\"@id\":\"https:\\\/\\\/cbdplein.nl\\\/#organization\"},\"potentialAction\":[{\"@type\":\"SearchAction\",\"target\":{\"@type\":\"EntryPoint\",\"urlTemplate\":\"https:\\\/\\\/cbdplein.nl\\\/?s={search_term_string}\"},\"query-input\":{\"@type\":\"PropertyValueSpecification\",\"valueRequired\":true,\"valueName\":\"search_term_string\"}}],\"inLanguage\":\"de\"},{\"@type\":\"Organization\",\"@id\":\"https:\\\/\\\/cbdplein.nl\\\/#organization\",\"name\":\"CBD Plein\",\"url\":\"https:\\\/\\\/cbdplein.nl\\\/\",\"logo\":{\"@type\":\"ImageObject\",\"inLanguage\":\"de\",\"@id\":\"https:\\\/\\\/cbdplein.nl\\\/#\\\/schema\\\/logo\\\/image\\\/\",\"url\":\"https:\\\/\\\/cbdplein.nl\\\/wp-content\\\/uploads\\\/2021\\\/11\\\/logo-cbdplein-new.png\",\"contentUrl\":\"https:\\\/\\\/cbdplein.nl\\\/wp-content\\\/uploads\\\/2021\\\/11\\\/logo-cbdplein-new.png\",\"width\":350,\"height\":70,\"caption\":\"CBD Plein\"},\"image\":{\"@id\":\"https:\\\/\\\/cbdplein.nl\\\/#\\\/schema\\\/logo\\\/image\\\/\"}}]}<\/script>\n<!-- \/ Yoast SEO plugin. -->","yoast_head_json":{"title":"Heilpilze wiederentdeckt &#8226; CBD Plein","description":"Lesen Sie hier, was Heilpilze f\u00fcr Sie bedeuten k\u00f6nnen. Pilze werden seit Tausenden von Jahren in der traditionellen Medizin verwendet.","robots":{"index":"index","follow":"follow","max-snippet":"max-snippet:-1","max-image-preview":"max-image-preview:large","max-video-preview":"max-video-preview:-1"},"canonical":"https:\/\/cbdplein.nl\/de\/heilpilze-wiederentdeckt\/","og_locale":"de_DE","og_type":"article","og_title":"Heilpilze wiederentdeckt &#8226; CBD Plein","og_description":"Lesen Sie hier, was Heilpilze f\u00fcr Sie bedeuten k\u00f6nnen. Pilze werden seit Tausenden von Jahren in der traditionellen Medizin verwendet.","og_url":"https:\/\/cbdplein.nl\/de\/heilpilze-wiederentdeckt\/","og_site_name":"CBD Plein","article_modified_time":"2022-08-16T15:11:19+00:00","twitter_card":"summary_large_image","twitter_misc":{"Gesch\u00e4tzte Lesezeit":"2\u00a0Minuten"},"schema":{"@context":"https:\/\/schema.org","@graph":[{"@type":"WebPage","@id":"https:\/\/cbdplein.nl\/de\/heilpilze-wiederentdeckt\/","url":"https:\/\/cbdplein.nl\/de\/heilpilze-wiederentdeckt\/","name":"Heilpilze wiederentdeckt &#8226; CBD Plein","isPartOf":{"@id":"https:\/\/cbdplein.nl\/#website"},"datePublished":"2020-01-28T17:42:48+00:00","dateModified":"2022-08-16T15:11:19+00:00","description":"Lesen Sie hier, was Heilpilze f\u00fcr Sie bedeuten k\u00f6nnen. Pilze werden seit Tausenden von Jahren in der traditionellen Medizin verwendet.","breadcrumb":{"@id":"https:\/\/cbdplein.nl\/de\/heilpilze-wiederentdeckt\/#breadcrumb"},"inLanguage":"de","potentialAction":[{"@type":"ReadAction","target":["https:\/\/cbdplein.nl\/de\/heilpilze-wiederentdeckt\/"]}]},{"@type":"BreadcrumbList","@id":"https:\/\/cbdplein.nl\/de\/heilpilze-wiederentdeckt\/#breadcrumb","itemListElement":[{"@type":"ListItem","position":1,"name":"Home","item":"https:\/\/cbdplein.nl\/de\/"},{"@type":"ListItem","position":2,"name":"Heilpilze wiederentdeckt"}]},{"@type":"WebSite","@id":"https:\/\/cbdplein.nl\/#website","url":"https:\/\/cbdplein.nl\/","name":"CBD Plein","description":"&nbsp;Vertraut seit 2016","publisher":{"@id":"https:\/\/cbdplein.nl\/#organization"},"potentialAction":[{"@type":"SearchAction","target":{"@type":"EntryPoint","urlTemplate":"https:\/\/cbdplein.nl\/?s={search_term_string}"},"query-input":{"@type":"PropertyValueSpecification","valueRequired":true,"valueName":"search_term_string"}}],"inLanguage":"de"},{"@type":"Organization","@id":"https:\/\/cbdplein.nl\/#organization","name":"CBD Plein","url":"https:\/\/cbdplein.nl\/","logo":{"@type":"ImageObject","inLanguage":"de","@id":"https:\/\/cbdplein.nl\/#\/schema\/logo\/image\/","url":"https:\/\/cbdplein.nl\/wp-content\/uploads\/2021\/11\/logo-cbdplein-new.png","contentUrl":"https:\/\/cbdplein.nl\/wp-content\/uploads\/2021\/11\/logo-cbdplein-new.png","width":350,"height":70,"caption":"CBD Plein"},"image":{"@id":"https:\/\/cbdplein.nl\/#\/schema\/logo\/image\/"}}]}},"_links":{"self":[{"href":"https:\/\/cbdplein.nl\/de\/wp-json\/wp\/v2\/pages\/10126","targetHints":{"allow":["GET"]}}],"collection":[{"href":"https:\/\/cbdplein.nl\/de\/wp-json\/wp\/v2\/pages"}],"about":[{"href":"https:\/\/cbdplein.nl\/de\/wp-json\/wp\/v2\/types\/page"}],"author":[{"embeddable":true,"href":"https:\/\/cbdplein.nl\/de\/wp-json\/wp\/v2\/users\/1"}],"replies":[{"embeddable":true,"href":"https:\/\/cbdplein.nl\/de\/wp-json\/wp\/v2\/comments?post=10126"}],"version-history":[{"count":0,"href":"https:\/\/cbdplein.nl\/de\/wp-json\/wp\/v2\/pages\/10126\/revisions"}],"wp:attachment":[{"href":"https:\/\/cbdplein.nl\/de\/wp-json\/wp\/v2\/media?parent=10126"}],"curies":[{"name":"wp","href":"https:\/\/api.w.org\/{rel}","templated":true}]}}