{"id":10168,"date":"2020-01-29T12:43:19","date_gmt":"2020-01-29T11:43:19","guid":{"rendered":"https:\/\/cbdplein.nl\/?page_id=10168"},"modified":"2022-08-16T17:20:39","modified_gmt":"2022-08-16T15:20:39","slug":"was-ist-kollagen-und-warum-ist-es-so-wichtig","status":"publish","type":"page","link":"https:\/\/cbdplein.nl\/de\/was-ist-kollagen-und-warum-ist-es-so-wichtig\/","title":{"rendered":"Was ist Kollagen und warum ist es so wichtig?"},"content":{"rendered":"\n<p>Kollagen ist ein einzigartiges Protein, das reich an Aminos\u00e4uren, Glycin und Prolin ist. Kollagen ist auch das h\u00e4ufigste Protein im K\u00f6rper. Es ist einer der wichtigsten Bausteine \u200b\u200bf\u00fcr Knochen, Haut, Muskeln, Sehnen und Bindegewebe. Kollagen ist verantwortlich f\u00fcr die Festigkeit und Elastizit\u00e4t der Haut. Es sorgt daf\u00fcr, dass die Haut jung und frisch aussieht.<\/p>\n\n\n\n<h2 class=\"wp-block-heading\">Warum Kollagen?<\/h2>\n\n\n\n<p>Kollagenreiche Lebensmittel sind seit Tausenden von Jahren ein wichtiger Bestandteil der Ern\u00e4hrung auf der ganzen Welt. Solange unsere Paleo-Vorfahren Essen \u00fcber dem Feuer zubereiteten, a\u00dfen sie jeden Teil der Tiere, die sie gefangen hatten &#8211; einschlie\u00dflich der Knochen. Knochenbr\u00fche ist eines der nahrhaftesten Lebensmittel der Welt.<\/p>\n\n\n\n<p>Vom Ochsenschwanz-Eintopf in Afrika \u00fcber Br\u00fche in Frankreich bis hin zu Omas H\u00fchnerbr\u00fche &#8222;uraltes Heilmittel f\u00fcr alles&#8220;. Viele der nahrhaftesten Gerichte der Welt sind reich an Kollagen.<\/p>\n\n\n\n<p>Das Wort Kollagen leitet sich vom griechischen Wort kolla ab, was Leim bedeutet. Es ist die Substanz, die den K\u00f6rper buchst\u00e4blich zusammenh\u00e4lt. Es ist das h\u00e4ufigste Protein im K\u00f6rper<\/p>\n\n\n\n<p>Die wichtigste Aufgabe besteht darin, strukturelle Unterst\u00fctzung und Kraft bereitzustellen, sie sch\u00fctzt jedoch auch lebenswichtige Organe und bietet Flexibilit\u00e4t, Unterst\u00fctzung und Bewegung. Es ist auch notwendig, abgestorbene Hautzellen zu ersetzen und zu reparieren und Sehnen und Bindegewebe zu st\u00e4rken.<\/p>\n\n\n\n<p>Die Kollagenprodukte <a href=\"https:\/\/cbdplein.nl\/de\/produkt-kategorie\/kollagen\/\">in unserem Shop<\/a> eignen sich hervorragend zum Mischen in verschiedenen Getr\u00e4nken oder auch in Gerichten wie: Tee, Kaffee, Smoothies, Fruchtsaft, Joghurt und Suppe.<\/p>\n\n\n\n<h2 class=\"wp-block-heading\">\u00dcber Planet Paleo<\/h2>\n\n\n\n<p>Planet Paleo wurde vom Engl\u00e4nder Ben Shouler, einem Ern\u00e4hrungstherapeuten und Naturheilkundler mit Hintergrund in der Nutrazeutik-Forschung, gegr\u00fcndet. Er hat in einer p\u00e4dagogischen Position bei vielen f\u00fchrenden Naturkosmetikunternehmen gearbeitet und verf\u00fcgt \u00fcber ein gutes Verst\u00e4ndnis der komplexen Dynamik von Nahrungserg\u00e4nzungsmitteln und Kr\u00e4utermedizin.<\/p>\n\n\n\n<p>W\u00e4hrend er sich leidenschaftlich mit der wissenschaftlicheren Seite naturheilkundlicher Heilmittel befasste, war er schon immer fasziniert von antiken Heilmitteln und der esoterischeren, energischeren Herangehensweise an die traditionelle Medizin. Planet Paleo wurde mit diesen beiden Ans\u00e4tzen gegr\u00fcndet.<\/p>\n\n\n\n<p>Die Kollagenprodukte von Planet Paleo sind sehr bioverf\u00fcgbar, von Natur aus reich an Proteinen und versorgen den K\u00f6rper mit wichtigen Bausteinen f\u00fcr mehr Gesundheit und Wohlbefinden. Dies sind Gesundheitsprodukte, die gro\u00dfartig schmecken, einfach zu verwenden sind und Ergebnisse liefern. Alle Produkte sind frei von GVO, Gluten und Milchprodukten.<\/p>\n","protected":false},"excerpt":{"rendered":"<p>Kollagen ist ein einzigartiges Protein, das reich an Aminos\u00e4uren, Glycin und Prolin ist. Kollagen ist auch das h\u00e4ufigste Protein im K\u00f6rper. Es ist einer der &#8230; <a title=\"Was ist Kollagen und warum ist es so wichtig?\" class=\"read-more\" href=\"https:\/\/cbdplein.nl\/de\/was-ist-kollagen-und-warum-ist-es-so-wichtig\/\" aria-label=\"Mehr Informationen \u00fcber Was ist Kollagen und warum ist es so wichtig?\">Weiterlesen<\/a><\/p>\n","protected":false},"author":1,"featured_media":0,"parent":0,"menu_order":0,"comment_status":"closed","ping_status":"closed","template":"","meta":{"footnotes":""},"class_list":["post-10168","page","type-page","status-publish"],"yoast_head":"<!-- This site is optimized with the Yoast SEO plugin v27.4 - https:\/\/yoast.com\/product\/yoast-seo-wordpress\/ -->\n<title>Was ist Kollagen und warum ist es so wichtig? &#8226; CBD Plein<\/title>\n<meta name=\"description\" content=\"Kollagen ist das h\u00e4ufigste Protein im K\u00f6rper. Es ist einer der wichtigsten Bausteine \u200b\u200bf\u00fcr Knochen, Haut, Muskeln, Sehnen und Bindegewebe.\" \/>\n<meta name=\"robots\" content=\"index, follow, max-snippet:-1, max-image-preview:large, max-video-preview:-1\" \/>\n<link rel=\"canonical\" href=\"https:\/\/cbdplein.nl\/de\/was-ist-kollagen-und-warum-ist-es-so-wichtig\/\" \/>\n<meta property=\"og:locale\" content=\"de_DE\" \/>\n<meta property=\"og:type\" content=\"article\" \/>\n<meta property=\"og:title\" content=\"Was ist Kollagen und warum ist es so wichtig? &#8226; CBD Plein\" \/>\n<meta property=\"og:description\" content=\"Kollagen ist das h\u00e4ufigste Protein im K\u00f6rper. Es ist einer der wichtigsten Bausteine \u200b\u200bf\u00fcr Knochen, Haut, Muskeln, Sehnen und Bindegewebe.\" \/>\n<meta property=\"og:url\" content=\"https:\/\/cbdplein.nl\/de\/was-ist-kollagen-und-warum-ist-es-so-wichtig\/\" \/>\n<meta property=\"og:site_name\" content=\"CBD Plein\" \/>\n<meta property=\"article:modified_time\" content=\"2022-08-16T15:20:39+00:00\" \/>\n<meta name=\"twitter:card\" content=\"summary_large_image\" \/>\n<meta name=\"twitter:label1\" content=\"Gesch\u00e4tzte Lesezeit\" \/>\n\t<meta name=\"twitter:data1\" content=\"2\u00a0Minuten\" \/>\n<script type=\"application\/ld+json\" class=\"yoast-schema-graph\">{\"@context\":\"https:\\\/\\\/schema.org\",\"@graph\":[{\"@type\":\"WebPage\",\"@id\":\"https:\\\/\\\/cbdplein.nl\\\/de\\\/was-ist-kollagen-und-warum-ist-es-so-wichtig\\\/\",\"url\":\"https:\\\/\\\/cbdplein.nl\\\/de\\\/was-ist-kollagen-und-warum-ist-es-so-wichtig\\\/\",\"name\":\"Was ist Kollagen und warum ist es so wichtig? &#8226; CBD Plein\",\"isPartOf\":{\"@id\":\"https:\\\/\\\/cbdplein.nl\\\/#website\"},\"datePublished\":\"2020-01-29T11:43:19+00:00\",\"dateModified\":\"2022-08-16T15:20:39+00:00\",\"description\":\"Kollagen ist das h\u00e4ufigste Protein im K\u00f6rper. Es ist einer der wichtigsten Bausteine \u200b\u200bf\u00fcr Knochen, Haut, Muskeln, Sehnen und Bindegewebe.\",\"breadcrumb\":{\"@id\":\"https:\\\/\\\/cbdplein.nl\\\/de\\\/was-ist-kollagen-und-warum-ist-es-so-wichtig\\\/#breadcrumb\"},\"inLanguage\":\"de\",\"potentialAction\":[{\"@type\":\"ReadAction\",\"target\":[\"https:\\\/\\\/cbdplein.nl\\\/de\\\/was-ist-kollagen-und-warum-ist-es-so-wichtig\\\/\"]}]},{\"@type\":\"BreadcrumbList\",\"@id\":\"https:\\\/\\\/cbdplein.nl\\\/de\\\/was-ist-kollagen-und-warum-ist-es-so-wichtig\\\/#breadcrumb\",\"itemListElement\":[{\"@type\":\"ListItem\",\"position\":1,\"name\":\"Home\",\"item\":\"https:\\\/\\\/cbdplein.nl\\\/de\\\/\"},{\"@type\":\"ListItem\",\"position\":2,\"name\":\"Was ist Kollagen und warum ist es so wichtig?\"}]},{\"@type\":\"WebSite\",\"@id\":\"https:\\\/\\\/cbdplein.nl\\\/#website\",\"url\":\"https:\\\/\\\/cbdplein.nl\\\/\",\"name\":\"CBD Plein\",\"description\":\"&nbsp;Vertraut seit 2016\",\"publisher\":{\"@id\":\"https:\\\/\\\/cbdplein.nl\\\/#organization\"},\"potentialAction\":[{\"@type\":\"SearchAction\",\"target\":{\"@type\":\"EntryPoint\",\"urlTemplate\":\"https:\\\/\\\/cbdplein.nl\\\/?s={search_term_string}\"},\"query-input\":{\"@type\":\"PropertyValueSpecification\",\"valueRequired\":true,\"valueName\":\"search_term_string\"}}],\"inLanguage\":\"de\"},{\"@type\":\"Organization\",\"@id\":\"https:\\\/\\\/cbdplein.nl\\\/#organization\",\"name\":\"CBD Plein\",\"url\":\"https:\\\/\\\/cbdplein.nl\\\/\",\"logo\":{\"@type\":\"ImageObject\",\"inLanguage\":\"de\",\"@id\":\"https:\\\/\\\/cbdplein.nl\\\/#\\\/schema\\\/logo\\\/image\\\/\",\"url\":\"https:\\\/\\\/cbdplein.nl\\\/wp-content\\\/uploads\\\/2021\\\/11\\\/logo-cbdplein-new.png\",\"contentUrl\":\"https:\\\/\\\/cbdplein.nl\\\/wp-content\\\/uploads\\\/2021\\\/11\\\/logo-cbdplein-new.png\",\"width\":350,\"height\":70,\"caption\":\"CBD Plein\"},\"image\":{\"@id\":\"https:\\\/\\\/cbdplein.nl\\\/#\\\/schema\\\/logo\\\/image\\\/\"}}]}<\/script>\n<!-- \/ Yoast SEO plugin. -->","yoast_head_json":{"title":"Was ist Kollagen und warum ist es so wichtig? &#8226; CBD Plein","description":"Kollagen ist das h\u00e4ufigste Protein im K\u00f6rper. Es ist einer der wichtigsten Bausteine \u200b\u200bf\u00fcr Knochen, Haut, Muskeln, Sehnen und Bindegewebe.","robots":{"index":"index","follow":"follow","max-snippet":"max-snippet:-1","max-image-preview":"max-image-preview:large","max-video-preview":"max-video-preview:-1"},"canonical":"https:\/\/cbdplein.nl\/de\/was-ist-kollagen-und-warum-ist-es-so-wichtig\/","og_locale":"de_DE","og_type":"article","og_title":"Was ist Kollagen und warum ist es so wichtig? &#8226; CBD Plein","og_description":"Kollagen ist das h\u00e4ufigste Protein im K\u00f6rper. Es ist einer der wichtigsten Bausteine \u200b\u200bf\u00fcr Knochen, Haut, Muskeln, Sehnen und Bindegewebe.","og_url":"https:\/\/cbdplein.nl\/de\/was-ist-kollagen-und-warum-ist-es-so-wichtig\/","og_site_name":"CBD Plein","article_modified_time":"2022-08-16T15:20:39+00:00","twitter_card":"summary_large_image","twitter_misc":{"Gesch\u00e4tzte Lesezeit":"2\u00a0Minuten"},"schema":{"@context":"https:\/\/schema.org","@graph":[{"@type":"WebPage","@id":"https:\/\/cbdplein.nl\/de\/was-ist-kollagen-und-warum-ist-es-so-wichtig\/","url":"https:\/\/cbdplein.nl\/de\/was-ist-kollagen-und-warum-ist-es-so-wichtig\/","name":"Was ist Kollagen und warum ist es so wichtig? &#8226; CBD Plein","isPartOf":{"@id":"https:\/\/cbdplein.nl\/#website"},"datePublished":"2020-01-29T11:43:19+00:00","dateModified":"2022-08-16T15:20:39+00:00","description":"Kollagen ist das h\u00e4ufigste Protein im K\u00f6rper. Es ist einer der wichtigsten Bausteine \u200b\u200bf\u00fcr Knochen, Haut, Muskeln, Sehnen und Bindegewebe.","breadcrumb":{"@id":"https:\/\/cbdplein.nl\/de\/was-ist-kollagen-und-warum-ist-es-so-wichtig\/#breadcrumb"},"inLanguage":"de","potentialAction":[{"@type":"ReadAction","target":["https:\/\/cbdplein.nl\/de\/was-ist-kollagen-und-warum-ist-es-so-wichtig\/"]}]},{"@type":"BreadcrumbList","@id":"https:\/\/cbdplein.nl\/de\/was-ist-kollagen-und-warum-ist-es-so-wichtig\/#breadcrumb","itemListElement":[{"@type":"ListItem","position":1,"name":"Home","item":"https:\/\/cbdplein.nl\/de\/"},{"@type":"ListItem","position":2,"name":"Was ist Kollagen und warum ist es so wichtig?"}]},{"@type":"WebSite","@id":"https:\/\/cbdplein.nl\/#website","url":"https:\/\/cbdplein.nl\/","name":"CBD Plein","description":"&nbsp;Vertraut seit 2016","publisher":{"@id":"https:\/\/cbdplein.nl\/#organization"},"potentialAction":[{"@type":"SearchAction","target":{"@type":"EntryPoint","urlTemplate":"https:\/\/cbdplein.nl\/?s={search_term_string}"},"query-input":{"@type":"PropertyValueSpecification","valueRequired":true,"valueName":"search_term_string"}}],"inLanguage":"de"},{"@type":"Organization","@id":"https:\/\/cbdplein.nl\/#organization","name":"CBD Plein","url":"https:\/\/cbdplein.nl\/","logo":{"@type":"ImageObject","inLanguage":"de","@id":"https:\/\/cbdplein.nl\/#\/schema\/logo\/image\/","url":"https:\/\/cbdplein.nl\/wp-content\/uploads\/2021\/11\/logo-cbdplein-new.png","contentUrl":"https:\/\/cbdplein.nl\/wp-content\/uploads\/2021\/11\/logo-cbdplein-new.png","width":350,"height":70,"caption":"CBD Plein"},"image":{"@id":"https:\/\/cbdplein.nl\/#\/schema\/logo\/image\/"}}]}},"_links":{"self":[{"href":"https:\/\/cbdplein.nl\/de\/wp-json\/wp\/v2\/pages\/10168","targetHints":{"allow":["GET"]}}],"collection":[{"href":"https:\/\/cbdplein.nl\/de\/wp-json\/wp\/v2\/pages"}],"about":[{"href":"https:\/\/cbdplein.nl\/de\/wp-json\/wp\/v2\/types\/page"}],"author":[{"embeddable":true,"href":"https:\/\/cbdplein.nl\/de\/wp-json\/wp\/v2\/users\/1"}],"replies":[{"embeddable":true,"href":"https:\/\/cbdplein.nl\/de\/wp-json\/wp\/v2\/comments?post=10168"}],"version-history":[{"count":0,"href":"https:\/\/cbdplein.nl\/de\/wp-json\/wp\/v2\/pages\/10168\/revisions"}],"wp:attachment":[{"href":"https:\/\/cbdplein.nl\/de\/wp-json\/wp\/v2\/media?parent=10168"}],"curies":[{"name":"wp","href":"https:\/\/api.w.org\/{rel}","templated":true}]}}