{"id":13402,"date":"2021-09-20T20:23:37","date_gmt":"2021-09-20T18:23:37","guid":{"rendered":"https:\/\/cbdplein.nl\/?page_id=13402"},"modified":"2022-10-13T19:46:36","modified_gmt":"2022-10-13T17:46:36","slug":"cbd-oel-kaufen-holland","status":"publish","type":"page","link":"https:\/\/cbdplein.nl\/de\/cbd-oel-kaufen-holland\/","title":{"rendered":"CBD \u00d6l Kaufen in Holland"},"content":{"rendered":"\n<h2 class=\"wp-block-heading\">Wo und welches CBD sollten Sie kaufen?<\/h2>\n\n\n\n<p>Auf dieser Seite geben wir Ihnen Tipps, was Sie beim Kauf von CBD beachten sollten. Auch sind umfangreiche Informationen zu CBD enthalten.<\/p>\n\n\n\n<p>In einigen Jahren ist CBD \u00e4u\u00dferst beliebt geworden. Nat\u00fcrlich, weil viele Menschen von diesem sch\u00f6nen Naturprodukt profitieren.<\/p>\n\n\n\n<p>Jetzt gibt es schon viele Lieferanten und eine Vielzahl von Marken. Leider ist den Verbrauchern oft nicht klar, wo und welche Produkte am besten gekauft werden k\u00f6nnen. Umso mehr, da es auch Lieferanten gibt, die weniger gute Absichten haben. Sie wollen einfach schnell viel Geld verdienen und z\u00f6gern oft nicht, minderwertige Produkte anzubieten. Es kann sogar gef\u00e4hrlich sein, besonders bei Nahrungserg\u00e4nzungsmitteln wie CBD.<\/p>\n\n\n\n<p>Gl\u00fccklicherweise gibt es auch viele Lieferanten, die wirklich an ihren Kunden interessiert sind und nur qualitativ hochwertige Produkte verkaufen m\u00f6chten.<br>Diese Lieferanten existieren nicht nur in Deutschland, sondern auch im Ausland. Und hier kommt unser gro\u00dfer Freund \u201edas Internet\u201c zu Hilfe. Das Internet macht das Einkaufen in anderen L\u00e4ndern einfacher als je zuvor. Neben einer gr\u00f6\u00dferen Auswahl ist es ein gro\u00dfer Vorteil, dass die Produkte oft billiger sind.<\/p>\n\n\n\n<h3 class=\"wp-block-heading\">Wonach schauen?<\/h3>\n\n\n\n<p>Bei jedem Einkauf ist es ratsam, den Lieferanten und das Produkt zu bewerten. Hier sind einige Tipps.<\/p>\n\n\n\n<p>Bevor Sie kaufen, stellen Sie sicher dass:<\/p>\n\n\n\n<ul class=\"wp-block-list\"><li>der Anbieter mit einem&nbsp;Webshop-Qualit\u00e4tszeichen&nbsp;verbunden ist;<\/li><li>die Kundenberatungen gut sind;<\/li><li>Rabatt geboten wird (z. B. ein&nbsp;Treueprogramm, Gutscheincodes oder Mengenrabatte);<\/li><li>die Produktinformation ausreichend ist;<\/li><li>Laborberichte der Produkte ver\u00f6ffentlicht sind.<\/li><\/ul>\n\n\n\n<p>Obwohl einige Leute dies glauben, ist die Gr\u00f6\u00dfe eines Webshops nicht entscheidend. Kleinere Webshops zeichnen sich h\u00e4ufig durch einen exzellenten Kundenservice aus. Sie f\u00fchlen sich oft pers\u00f6nlich mit dem Produkt und Ihre Kunden verbunden. Dies erm\u00f6glicht es ihnen, die Extrameile zu gehen.<\/p>\n\n\n\n<h3 class=\"wp-block-heading\">CBD \u00d6l kaufen in Holland<\/h3>\n\n\n\n<p>Die Niederlande waren eines der ersten europ\u00e4ischen L\u00e4nder, das CBD in gro\u00dfem Umfang nutzte. Infolgedessen verf\u00fcgen die Verk\u00e4ufer \u00fcber viel Wissen und Erfahrung mit dem Produkt.<br>Dar\u00fcber hinaus ist die Lieferung aus dem Ausland heutzutage sehr schnell.&nbsp;Pakete werden oft so schnell geliefert wie Inlandsbestellungen. Und auch bieten mehrere Shops kostenlose Lieferung nach Deutschland.<\/p>\n\n\n\n<p>Unser Online-Shop wurde 2016 von einem kleinen Team von CBD-Enthusiasten gegr\u00fcndet. Es ist ein Shop f\u00fcr und von CBD-Nutzern. Wir haben uns f\u00fcr eine kompakte und klare Produktpalette entschieden, die unseres Erachtens das beste Preis- und Qualit\u00e4tsverh\u00e4ltnis bietet. Neben einer Premium-Linie von Wedihemp bieten wir auch eine Eigenmarke (hergestellt von Cibdol) als gute und kosteng\u00fcnstige Alternative an.<\/p>\n\n\n\n<p>Wir haben bereits viele zufriedene deutsche Kunden und viele sind schon seit Jahren Stammkunden.<br>Neben der Qualit\u00e4t der Produkte sch\u00e4tzen die Kunden vor allem die schnelle Lieferung und den g\u00fcnstigen Preis. Rabatte kommen in Form von einem Treueprogramm, monatlichen Gutscheincode und Mengenrabatte.<\/p>\n\n\n\n<p>Die folgenden Produkte sind bei unseren Kunden sehr beliebt.<\/p>\n\n\n<div class=\"woocommerce columns-2 \"><ul class=\"products columns-2\">\n<li class=\"sales-flash-overlay woocommerce-text-align-center woocommerce-image-align-center do-quantity-buttons product type-product post-3783 status-publish first instock product_cat-cbd-de has-post-thumbnail taxable shipping-taxable purchasable product-type-simple\">\n\t<a href=\"https:\/\/cbdplein.nl\/de\/shop\/cbd-oel-raw-5-10ml-wedihemp\/\" class=\"woocommerce-LoopProduct-link woocommerce-loop-product__link\"><img loading=\"lazy\" decoding=\"async\" width=\"300\" height=\"300\" src=\"https:\/\/cbdplein.nl\/wp-content\/uploads\/2024\/12\/Wedihemp-CBD-Olie-5-10-300x300.png\" class=\"attachment-woocommerce_thumbnail size-woocommerce_thumbnail\" alt=\"Dieses 5% CBD-\u00d6l ist bei unseren Kunden besonders beliebt. Es ist sehr vielseitig, leistungsstark und erschwinglich.\" srcset=\"https:\/\/cbdplein.nl\/wp-content\/uploads\/2024\/12\/Wedihemp-CBD-Olie-5-10-300x300.png 300w, https:\/\/cbdplein.nl\/wp-content\/uploads\/2024\/12\/Wedihemp-CBD-Olie-5-10-150x150.png 150w, https:\/\/cbdplein.nl\/wp-content\/uploads\/2024\/12\/Wedihemp-CBD-Olie-5-10-768x768.png 768w, https:\/\/cbdplein.nl\/wp-content\/uploads\/2024\/12\/Wedihemp-CBD-Olie-5-10-600x600.png 600w, https:\/\/cbdplein.nl\/wp-content\/uploads\/2024\/12\/Wedihemp-CBD-Olie-5-10-100x100.png 100w, https:\/\/cbdplein.nl\/wp-content\/uploads\/2024\/12\/Wedihemp-CBD-Olie-5-10.png 1024w\" sizes=\"auto, (max-width: 300px) 100vw, 300px\" \/><h2 class=\"woocommerce-loop-product__title\">CBD \u00d6l Raw 5% 10ml Wedihemp<\/h2>\n\t<span class=\"price\"><span class=\"woocommerce-Price-amount amount\"><bdi><span class=\"woocommerce-Price-currencySymbol\">&euro;<\/span>29,50<\/bdi><\/span><\/span>\n<\/a><a href=\"\/de\/wp-json\/wp\/v2\/pages\/13402?add-to-cart=3783\" aria-describedby=\"woocommerce_loop_add_to_cart_link_describedby_3783\" data-quantity=\"1\" class=\"button product_type_simple add_to_cart_button ajax_add_to_cart\" data-product_id=\"3783\" data-product_sku=\"1238n\" aria-label=\"In den Warenkorb legen: \u201eCBD \u00d6l Raw 5% 10ml Wedihemp\u201c\" rel=\"nofollow\" data-success_message=\"\u201eCBD \u00d6l Raw 5% 10ml Wedihemp\u201c wurde Ihrem Warenkorb hinzugef\u00fcgt\">Im Warenkorb<\/a>\t<span id=\"woocommerce_loop_add_to_cart_link_describedby_3783\" class=\"screen-reader-text\">\n\t\t\t<\/span>\n<\/li>\n<li class=\"sales-flash-overlay woocommerce-text-align-center woocommerce-image-align-center do-quantity-buttons product type-product post-3826 status-publish last instock product_cat-cbd-de has-post-thumbnail taxable shipping-taxable purchasable product-type-simple\">\n\t<a href=\"https:\/\/cbdplein.nl\/de\/shop\/cbd-oel-raw-10-10ml-wedihemp\/\" class=\"woocommerce-LoopProduct-link woocommerce-loop-product__link\"><img loading=\"lazy\" decoding=\"async\" width=\"300\" height=\"300\" src=\"https:\/\/cbdplein.nl\/wp-content\/uploads\/2024\/12\/Wedihemp-CBD-Olie-10-10-300x300.png\" class=\"attachment-woocommerce_thumbnail size-woocommerce_thumbnail\" alt=\"Ein besonders starkes 10% CBD-\u00d6l, das eine L\u00f6sung f\u00fcr Menschen sein kann, bei denen die Wirkung des 5 %igen \u00d6ls unzureichend ist.\" srcset=\"https:\/\/cbdplein.nl\/wp-content\/uploads\/2024\/12\/Wedihemp-CBD-Olie-10-10-300x300.png 300w, https:\/\/cbdplein.nl\/wp-content\/uploads\/2024\/12\/Wedihemp-CBD-Olie-10-10-150x150.png 150w, https:\/\/cbdplein.nl\/wp-content\/uploads\/2024\/12\/Wedihemp-CBD-Olie-10-10-768x768.png 768w, https:\/\/cbdplein.nl\/wp-content\/uploads\/2024\/12\/Wedihemp-CBD-Olie-10-10-600x600.png 600w, https:\/\/cbdplein.nl\/wp-content\/uploads\/2024\/12\/Wedihemp-CBD-Olie-10-10-100x100.png 100w, https:\/\/cbdplein.nl\/wp-content\/uploads\/2024\/12\/Wedihemp-CBD-Olie-10-10.png 1024w\" sizes=\"auto, (max-width: 300px) 100vw, 300px\" \/><h2 class=\"woocommerce-loop-product__title\">CBD \u00d6l Raw 10% 10ml Wedihemp<\/h2>\n\t<span class=\"price\"><span class=\"woocommerce-Price-amount amount\"><bdi><span class=\"woocommerce-Price-currencySymbol\">&euro;<\/span>59,50<\/bdi><\/span><\/span>\n<\/a><a href=\"\/de\/wp-json\/wp\/v2\/pages\/13402?add-to-cart=3826\" aria-describedby=\"woocommerce_loop_add_to_cart_link_describedby_3826\" data-quantity=\"1\" class=\"button product_type_simple add_to_cart_button ajax_add_to_cart\" data-product_id=\"3826\" data-product_sku=\"1239n\" aria-label=\"In den Warenkorb legen: \u201eCBD \u00d6l Raw 10% 10ml Wedihemp\u201c\" rel=\"nofollow\" data-success_message=\"\u201eCBD \u00d6l Raw 10% 10ml Wedihemp\u201c wurde Ihrem Warenkorb hinzugef\u00fcgt\">Im Warenkorb<\/a>\t<span id=\"woocommerce_loop_add_to_cart_link_describedby_3826\" class=\"screen-reader-text\">\n\t\t\t<\/span>\n<\/li>\n<\/ul>\n<\/div>\n\n\n\n<p>Sehen Sie sich doch alle Produkte in unserem <a href=\"https:\/\/cbdplein.nl\/de\/produkt-kategorie\/cbd-de\/\">Shop<\/a>&nbsp;mal an&nbsp;und finden Sie heraus, dass CBD \u00d6l kaufen in Holland wirklich Sinn macht!<\/p>\n\n\n\n<h2 class=\"wp-block-heading\">Information zu CBD<\/h2>\n\n\n\n<p>CBD steht f\u00fcr Cannabidiol, eines von \u00fcber 100 identifizierten Cannabinoiden (Wirkstoffen), die in Hanf vorkommen.<\/p>\n\n\n\n<p>Ein weiteres bekanntes Cannabinoid ist Tetrahydrocannabinol (THC). Dieses Cannabinoid ist bekannt f\u00fcr seine psychoaktiven Wirkungen und verursacht ein Gef\u00fchl der Euphorie (Rausch). In den meisten europ\u00e4ischen L\u00e4ndern d\u00fcrfen Hanfprodukte legal nicht mehr als 0,2% THC enthalten. Alle Produkte die wir anbieten erf\u00fcllen alle gesetzlichen Anforderungen.<\/p>\n\n\n\n<p>CBD wird aus Industriehanf (auch Faserhanf oder Nutzhanf genannt) gewonnen. Diese Kultur ist bekannt f\u00fcr ihren hohen CBD-Gehalt und ihren niedrigen THC-Gehalt. Industriehanf ist eine landwirtschaftliche Kultur. Teile dieses Gew\u00e4chs werden in der Bau-, Automobil-, Papier-, Textil- und Lebensmittelindustrie eingesetzt.<\/p>\n\n\n\n<h3 class=\"wp-block-heading\">Wirkstoffe und Arten von CBD<\/h3>\n\n\n\n<p>Die Wirkstoffe befinden sich in kleinen Harzdr\u00fcsen auf den Bl\u00e4ttern und Knospen der Pflanze. Die Wirkstoffe werden im Labor aus dem Gem\u00fcse extrahiert. Der verbleibende Extrakt ist eine 100% nat\u00fcrliche Paste mit einem hohen CBD-Wert. Diese Paste wird dann mit Oliven\u00f6l oder Hanf\u00f6l verd\u00fcnnt, so dass das Endprodukt wieder fl\u00fcssig wird und beispielsweise mit einer Pipette verwendet werden kann. Neben CBD sind im \u00d6l auch CBDa, CBC, CBG, CBN, CBV, Terpene, Flavonoide und Phenole enthalten.<\/p>\n\n\n\n<p>Im Allgemeinen ist CBD-\u00d6l in Prozents\u00e4tzen von 1 bis 30 erh\u00e4ltlich. Normalerweise wird die 5% -Version verwendet.<br>Sie k\u00f6nnen einen h\u00f6heren Prozentsatz verwenden, wenn den gew\u00fcnschten Effekt nicht vollst\u00e4ndig erzielt wird. Hinweis: Wenn Sie \u00fcberhapt keinen Effekt feststellen beim 5%, wird die 10% dies wahrscheinlich auch nicht tun. CBD ist ein Naturprodukt und die Auswirkungen k\u00f6nnen von Person zu Person sehr unterschiedlich sein. Gl\u00fccklicherweise haben viele Menschen gute Ergebnisse mit CBD, aber einige erleben es nur teilweise oder gar nicht. Es ist jedoch unserer Meinung nach immer einen Versuch wert.<\/p>\n\n\n\n<p>CBD-Produkte k\u00f6nnen in zwei Gruppen unterteilt werden:<\/p>\n\n\n\n<ul class=\"wp-block-list\"><li>Vollspektrum-CBD: Es enth\u00e4lt alle urspr\u00fcnglichen Substanzen der Hanfpflanze und ist daher die kr\u00e4ftigste und vielseitigste. Der Geschmack ist bitter. In Deutschland wird es unter dem Namen Wedihemp Hanf Complete vertrieben. in den Niederlanden hei\u00dft es CBD Raw.<\/li><li>Reines CBD: Hier werden alle anderen urspr\u00fcnglichen Substanzen (wie Terpene, Flavoide und andere Cannabinoide) entfernt, wobei nur reines CBD \u00fcbrig bleibt. Der Geschmack ist viel weicher und angenehmer. Diese Variante wurde speziell f\u00fcr empfindliche Personen entwickelt. Reines CBD ist jedoch etwas weniger leistungsstark und vielseitig als die Vollspektrum-Variante. Vollspektrumkapseln sind auch eine gro\u00dfartige Alternative.<\/li><\/ul>\n\n\n\n<p>CBD-Extrakte sind rein nat\u00fcrliche Produkte und unterliegen nat\u00fcrlichen Schwankungen in Bezug auf Inhaltsstoffe, Konsistenz, Geschmack und Farbe.<\/p>\n\n\n\n<h3 class=\"wp-block-heading\">Vollspektrum ist die beste Wahl<\/h3>\n\n\n\n<p>Untersuchungen haben gezeigt, dass sich die verschiedenen Substanzen in Vollspektrumprodukten gegenseitig verst\u00e4rken. Dies wird als Entourage-Effekt bezeichnet. Dies macht es deutlich leistungsf\u00e4higer und vielseitiger als die reine Version.<\/p>\n\n\n\n<h3 class=\"wp-block-heading\">\u00d6l oder Kapseln?<\/h3>\n\n\n\n<p>Die beste Wahl ist \u00d6l, da es \u00fcber die Mundschleimhaut schnell vom K\u00f6rper aufgenommen wird. Die Kapseln werden erst im Magen aktiviert. Einige der Wirkstoffe werden dabei auch durch die vorhandenen Magens\u00e4uren zerst\u00f6rt. Um dies auszugleichen, enthalten Kapseln mehr CBD.<\/p>\n\n\n\n<h3 class=\"wp-block-heading\">Anwendungsbereiche<\/h3>\n\n\n\n<p>Leider sind wir nicht berechtigt, hierzu Auskunft zu geben.<br>CBD ist als Nahrungserg\u00e4nzungsmittel bekannt. Nach EU-Recht k\u00f6nnen diese Produkte nicht so gekennzeichnet, pr\u00e4sentiert oder beworben werden, als ob sie Krankheiten verhindern, behandeln oder heilen k\u00f6nnten. Ziel ist es, die Verbraucher vor potenziellen Gesundheitsrisiken zu sch\u00fctzen und sicherzustellen, dass Nahrungserg\u00e4nzungsmittel keine irref\u00fchrenden Informationen enthalten. Wir empfehlen Ihnen daher, im Internet danach zu suchen. Dort sind viele Informationen verf\u00fcgbar.<\/p>\n\n\n\n<h2 class=\"wp-block-heading\">CBD Verwendung<\/h2>\n\n\n\n<h3 class=\"wp-block-heading\">Allgemeines<\/h3>\n\n\n\n<p>Im Allgemeinen kann jeder CBD verwenden, es wird jedoch empfohlen, diese Produkte nicht zu verwenden, wenn Sie schwanger sind oder stillen. Dies liegt daran, dass es in solchen Situationen kaum Studien zur Wirksamkeit und Sicherheit gibt.<br>Optimale Ergebnisse werden erzielt, indem die Verwendung von CBD mit einer gesunden Ern\u00e4hrung und Lebensstil kombiniert wird.<\/p>\n\n\n\n<h3 class=\"wp-block-heading\">\u00d6l<\/h3>\n\n\n\n<p>Sch\u00fctteln Sie die Flasche vor Gebrauch und lassen Sie das \u00d6l unter die Zunge laufen. Es ist bequem, dies vor einem Spiegel zu tun, um zu sehen, wie viele Tropfen genommen werden. Sie k\u00f6nnen das \u00d6l auch mit einem Teel\u00f6ffel unter Ihre Zunge legen. Eine Minute lang nicht schlucken, damit die Wirkstoffe in den Blutkreislauf aufgenommen werden k\u00f6nnen.<\/p>\n\n\n\n<p>Die ideale Dosis variiert von Person zu Person, aber ein guter Anfang ist 1 oder 2 Tropfen zweimal t\u00e4glich. Die 10 ml Flasche enth\u00e4lt mehr als 200 Tropfen. 4 Tropfen pro Tag reichen also f\u00fcr fast 2 Monate.<br>Obwohl CBD innerhalb von 10 bis 15 Minuten aktiviert wird, kann es in einigen F\u00e4llen mehrere Tage dauern, bis Effekte beobachtet werden. Wenn nach einigen Tagen immer noch keine Wirkung auftritt, erh\u00f6hen Sie die Dosis um 1 oder 2 Tropfen. Dies kann alle paar Tage wiederholt werden, bis die maximale Wirkung erreicht ist.<\/p>\n\n\n\n<p>Die auf der Packung angegebene H\u00f6chstdosis entspricht den Richtlinien der EFSA (European Food Safety Authority).<br>Es ist jedoch zu beachten, dass die empfohlene Menge nicht als absolut angesehen werden sollte und die Dosis langsam auf das gew\u00fcnschte Niveau erh\u00f6ht werden kann. Es besteht keine Gefahr einer \u00dcberdosierung.<\/p>\n\n\n\n<p>Verwenden Sie das CBD am besten bei Raumtemperatur und lagern Sie es an einem dunklen Ort. Vermeiden Sie Sonneneinstrahlung oder Hitze. Wenn Sie es im K\u00fchlschrank aufbewahren, beachten Sie, dass das \u00d6l dicker wird und Sie warten m\u00fcssen, bis es sich auf Raumtemperatur erw\u00e4rmt hat.<\/p>\n\n\n\n<h3 class=\"wp-block-heading\">Kapseln<\/h3>\n\n\n\n<p>Schlucken Sie die Kapsel mit ausreichend Wasser. Nicht kauen.<\/p>\n\n\n\n<h3 class=\"wp-block-heading\">Creme und Balsam<\/h3>\n\n\n\n<p>Reiben Sie die Creme oder Balsam dunn auf den K\u00f6rperteil oder Hautoberfl\u00e4che und warte bis es von der Haut ist aufgenommen.<\/p>\n","protected":false},"excerpt":{"rendered":"<p>Wo und welches CBD sollten Sie kaufen? Auf dieser Seite geben wir Ihnen Tipps, was Sie beim Kauf von CBD beachten sollten. Auch sind umfangreiche &#8230; <a title=\"CBD \u00d6l Kaufen in Holland\" class=\"read-more\" href=\"https:\/\/cbdplein.nl\/de\/cbd-oel-kaufen-holland\/\" aria-label=\"Mehr Informationen \u00fcber CBD \u00d6l Kaufen in Holland\">Weiterlesen<\/a><\/p>\n","protected":false},"author":1,"featured_media":0,"parent":0,"menu_order":0,"comment_status":"closed","ping_status":"closed","template":"","meta":{"footnotes":""},"class_list":["post-13402","page","type-page","status-publish"],"yoast_head":"<!-- This site is optimized with the Yoast SEO plugin v27.4 - https:\/\/yoast.com\/product\/yoast-seo-wordpress\/ -->\n<title>CBD \u00d6l Kaufen in Holland &#8226; CBD Plein<\/title>\n<meta name=\"description\" content=\"In diesem Artikel erfahren Sie, warum CBD \u00d6l kaufen in Holland eine gute Idee ist und was Sie \u00fcber CBD wissen m\u00fcssen.\" \/>\n<meta name=\"robots\" content=\"index, follow, max-snippet:-1, max-image-preview:large, max-video-preview:-1\" \/>\n<link rel=\"canonical\" href=\"https:\/\/cbdplein.nl\/de\/cbd-oel-kaufen-holland\/\" \/>\n<meta property=\"og:locale\" content=\"de_DE\" \/>\n<meta property=\"og:type\" content=\"article\" \/>\n<meta property=\"og:title\" content=\"CBD \u00d6l Kaufen in Holland &#8226; CBD Plein\" \/>\n<meta property=\"og:description\" content=\"In diesem Artikel erfahren Sie, warum CBD \u00d6l kaufen in Holland eine gute Idee ist und was Sie \u00fcber CBD wissen m\u00fcssen.\" \/>\n<meta property=\"og:url\" content=\"https:\/\/cbdplein.nl\/de\/cbd-oel-kaufen-holland\/\" \/>\n<meta property=\"og:site_name\" content=\"CBD Plein\" \/>\n<meta property=\"article:modified_time\" content=\"2022-10-13T17:46:36+00:00\" \/>\n<meta name=\"twitter:card\" content=\"summary_large_image\" \/>\n<meta name=\"twitter:label1\" content=\"Gesch\u00e4tzte Lesezeit\" \/>\n\t<meta name=\"twitter:data1\" content=\"7\u00a0Minuten\" \/>\n<script type=\"application\/ld+json\" class=\"yoast-schema-graph\">{\"@context\":\"https:\\\/\\\/schema.org\",\"@graph\":[{\"@type\":\"WebPage\",\"@id\":\"https:\\\/\\\/cbdplein.nl\\\/de\\\/cbd-oel-kaufen-holland\\\/\",\"url\":\"https:\\\/\\\/cbdplein.nl\\\/de\\\/cbd-oel-kaufen-holland\\\/\",\"name\":\"CBD \u00d6l Kaufen in Holland &#8226; CBD Plein\",\"isPartOf\":{\"@id\":\"https:\\\/\\\/cbdplein.nl\\\/#website\"},\"datePublished\":\"2021-09-20T18:23:37+00:00\",\"dateModified\":\"2022-10-13T17:46:36+00:00\",\"description\":\"In diesem Artikel erfahren Sie, warum CBD \u00d6l kaufen in Holland eine gute Idee ist und was Sie \u00fcber CBD wissen m\u00fcssen.\",\"breadcrumb\":{\"@id\":\"https:\\\/\\\/cbdplein.nl\\\/de\\\/cbd-oel-kaufen-holland\\\/#breadcrumb\"},\"inLanguage\":\"de\",\"potentialAction\":[{\"@type\":\"ReadAction\",\"target\":[\"https:\\\/\\\/cbdplein.nl\\\/de\\\/cbd-oel-kaufen-holland\\\/\"]}]},{\"@type\":\"BreadcrumbList\",\"@id\":\"https:\\\/\\\/cbdplein.nl\\\/de\\\/cbd-oel-kaufen-holland\\\/#breadcrumb\",\"itemListElement\":[{\"@type\":\"ListItem\",\"position\":1,\"name\":\"Home\",\"item\":\"https:\\\/\\\/cbdplein.nl\\\/de\\\/\"},{\"@type\":\"ListItem\",\"position\":2,\"name\":\"CBD \u00d6l Kaufen in Holland\"}]},{\"@type\":\"WebSite\",\"@id\":\"https:\\\/\\\/cbdplein.nl\\\/#website\",\"url\":\"https:\\\/\\\/cbdplein.nl\\\/\",\"name\":\"CBD Plein\",\"description\":\"&nbsp;Vertraut seit 2016\",\"publisher\":{\"@id\":\"https:\\\/\\\/cbdplein.nl\\\/#organization\"},\"potentialAction\":[{\"@type\":\"SearchAction\",\"target\":{\"@type\":\"EntryPoint\",\"urlTemplate\":\"https:\\\/\\\/cbdplein.nl\\\/?s={search_term_string}\"},\"query-input\":{\"@type\":\"PropertyValueSpecification\",\"valueRequired\":true,\"valueName\":\"search_term_string\"}}],\"inLanguage\":\"de\"},{\"@type\":\"Organization\",\"@id\":\"https:\\\/\\\/cbdplein.nl\\\/#organization\",\"name\":\"CBD Plein\",\"url\":\"https:\\\/\\\/cbdplein.nl\\\/\",\"logo\":{\"@type\":\"ImageObject\",\"inLanguage\":\"de\",\"@id\":\"https:\\\/\\\/cbdplein.nl\\\/#\\\/schema\\\/logo\\\/image\\\/\",\"url\":\"https:\\\/\\\/cbdplein.nl\\\/wp-content\\\/uploads\\\/2021\\\/11\\\/logo-cbdplein-new.png\",\"contentUrl\":\"https:\\\/\\\/cbdplein.nl\\\/wp-content\\\/uploads\\\/2021\\\/11\\\/logo-cbdplein-new.png\",\"width\":350,\"height\":70,\"caption\":\"CBD Plein\"},\"image\":{\"@id\":\"https:\\\/\\\/cbdplein.nl\\\/#\\\/schema\\\/logo\\\/image\\\/\"}}]}<\/script>\n<!-- \/ Yoast SEO plugin. -->","yoast_head_json":{"title":"CBD \u00d6l Kaufen in Holland &#8226; CBD Plein","description":"In diesem Artikel erfahren Sie, warum CBD \u00d6l kaufen in Holland eine gute Idee ist und was Sie \u00fcber CBD wissen m\u00fcssen.","robots":{"index":"index","follow":"follow","max-snippet":"max-snippet:-1","max-image-preview":"max-image-preview:large","max-video-preview":"max-video-preview:-1"},"canonical":"https:\/\/cbdplein.nl\/de\/cbd-oel-kaufen-holland\/","og_locale":"de_DE","og_type":"article","og_title":"CBD \u00d6l Kaufen in Holland &#8226; CBD Plein","og_description":"In diesem Artikel erfahren Sie, warum CBD \u00d6l kaufen in Holland eine gute Idee ist und was Sie \u00fcber CBD wissen m\u00fcssen.","og_url":"https:\/\/cbdplein.nl\/de\/cbd-oel-kaufen-holland\/","og_site_name":"CBD Plein","article_modified_time":"2022-10-13T17:46:36+00:00","twitter_card":"summary_large_image","twitter_misc":{"Gesch\u00e4tzte Lesezeit":"7\u00a0Minuten"},"schema":{"@context":"https:\/\/schema.org","@graph":[{"@type":"WebPage","@id":"https:\/\/cbdplein.nl\/de\/cbd-oel-kaufen-holland\/","url":"https:\/\/cbdplein.nl\/de\/cbd-oel-kaufen-holland\/","name":"CBD \u00d6l Kaufen in Holland &#8226; CBD Plein","isPartOf":{"@id":"https:\/\/cbdplein.nl\/#website"},"datePublished":"2021-09-20T18:23:37+00:00","dateModified":"2022-10-13T17:46:36+00:00","description":"In diesem Artikel erfahren Sie, warum CBD \u00d6l kaufen in Holland eine gute Idee ist und was Sie \u00fcber CBD wissen m\u00fcssen.","breadcrumb":{"@id":"https:\/\/cbdplein.nl\/de\/cbd-oel-kaufen-holland\/#breadcrumb"},"inLanguage":"de","potentialAction":[{"@type":"ReadAction","target":["https:\/\/cbdplein.nl\/de\/cbd-oel-kaufen-holland\/"]}]},{"@type":"BreadcrumbList","@id":"https:\/\/cbdplein.nl\/de\/cbd-oel-kaufen-holland\/#breadcrumb","itemListElement":[{"@type":"ListItem","position":1,"name":"Home","item":"https:\/\/cbdplein.nl\/de\/"},{"@type":"ListItem","position":2,"name":"CBD \u00d6l Kaufen in Holland"}]},{"@type":"WebSite","@id":"https:\/\/cbdplein.nl\/#website","url":"https:\/\/cbdplein.nl\/","name":"CBD Plein","description":"&nbsp;Vertraut seit 2016","publisher":{"@id":"https:\/\/cbdplein.nl\/#organization"},"potentialAction":[{"@type":"SearchAction","target":{"@type":"EntryPoint","urlTemplate":"https:\/\/cbdplein.nl\/?s={search_term_string}"},"query-input":{"@type":"PropertyValueSpecification","valueRequired":true,"valueName":"search_term_string"}}],"inLanguage":"de"},{"@type":"Organization","@id":"https:\/\/cbdplein.nl\/#organization","name":"CBD Plein","url":"https:\/\/cbdplein.nl\/","logo":{"@type":"ImageObject","inLanguage":"de","@id":"https:\/\/cbdplein.nl\/#\/schema\/logo\/image\/","url":"https:\/\/cbdplein.nl\/wp-content\/uploads\/2021\/11\/logo-cbdplein-new.png","contentUrl":"https:\/\/cbdplein.nl\/wp-content\/uploads\/2021\/11\/logo-cbdplein-new.png","width":350,"height":70,"caption":"CBD Plein"},"image":{"@id":"https:\/\/cbdplein.nl\/#\/schema\/logo\/image\/"}}]}},"_links":{"self":[{"href":"https:\/\/cbdplein.nl\/de\/wp-json\/wp\/v2\/pages\/13402","targetHints":{"allow":["GET"]}}],"collection":[{"href":"https:\/\/cbdplein.nl\/de\/wp-json\/wp\/v2\/pages"}],"about":[{"href":"https:\/\/cbdplein.nl\/de\/wp-json\/wp\/v2\/types\/page"}],"author":[{"embeddable":true,"href":"https:\/\/cbdplein.nl\/de\/wp-json\/wp\/v2\/users\/1"}],"replies":[{"embeddable":true,"href":"https:\/\/cbdplein.nl\/de\/wp-json\/wp\/v2\/comments?post=13402"}],"version-history":[{"count":0,"href":"https:\/\/cbdplein.nl\/de\/wp-json\/wp\/v2\/pages\/13402\/revisions"}],"wp:attachment":[{"href":"https:\/\/cbdplein.nl\/de\/wp-json\/wp\/v2\/media?parent=13402"}],"curies":[{"name":"wp","href":"https:\/\/api.w.org\/{rel}","templated":true}]}}