{"id":16897,"date":"2026-03-09T17:09:31","date_gmt":"2026-03-09T16:09:31","guid":{"rendered":"https:\/\/cbdplein.nl\/?page_id=16897"},"modified":"2026-03-10T13:00:05","modified_gmt":"2026-03-10T12:00:05","slug":"klarna","status":"publish","type":"page","link":"https:\/\/cbdplein.nl\/de\/klarna\/","title":{"rendered":"Klarna"},"content":{"rendered":"\n<p><em>M\u00e4rz 2026<\/em><\/p>\n\n\n\n<p>K\u00fcrzlich erhielten wir eine E-Mail von Klarna, in der uns mitgeteilt wurde, dass unsere Partnerschaft mit sofortiger Wirkung beendet sei und der Service unseren Kunden nicht mehr zur Verf\u00fcgung stehe. Der Grund f\u00fcr diese Entscheidung wurde nicht genannt. Es wurde jedoch mitgeteilt, dass die Entscheidung endg\u00fcltig und nicht anfechtbar sei. Nachfrage ergab, dass Klarna keine Shops mehr akzeptiert, die CBD-Produkte verkaufen.<\/p>\n\n\n\n<p>Da wir unseren Kunden weiterhin die M\u00f6glichkeit der Zahlung per Rechnung anbieten m\u00f6chten, haben wir nach einer Alternative gesucht. Und wir haben sie gefunden!<\/p>\n\n\n\n<p>Bestandskunden k\u00f6nnen nun auch sp\u00e4ter bezahlen, indem sie \u201eAuf Rechnung\u201c als Zahlungsmethode ausw\u00e4hlen. Die Bestellung wird umgehend bearbeitet und versendet. Der Kunde hat dann 14 Tage Zeit, die Zahlung zu leisten.<br>Neukunden m\u00fcssen ihre erste Bestellung im Voraus bezahlen, Folgebestellungen k\u00f6nnen jedoch ebenfalls auf Rechnung bezahlt werden.<br>CBD Plein beh\u00e4lt sich das Recht vor, K\u00e4ufe auf Rechnung nicht immer zu akzeptieren.<\/p>\n\n\n\n<p>Wir hoffen, Ihnen damit eine gute und einfache M\u00f6glichkeit zum sp\u00e4teren Bezahlen bieten zu k\u00f6nnen.<\/p>\n","protected":false},"excerpt":{"rendered":"<p>M\u00e4rz 2026 K\u00fcrzlich erhielten wir eine E-Mail von Klarna, in der uns mitgeteilt wurde, dass unsere Partnerschaft mit sofortiger Wirkung beendet sei und der Service &#8230; <a title=\"Klarna\" class=\"read-more\" href=\"https:\/\/cbdplein.nl\/de\/klarna\/\" aria-label=\"Mehr Informationen \u00fcber Klarna\">Weiterlesen<\/a><\/p>\n","protected":false},"author":1,"featured_media":0,"parent":0,"menu_order":0,"comment_status":"closed","ping_status":"closed","template":"","meta":{"footnotes":""},"class_list":["post-16897","page","type-page","status-publish"],"yoast_head":"<!-- This site is optimized with the Yoast SEO plugin v27.4 - https:\/\/yoast.com\/product\/yoast-seo-wordpress\/ -->\n<title>Klarna &#8226; CBD Plein<\/title>\n<meta name=\"robots\" content=\"index, follow, max-snippet:-1, max-image-preview:large, max-video-preview:-1\" \/>\n<link rel=\"canonical\" href=\"https:\/\/cbdplein.nl\/de\/klarna\/\" \/>\n<meta property=\"og:locale\" content=\"de_DE\" \/>\n<meta property=\"og:type\" content=\"article\" \/>\n<meta property=\"og:title\" content=\"Klarna &#8226; CBD Plein\" \/>\n<meta property=\"og:description\" content=\"M\u00e4rz 2026 K\u00fcrzlich erhielten wir eine E-Mail von Klarna, in der uns mitgeteilt wurde, dass unsere Partnerschaft mit sofortiger Wirkung beendet sei und der Service ... Weiterlesen\" \/>\n<meta property=\"og:url\" content=\"https:\/\/cbdplein.nl\/de\/klarna\/\" \/>\n<meta property=\"og:site_name\" content=\"CBD Plein\" \/>\n<meta property=\"article:modified_time\" content=\"2026-03-10T12:00:05+00:00\" \/>\n<meta name=\"twitter:card\" content=\"summary_large_image\" \/>\n<meta name=\"twitter:label1\" content=\"Gesch\u00e4tzte Lesezeit\" \/>\n\t<meta name=\"twitter:data1\" content=\"1\u00a0Minute\" \/>\n<script type=\"application\/ld+json\" class=\"yoast-schema-graph\">{\"@context\":\"https:\\\/\\\/schema.org\",\"@graph\":[{\"@type\":\"WebPage\",\"@id\":\"https:\\\/\\\/cbdplein.nl\\\/de\\\/klarna\\\/\",\"url\":\"https:\\\/\\\/cbdplein.nl\\\/de\\\/klarna\\\/\",\"name\":\"Klarna &#8226; CBD Plein\",\"isPartOf\":{\"@id\":\"https:\\\/\\\/cbdplein.nl\\\/#website\"},\"datePublished\":\"2026-03-09T16:09:31+00:00\",\"dateModified\":\"2026-03-10T12:00:05+00:00\",\"breadcrumb\":{\"@id\":\"https:\\\/\\\/cbdplein.nl\\\/de\\\/klarna\\\/#breadcrumb\"},\"inLanguage\":\"de\",\"potentialAction\":[{\"@type\":\"ReadAction\",\"target\":[\"https:\\\/\\\/cbdplein.nl\\\/de\\\/klarna\\\/\"]}]},{\"@type\":\"BreadcrumbList\",\"@id\":\"https:\\\/\\\/cbdplein.nl\\\/de\\\/klarna\\\/#breadcrumb\",\"itemListElement\":[{\"@type\":\"ListItem\",\"position\":1,\"name\":\"Home\",\"item\":\"https:\\\/\\\/cbdplein.nl\\\/de\\\/\"},{\"@type\":\"ListItem\",\"position\":2,\"name\":\"Klarna\"}]},{\"@type\":\"WebSite\",\"@id\":\"https:\\\/\\\/cbdplein.nl\\\/#website\",\"url\":\"https:\\\/\\\/cbdplein.nl\\\/\",\"name\":\"CBD Plein\",\"description\":\"&nbsp;Vertraut seit 2016\",\"publisher\":{\"@id\":\"https:\\\/\\\/cbdplein.nl\\\/#organization\"},\"potentialAction\":[{\"@type\":\"SearchAction\",\"target\":{\"@type\":\"EntryPoint\",\"urlTemplate\":\"https:\\\/\\\/cbdplein.nl\\\/?s={search_term_string}\"},\"query-input\":{\"@type\":\"PropertyValueSpecification\",\"valueRequired\":true,\"valueName\":\"search_term_string\"}}],\"inLanguage\":\"de\"},{\"@type\":\"Organization\",\"@id\":\"https:\\\/\\\/cbdplein.nl\\\/#organization\",\"name\":\"CBD Plein\",\"url\":\"https:\\\/\\\/cbdplein.nl\\\/\",\"logo\":{\"@type\":\"ImageObject\",\"inLanguage\":\"de\",\"@id\":\"https:\\\/\\\/cbdplein.nl\\\/#\\\/schema\\\/logo\\\/image\\\/\",\"url\":\"https:\\\/\\\/cbdplein.nl\\\/wp-content\\\/uploads\\\/2021\\\/11\\\/logo-cbdplein-new.png\",\"contentUrl\":\"https:\\\/\\\/cbdplein.nl\\\/wp-content\\\/uploads\\\/2021\\\/11\\\/logo-cbdplein-new.png\",\"width\":350,\"height\":70,\"caption\":\"CBD Plein\"},\"image\":{\"@id\":\"https:\\\/\\\/cbdplein.nl\\\/#\\\/schema\\\/logo\\\/image\\\/\"}}]}<\/script>\n<!-- \/ Yoast SEO plugin. -->","yoast_head_json":{"title":"Klarna &#8226; CBD Plein","robots":{"index":"index","follow":"follow","max-snippet":"max-snippet:-1","max-image-preview":"max-image-preview:large","max-video-preview":"max-video-preview:-1"},"canonical":"https:\/\/cbdplein.nl\/de\/klarna\/","og_locale":"de_DE","og_type":"article","og_title":"Klarna &#8226; CBD Plein","og_description":"M\u00e4rz 2026 K\u00fcrzlich erhielten wir eine E-Mail von Klarna, in der uns mitgeteilt wurde, dass unsere Partnerschaft mit sofortiger Wirkung beendet sei und der Service ... Weiterlesen","og_url":"https:\/\/cbdplein.nl\/de\/klarna\/","og_site_name":"CBD Plein","article_modified_time":"2026-03-10T12:00:05+00:00","twitter_card":"summary_large_image","twitter_misc":{"Gesch\u00e4tzte Lesezeit":"1\u00a0Minute"},"schema":{"@context":"https:\/\/schema.org","@graph":[{"@type":"WebPage","@id":"https:\/\/cbdplein.nl\/de\/klarna\/","url":"https:\/\/cbdplein.nl\/de\/klarna\/","name":"Klarna &#8226; CBD Plein","isPartOf":{"@id":"https:\/\/cbdplein.nl\/#website"},"datePublished":"2026-03-09T16:09:31+00:00","dateModified":"2026-03-10T12:00:05+00:00","breadcrumb":{"@id":"https:\/\/cbdplein.nl\/de\/klarna\/#breadcrumb"},"inLanguage":"de","potentialAction":[{"@type":"ReadAction","target":["https:\/\/cbdplein.nl\/de\/klarna\/"]}]},{"@type":"BreadcrumbList","@id":"https:\/\/cbdplein.nl\/de\/klarna\/#breadcrumb","itemListElement":[{"@type":"ListItem","position":1,"name":"Home","item":"https:\/\/cbdplein.nl\/de\/"},{"@type":"ListItem","position":2,"name":"Klarna"}]},{"@type":"WebSite","@id":"https:\/\/cbdplein.nl\/#website","url":"https:\/\/cbdplein.nl\/","name":"CBD Plein","description":"&nbsp;Vertraut seit 2016","publisher":{"@id":"https:\/\/cbdplein.nl\/#organization"},"potentialAction":[{"@type":"SearchAction","target":{"@type":"EntryPoint","urlTemplate":"https:\/\/cbdplein.nl\/?s={search_term_string}"},"query-input":{"@type":"PropertyValueSpecification","valueRequired":true,"valueName":"search_term_string"}}],"inLanguage":"de"},{"@type":"Organization","@id":"https:\/\/cbdplein.nl\/#organization","name":"CBD Plein","url":"https:\/\/cbdplein.nl\/","logo":{"@type":"ImageObject","inLanguage":"de","@id":"https:\/\/cbdplein.nl\/#\/schema\/logo\/image\/","url":"https:\/\/cbdplein.nl\/wp-content\/uploads\/2021\/11\/logo-cbdplein-new.png","contentUrl":"https:\/\/cbdplein.nl\/wp-content\/uploads\/2021\/11\/logo-cbdplein-new.png","width":350,"height":70,"caption":"CBD Plein"},"image":{"@id":"https:\/\/cbdplein.nl\/#\/schema\/logo\/image\/"}}]}},"_links":{"self":[{"href":"https:\/\/cbdplein.nl\/de\/wp-json\/wp\/v2\/pages\/16897","targetHints":{"allow":["GET"]}}],"collection":[{"href":"https:\/\/cbdplein.nl\/de\/wp-json\/wp\/v2\/pages"}],"about":[{"href":"https:\/\/cbdplein.nl\/de\/wp-json\/wp\/v2\/types\/page"}],"author":[{"embeddable":true,"href":"https:\/\/cbdplein.nl\/de\/wp-json\/wp\/v2\/users\/1"}],"replies":[{"embeddable":true,"href":"https:\/\/cbdplein.nl\/de\/wp-json\/wp\/v2\/comments?post=16897"}],"version-history":[{"count":0,"href":"https:\/\/cbdplein.nl\/de\/wp-json\/wp\/v2\/pages\/16897\/revisions"}],"wp:attachment":[{"href":"https:\/\/cbdplein.nl\/de\/wp-json\/wp\/v2\/media?parent=16897"}],"curies":[{"name":"wp","href":"https:\/\/api.w.org\/{rel}","templated":true}]}}