{"id":3744,"date":"2017-08-21T23:05:16","date_gmt":"2017-08-21T21:05:16","guid":{"rendered":"https:\/\/cbdplein.nl\/privacy-policy\/"},"modified":"2026-03-05T21:43:05","modified_gmt":"2026-03-05T20:43:05","slug":"datenschutz","status":"publish","type":"page","link":"https:\/\/cbdplein.nl\/de\/datenschutz\/","title":{"rendered":"Datenschutz"},"content":{"rendered":"\n<h2 class=\"wp-block-heading\">\u00dcber unsere Datenschutzerkl\u00e4rung<\/h2>\n\n\n\n<p>Mn Media k\u00fcmmert sich sehr um Ihre Privacy. Wir verarbeiten daher nur die Daten, die wir f\u00fcr (die Verbesserung) unserer Dienste ben\u00f6tigen, und wir behandeln die Informationen, die wir \u00fcber Sie und Ihre Nutzung unserer Dienste gesammelt haben, sehr sorgf\u00e4ltig. Wir geben Ihre Daten niemals zu kommerziellen Zwecken an Dritte weiter. Diese Datenschutzerkl\u00e4rung wurde sorgf\u00e4ltig zusammengestellt und auf die Anforderungen der Datenschutz-Grundverordnung (DSGVO)\/General Data Protection Regulation (GDPR) vom 25. Mai 2018 zugeschnitten.<\/p>\n\n\n\n<p>Diese Datenschutzerkl\u00e4rung gilt f\u00fcr die Nutzung der Website und der von Mn Media bereitgestellten Dienste. Das Startdatum f\u00fcr die G\u00fcltigkeit dieser Bedingungen ist 22\/05\/2018, mit der Ver\u00f6ffentlichung einer neuen Version l\u00e4uft die G\u00fcltigkeit aller fr\u00fcheren Versionen ab. Diese Datenschutzerkl\u00e4rung beschreibt, welche Informationen von Ihnen von uns erhoben werden, wo diese Daten f\u00fcr und mit wem verwendet werden und unter welchen Bedingungen diese Daten m\u00f6glicherweise an Dritte weitergegeben werden k\u00f6nnen.<\/p>\n\n\n\n<p>Wir erkl\u00e4ren Ihnen auch, wie wir Ihre Daten speichern und wie wir Ihre Daten vor Missbrauch sch\u00fctzen und welche Rechte Sie in Bezug auf Ihre pers\u00f6nlichen Daten haben.<br>Wenn Sie Fragen zu unserer Datenschutzerkl\u00e4rung haben, kontaktieren Sie uns bitte. Die Kontaktdaten finden Sie am Ende dieser Seite.<\/p>\n\n\n\n<h2 class=\"wp-block-heading\">\u00dcber die Datenverarbeitung<\/h2>\n\n\n\n<p>Im Folgenden erfahren Sie, wie wir Ihre Daten verarbeiten, wo wir sie speichern, welche Sicherheitstechniken wir verwenden und f\u00fcr wen auf die Daten zugegriffen werden kann.<\/p>\n\n\n\n<h3 class=\"wp-block-heading\">Webshop-Software<\/h3>\n\n\n\n<h4 class=\"wp-block-heading\">WordPress<\/h4>\n\n\n\n<p>Unsere Website arbeitet mit dem Content Management System (CMS) WordPress. Die gesammelten Daten werden auf Servern unseres Hosts SiteGround gespeichert. Wir teilen keine Informationen mit WordPress.<\/p>\n\n\n\n<h4 class=\"wp-block-heading\">WooCommerce<\/h4>\n\n\n\n<p>Unser Webshop wurde mit Software von WooCommerce entwickelt. Die gesammelten Daten werden auf Servern unseres Hosts SiteGround gespeichert. Wir teilen keine Informationen mit WooCommerce.<\/p>\n\n\n\n<h3 class=\"wp-block-heading\">Web-Hosting<\/h3>\n\n\n\n<h4 class=\"wp-block-heading\">SiteGround<\/h4>\n\n\n\n<p>Wir verwenden Web-Hosting und E-Mail-Dienste von SiteGround. Bestell- und pers\u00f6nliche Daten werden auf sicheren Servern von SiteGround gespeichert.<\/p>\n\n\n\n<p>Siteground hat Zugriff auf Ihre Daten, um uns (technischen) Support zu leisten, sie werden Ihre Daten niemals f\u00fcr andere Zwecke verwenden. SiteGround ist verpflichtet, auf der Grundlage der mit uns getroffenen Vereinbarung angemessene Sicherheitsma\u00dfnahmen zu ergreifen. Diese Sicherheitsma\u00dfnahmen bestehen aus der Anwendung der SSL-Verschl\u00fcsselung und einer strengen Passwortrichtlinie. Backups werden t\u00e4glich durchgef\u00fchrt, um Datenverlust zu vermeiden.<\/p>\n\n\n\n<p>SiteGround verwaltet personenbezogene Daten in unserem Auftrag und verwendet Ihre Daten nicht f\u00fcr eigene Zwecke. Diese Partei kann jedoch Metadaten \u00fcber die Nutzung der Dienste sammeln. Dies sind keine personenbezogenen Daten. SiteGround wird aufgrund der Vertraulichkeitsvereinbarung ben\u00f6tigt.<\/p>\n\n\n\n<p>Mit SiteGround wurde eine Vereinbarung zur Auftragsdatenverarbeitung abgeschlossen.<\/p>\n\n\n\n<h3 class=\"wp-block-heading\">E-Mail und Newsletters<\/h3>\n\n\n\n<h4 class=\"gb-headline gb-headline-07cc805c gb-headline-text\">SiteGround<\/h4>\n\n\n\n<p>F\u00fcr unseren E-Mail-Verkehr nutzen wir die Dienste von Siteground. Diese Partei hat geeignete technische und organisatorische Ma\u00dfnahmen ergriffen, um Missbrauch, Verlust und Besch\u00e4digung Ihrer und unserer Daten so weit wie m\u00f6glich zu verhindern.<\/p>\n\n\n\n<p>Siteground hat keinen Zugriff auf unser Postfach und wir behandeln unseren gesamten E-Mail-Verkehr vertraulich. Die empfangenen E-Mails werden gel\u00f6scht, sobald sie als gel\u00f6st gelten.<\/p>\n\n\n\n<p>Wir versenden unsere E-Mail-Newsletter in eigener Regie. Es ist lediglich eine E-Mail-Adresse erforderlich.<br>Am Ende jedes Newsletters finden Sie einen Link zum Abmelden. Sie erhalten dann keinen Newsletter mehr und Ihre E-Mail-Adresse wird aus der Datenbank gel\u00f6scht.<\/p>\n\n\n\n<p>Mit SiteGround wurde eine Prozessorvereinbarung abgeschlossen.<\/p>\n\n\n\n<h3 class=\"wp-block-heading\">Zahlungsprozessoren<\/h3>\n\n\n\n<h4 class=\"wp-block-heading\">Cardgate und SNS Bank<\/h4>\n\n\n\n<p>Zur Abwicklung der Zahlungen in unserem Webshop verwenden wir Plattformen von Cardgate (Online-Zahlungen) und SNS Bank (manuelle \u00dcberweisungen). Cardgate und SNS Bank bearbeiten Ihren Namen, Ihre Adresse, Ihre Wohnadresse und Ihre Zahlungsdaten wie Ihr Bankkonto oder Ihre Online-Geldb\u00f6rse.<\/p>\n\n\n\n<p>Cardgate und SNS Bank haben angemessene technische und organisatorische Ma\u00dfnahmen getroffen, um Ihre pers\u00f6nlichen Daten zu sch\u00fctzen. Cardgate und SNS Bank behalten sich das Recht vor, Ihre Daten zur weiteren Verbesserung des Dienstes zu verwenden und (anonymisierte) Daten an Dritte weiterzugeben.<\/p>\n\n\n\n<p>Alle oben genannten Garantien in Bezug auf den Schutz Ihrer pers\u00f6nlichen Daten gelten auch f\u00fcr die von Cardgate und der SNS Bank erbrachten Dienstleistungen, f\u00fcr die sie Dritte betreuen. Cardgate und SNS Bank werden Ihre Daten nicht l\u00e4nger als in den gesetzlichen Fristen erlaubt aufbewahren.<\/p>\n\n\n\n<p>Mit Cardgate wurde eine\u00a0Prozessorvereinbarung abgeschlossen.<br>SNS Bank ist im Rahmen der DSGVO als unabh\u00e4ngige Controller benannt. Dies bedeutet, dass sie nicht als Verarbeiter gelten und eine Vereinbarung zwischen uns und diesen Parteien nicht notwendig ist.<\/p>\n\n\n\n<h3 class=\"wp-block-heading\">Bewertungen<\/h3>\n\n\n\n<h4 class=\"wp-block-heading\">ValuesShops<\/h4>\n\n\n\n<p>Wir sammeln Bewertungen \u00fcber die Plattform von ValuedShops. Wenn Sie eine Bewertung \u00fcber ValuedShops hinterlassen, m\u00fcssen Sie einen Namen und eine E-Mail-Adresse angeben. ValuedShops teilt diese Informationen mit uns, damit wir die Bewertung mit Ihrer Bestellung verkn\u00fcpfen k\u00f6nnen. ValuedShops ver\u00f6ffentlicht Ihren Namen auch auf Ihrer eigenen Website. In einigen F\u00e4llen kann ValuedShops Sie kontaktieren, um eine Erl\u00e4uterung Ihrer Bewertung zu erhalten.<\/p>\n\n\n\n<p>F\u00fcr den Fall, dass wir Sie einladen, eine Bewertung abzugeben, teilen wir Ihren Namen und Ihre E-Mail-Adresse mit ValuedShops. Sie verwenden diese Informationen nur zu dem Zweck, Sie einzuladen, eine Bewertung abzugeben. ValuedShops hat angemessene technische und organisatorische Ma\u00dfnahmen ergriffen, um Ihre pers\u00f6nlichen Daten zu sch\u00fctzen. ValuedShops beh\u00e4lt sich das Recht vor, Dritte f\u00fcr die Bereitstellung von Diensten zu verwenden, daf\u00fcr haben wir ValuedShops die Erlaubnis erteilt.<\/p>\n\n\n\n<p>Alle oben genannten Garantien in Bezug auf den Schutz Ihrer pers\u00f6nlichen Daten gelten auch f\u00fcr die Teile des Dienstes, f\u00fcr die sich ValuedShops an Dritte wendet.<\/p>\n\n\n\n<p>Mit ValuedShops wurde eine&nbsp;Prozessorvereinbarung abgeschlossen.<\/p>\n\n\n\n<h3 class=\"wp-block-heading\">Versand<\/h3>\n\n\n\n<h4 class=\"wp-block-heading\">MyParcel<\/h4>\n\n\n\n<p>Wenn Sie eine Bestellung bei uns aufgeben, ist es unsere Aufgabe, Ihr Paket an Sie liefern zu lassen. Wir versenden die Pakete selbst und nutzen die Dienste von MyParcel. Es ist erforderlich, dass wir Ihren Namen, Ihre Adresse, Ihren Wohnort und Ihre Kontaktdaten (Telefonnummer und E-Mail-Adresse) an MyParcel weitergeben. MyParcel verwendet diese Informationen ausschlie\u00dflich zum Zweck der Vertragsabwicklung.<\/p>\n\n\n\n<p>Mit MyParcel wurde ein Verarbeitungsvertrag abgeschlossen.<\/p>\n\n\n\n<h3 class=\"wp-block-heading\">Buchhaltung<\/h3>\n\n\n\n<h4 class=\"wp-block-heading\">e-Boekhouden<\/h4>\n\n\n\n<p>Wir nutzen die e-Boekhouden-Dienste, um unsere Aufzeichnungen und Konten auf dem neuesten Stand zu halten. Wir teilen Ihren Namen, Adresse und Wohnsitz Details und Details zu Ihrer Bestellung. Diese Daten werden f\u00fcr die Verwaltung verwendet.<\/p>\n\n\n\n<p>Ihre pers\u00f6nlichen Daten werden gesch\u00fctzt und gespeichert. e-Boekhouden ist verpflichtend und behandelt Ihre Daten vertraulich. e-Boekhouden verwendet Ihre pers\u00f6nlichen Daten nicht f\u00fcr andere als die oben beschriebenen Zwecke.<\/p>\n\n\n\n<p>Mit e-Boekhouden wurde eine&nbsp;Prozessorvereinbarung abgeschlossen.<\/p>\n\n\n\n<h2 class=\"wp-block-heading\">Zweck der Datenverarbeitung<\/h2>\n\n\n\n<h3 class=\"wp-block-heading\">Allgemeiner Zweck der Verarbeitung<\/h3>\n\n\n\n<p>Wir verwenden Ihre Daten nur f\u00fcr unsere Dienstleistungen. Dies bedeutet, dass der Zweck der Verarbeitung immer in direktem Zusammenhang mit der von Ihnen angegebenen Auftrag steht. Wir verwenden Ihre Daten nicht f\u00fcr (gezieltes) Marketing.<\/p>\n\n\n\n<p>Wenn Sie Informationen mit uns teilen und wir diese Informationen verwenden, um Sie zu einem sp\u00e4teren Zeitpunkt &#8211; anders als auf Ihre Anfrage &#8211; zu kontaktieren, werden wir Sie ausdr\u00fccklich darum bitten. Ihre Daten werden nicht an Dritte weitergegeben, au\u00dfer um logistische, buchhalterische und andere administrative Verpflichtungen zu erf\u00fcllen. Diese Dritten wurden alle auf der Grundlage der Vereinbarung zwischen ihnen und uns oder eines Eides oder einer gesetzlichen Verpflichtung vertraulich behandelt.<\/p>\n\n\n\n<h3 class=\"wp-block-heading\">Automatisch gesammelte Daten<\/h3>\n\n\n\n<p>Daten, die automatisch von unserer Website erfasst werden, werden mit dem Ziel bearbeitet, unsere Dienstleistungen weiter zu verbessern. Diese Information (zB Ihre IP-Adresse, Webbrowser und Betriebssystem) sind keine personenbezogenen Daten.<\/p>\n\n\n\n<h3 class=\"wp-block-heading\">Teilnahme an Steuer- und strafrechtlichen Ermittlungen<\/h3>\n\n\n\n<p>Gegebenenfalls kann Mn Media aufgrund einer gesetzlichen Verpflichtung verpflichtet werden, Ihre Informationen im Zusammenhang mit Steuererhebungen oder strafrechtlichen Ermittlungen zu teilen. In einem solchen Fall sind wir gezwungen, Ihre Daten zu teilen, aber wir werden dies innerhalb der M\u00f6glichkeiten, die uns das Gesetz bietet, ablehnen.<\/p>\n\n\n\n<h3 class=\"wp-block-heading\">Aufbewahrungsfristen<\/h3>\n\n\n\n<p>Wir bewahren Ihre Informationen auf, solange Sie unser Kunde sind. Das bedeutet, dass wir Ihr Kundenprofil behalten, bis Sie angeben, dass Sie unsere Dienste nicht mehr nutzen m\u00f6chten. Wenn Sie uns dies mitteilen, betrachten wir dies auch als eine Anfrage, vergessen zu werden.<\/p>\n\n\n\n<p>Auf der Grundlage der anwendbaren administrativen Verpflichtungen m\u00fcssen wir Rechnungen mit Ihren (pers\u00f6nlichen) Daten aufbewahren, so dass wir diese Daten so lange aufbewahren, wie die anwendbare Frist l\u00e4uft. Mitarbeiter haben jedoch keinen Zugriff mehr auf Ihr Kundenprofil und Dokumente, die wir im Zusammenhang mit Ihrem Auftrag erstellt haben.<\/p>\n\n\n\n<h2 class=\"wp-block-heading\">Ihre Rechte<\/h2>\n\n\n\n<p>Auf der Grundlage der geltenden europ\u00e4ischen Rechtsvorschriften haben Sie als Betroffener bestimmte Rechte in Bezug auf die von uns oder in unserem Namen verarbeiteten personenbezogenen Daten. Wir erkl\u00e4ren im Folgenden, welche Rechte dies sind und wie Sie diese Rechte geltend machen k\u00f6nnen.<\/p>\n\n\n\n<p>Um Missbrauch vorzubeugen, senden wir grunds\u00e4tzlich nur Kopien Ihrer Daten an Ihre bereits bekannte E-Mail-Adresse. F\u00fcr den Fall, dass Sie die Daten an einer anderen E-Mail-Adresse oder zum Beispiel per Post erhalten m\u00f6chten, werden wir Sie bitten, sich zu identifizieren. Wir f\u00fchren Aufzeichnungen \u00fcber abgeschlossene Anfragen, im Falle einer Anfrage vergessen zu werden, verwalten wir anonym Daten. Sie erhalten alle Kopien von Daten in dem maschinenlesbaren Datenformat, das wir in unseren Systemen verwenden.<\/p>\n\n\n\n<p>Sie haben das Recht, jederzeit eine Beschwerde bei der Datenschutzbeh\u00f6rde in Ihrem Land einzureichen, wenn Sie vermuten, dass wir Ihre pers\u00f6nlichen Daten falsch verwenden.<\/p>\n\n\n\n<h3 class=\"wp-block-heading\">Recht auf Einsichtnahme<\/h3>\n\n\n\n<p>Sie haben jederzeit das Recht auf Einsicht in die von uns verarbeiteten Daten, die sich auf Ihre Person beziehen oder die auf Sie zur\u00fcckverfolgt werden k\u00f6nnen. Sie k\u00f6nnen eine entsprechende Anfrage an uns richten. Sie erhalten innerhalb von 30 Tagen eine Antwort auf Ihre Anfrage. Wenn Ihre Anfrage genehmigt wird, senden wir Ihnen eine Kopie aller Daten mit einer \u00dcbersicht der Bearbeiter, die diese Daten haben, mit der uns bekannten E-Mail-Adresse, unter Angabe der Kategorie, unter der wir diese Daten gespeichert haben.<\/p>\n\n\n\n<h3 class=\"wp-block-heading\">Rektifikationsrecht<\/h3>\n\n\n\n<p>Sie haben jederzeit das Recht, die von uns verarbeiteten Daten, die sich auf Ihre Person beziehen oder darauf zur\u00fcckzuf\u00fchren sind, zu \u00e4ndern. Sie k\u00f6nnen eine entsprechende Anfrage an uns richten. Sie erhalten innerhalb von 30 Tagen eine Antwort auf Ihre Anfrage. Wenn Ihre Anfrage genehmigt wird, senden wir Ihnen eine Best\u00e4tigung, dass die Daten unter der uns bekannten E-Mail-Adresse ge\u00e4ndert wurden.<\/p>\n\n\n\n<h3 class=\"wp-block-heading\">Recht auf Einschr\u00e4nkung der Verarbeitung<\/h3>\n\n\n\n<p>Sie haben jederzeit das Recht, die von uns verarbeiteten Daten, die sich auf Ihre Person beziehen oder darauf zur\u00fcckzuf\u00fchren sind, einzuschr\u00e4nken. Sie k\u00f6nnen eine entsprechende Anfrage an uns richten. Sie erhalten innerhalb von 30 Tagen eine Antwort auf Ihre Anfrage. Wenn Ihre Anfrage genehmigt wird, senden wir Ihnen eine Best\u00e4tigung an die uns bekannte E-Mail-Adresse, dass die Daten bis zur Aufhebung der Einschr\u00e4nkung nicht mehr verarbeitet werden.<\/p>\n\n\n\n<h3 class=\"wp-block-heading\">\u00dcbertragbarkeit<\/h3>\n\n\n\n<p>Sie haben jederzeit das Recht, die von uns verarbeiteten Daten, die sich auf Ihre Person beziehen oder darauf zur\u00fcckzuf\u00fchren sind, von einer anderen Partei verarbeiten zu lassen. Sie k\u00f6nnen eine entsprechende Anfrage an uns richten. Sie erhalten innerhalb von 30 Tagen eine Antwort auf Ihre Anfrage. Wenn Ihre Anfrage genehmigt wird, senden wir Ihnen Kopien aller Informationen \u00fcber Sie, die wir bearbeitet haben oder die von uns von anderen Verarbeitern oder Dritten an der uns bekannten E-Mail-Adresse bearbeitet wurden. In einem solchen Fall werden wir den Dienst aller Voraussicht nach nicht mehr fortsetzen k\u00f6nnen, da dann die sichere Verbindung zu unserer Datenbank nicht mehr gew\u00e4hrleistet ist.<\/p>\n\n\n\n<h3 class=\"wp-block-heading\">Einspruchsrecht und andere Rechte<\/h3>\n\n\n\n<p>In solchen F\u00e4llen haben Sie das Recht, der Verarbeitung Ihrer personenbezogenen Daten durch oder im Auftrag von Mn Media zu widersprechen. Wenn Sie Einspruch erheben, werden wir die Verarbeitung der Daten unverz\u00fcglich einstellen, bis Ihr Widerspruch beigelegt ist. Wenn Ihr Einwand begr\u00fcndet ist, werden wir Kopien von Daten, die wir verarbeitet haben Ihnen erstellen und die Verarbeitung dann dauerhaft einstellen.<\/p>\n\n\n\n<p>Sie haben auch das Recht, dass keine automatisierte individuelle Entscheidungsfindung oder Profilierung vorzunehmen. Wir verarbeiten Ihre Daten nicht so, dass dieses Recht zutrifft. Wenn Sie der Meinung sind, dass dies der Fall ist, kontaktieren Sie uns bitte.<\/p>\n\n\n\n<h2 class=\"wp-block-heading\">Cookies<\/h2>\n\n\n\n<h4 class=\"wp-block-heading\">Google Analytics<\/h4>\n\n\n\n<p>\u00dcber unsere Website werden im Rahmen des Dienstes &#8222;Analytics&#8220; Cookies von der amerikanischen Firma Google ben\u00fctzt. Wir nutzen diesen Service, um zu verfolgen, wie Besucher die Website nutzen. Dieser Bearbeiter kann verpflichtet sein, auf der Grundlage der geltenden Gesetze und Vorschriften Zugang zu diesen Daten zu gew\u00e4hren. Wir erfassen Informationen \u00fcber Ihre Surfgewohnheiten und teilen diese Informationen mit Google.<\/p>\n\n\n\n<p>Google kann diese Informationen in Verbindung mit anderen Datens\u00e4tzen interpretieren und somit Ihre Bewegungen im Internet verfolgen. Google verwendet diese Informationen, um unter anderem gezielte Werbung (Adwords) und andere Google-Dienste und -Produkte bereitzustellen.<\/p>\n\n\n\n<p>Mit Google wurde eine&nbsp;Prozessorvereinbarung abgeschlossen.<\/p>\n\n\n\n<h3 class=\"wp-block-heading\">Woocommerce<\/h3>\n\n\n\n<p>F\u00fcr den korrekten technischen Betrieb unseres Webshops werden Cookies ben\u00fctzt. Pers\u00f6nlichen Daten werden nicht registriert.<\/p>\n\n\n\n<h2 class=\"wp-block-heading\">\u00c4nderungen der Datenschutzerkl\u00e4rung<\/h2>\n\n\n\n<p>Wir behalten uns das Recht vor, unsere Datenschutzerkl\u00e4rung jederzeit zu \u00e4ndern. Auf dieser Seite finden Sie immer die aktuellste Version. Wenn die neue Datenschutzerkl\u00e4rung die Art und Weise beeinflusst, wie wir bereits erfasste Daten verarbeiten, werden wir Sie per E-Mail benachrichtigen.<\/p>\n\n\n\n<h2 class=\"wp-block-heading\">Kontakt details<\/h2>\n\n\n\n<p>Mn Media<br>Laan van het Kinholt 611<br>7823GP Emmen<br>Die Niederlande<br>info@cbdplein.nl<\/p>\n","protected":false},"excerpt":{"rendered":"<p>\u00dcber unsere Datenschutzerkl\u00e4rung Mn Media k\u00fcmmert sich sehr um Ihre Privacy. Wir verarbeiten daher nur die Daten, die wir f\u00fcr (die Verbesserung) unserer Dienste ben\u00f6tigen, &#8230; <a title=\"Datenschutz\" class=\"read-more\" href=\"https:\/\/cbdplein.nl\/de\/datenschutz\/\" aria-label=\"Mehr Informationen \u00fcber Datenschutz\">Weiterlesen<\/a><\/p>\n","protected":false},"author":1,"featured_media":0,"parent":0,"menu_order":0,"comment_status":"closed","ping_status":"closed","template":"","meta":{"footnotes":""},"class_list":["post-3744","page","type-page","status-publish"],"yoast_head":"<!-- This site is optimized with the Yoast SEO plugin v27.4 - https:\/\/yoast.com\/product\/yoast-seo-wordpress\/ -->\n<title>Datenschutz &#8226; CBD Plein<\/title>\n<meta name=\"description\" content=\"Auf dieser Seite k\u00f6nnen Sie unsere Datenschutzerkl\u00e4rung lesen.\" \/>\n<meta name=\"robots\" content=\"index, follow, max-snippet:-1, max-image-preview:large, max-video-preview:-1\" \/>\n<link rel=\"canonical\" href=\"https:\/\/cbdplein.nl\/de\/datenschutz\/\" \/>\n<meta property=\"og:locale\" content=\"de_DE\" \/>\n<meta property=\"og:type\" content=\"article\" \/>\n<meta property=\"og:title\" content=\"Datenschutz &#8226; CBD Plein\" \/>\n<meta property=\"og:description\" content=\"Auf dieser Seite k\u00f6nnen Sie unsere Datenschutzerkl\u00e4rung lesen.\" \/>\n<meta property=\"og:url\" content=\"https:\/\/cbdplein.nl\/de\/datenschutz\/\" \/>\n<meta property=\"og:site_name\" content=\"CBD Plein\" \/>\n<meta property=\"article:modified_time\" content=\"2026-03-05T20:43:05+00:00\" \/>\n<meta name=\"twitter:card\" content=\"summary_large_image\" \/>\n<meta name=\"twitter:label1\" content=\"Gesch\u00e4tzte Lesezeit\" \/>\n\t<meta name=\"twitter:data1\" content=\"10\u00a0Minuten\" \/>\n<script type=\"application\/ld+json\" class=\"yoast-schema-graph\">{\"@context\":\"https:\\\/\\\/schema.org\",\"@graph\":[{\"@type\":\"WebPage\",\"@id\":\"https:\\\/\\\/cbdplein.nl\\\/de\\\/datenschutz\\\/\",\"url\":\"https:\\\/\\\/cbdplein.nl\\\/de\\\/datenschutz\\\/\",\"name\":\"Datenschutz &#8226; CBD Plein\",\"isPartOf\":{\"@id\":\"https:\\\/\\\/cbdplein.nl\\\/#website\"},\"datePublished\":\"2017-08-21T21:05:16+00:00\",\"dateModified\":\"2026-03-05T20:43:05+00:00\",\"description\":\"Auf dieser Seite k\u00f6nnen Sie unsere Datenschutzerkl\u00e4rung lesen.\",\"breadcrumb\":{\"@id\":\"https:\\\/\\\/cbdplein.nl\\\/de\\\/datenschutz\\\/#breadcrumb\"},\"inLanguage\":\"de\",\"potentialAction\":[{\"@type\":\"ReadAction\",\"target\":[\"https:\\\/\\\/cbdplein.nl\\\/de\\\/datenschutz\\\/\"]}]},{\"@type\":\"BreadcrumbList\",\"@id\":\"https:\\\/\\\/cbdplein.nl\\\/de\\\/datenschutz\\\/#breadcrumb\",\"itemListElement\":[{\"@type\":\"ListItem\",\"position\":1,\"name\":\"Home\",\"item\":\"https:\\\/\\\/cbdplein.nl\\\/de\\\/\"},{\"@type\":\"ListItem\",\"position\":2,\"name\":\"Datenschutz\"}]},{\"@type\":\"WebSite\",\"@id\":\"https:\\\/\\\/cbdplein.nl\\\/#website\",\"url\":\"https:\\\/\\\/cbdplein.nl\\\/\",\"name\":\"CBD Plein\",\"description\":\"&nbsp;Vertraut seit 2016\",\"publisher\":{\"@id\":\"https:\\\/\\\/cbdplein.nl\\\/#organization\"},\"potentialAction\":[{\"@type\":\"SearchAction\",\"target\":{\"@type\":\"EntryPoint\",\"urlTemplate\":\"https:\\\/\\\/cbdplein.nl\\\/?s={search_term_string}\"},\"query-input\":{\"@type\":\"PropertyValueSpecification\",\"valueRequired\":true,\"valueName\":\"search_term_string\"}}],\"inLanguage\":\"de\"},{\"@type\":\"Organization\",\"@id\":\"https:\\\/\\\/cbdplein.nl\\\/#organization\",\"name\":\"CBD Plein\",\"url\":\"https:\\\/\\\/cbdplein.nl\\\/\",\"logo\":{\"@type\":\"ImageObject\",\"inLanguage\":\"de\",\"@id\":\"https:\\\/\\\/cbdplein.nl\\\/#\\\/schema\\\/logo\\\/image\\\/\",\"url\":\"https:\\\/\\\/cbdplein.nl\\\/wp-content\\\/uploads\\\/2021\\\/11\\\/logo-cbdplein-new.png\",\"contentUrl\":\"https:\\\/\\\/cbdplein.nl\\\/wp-content\\\/uploads\\\/2021\\\/11\\\/logo-cbdplein-new.png\",\"width\":350,\"height\":70,\"caption\":\"CBD Plein\"},\"image\":{\"@id\":\"https:\\\/\\\/cbdplein.nl\\\/#\\\/schema\\\/logo\\\/image\\\/\"}}]}<\/script>\n<!-- \/ Yoast SEO plugin. -->","yoast_head_json":{"title":"Datenschutz &#8226; CBD Plein","description":"Auf dieser Seite k\u00f6nnen Sie unsere Datenschutzerkl\u00e4rung lesen.","robots":{"index":"index","follow":"follow","max-snippet":"max-snippet:-1","max-image-preview":"max-image-preview:large","max-video-preview":"max-video-preview:-1"},"canonical":"https:\/\/cbdplein.nl\/de\/datenschutz\/","og_locale":"de_DE","og_type":"article","og_title":"Datenschutz &#8226; CBD Plein","og_description":"Auf dieser Seite k\u00f6nnen Sie unsere Datenschutzerkl\u00e4rung lesen.","og_url":"https:\/\/cbdplein.nl\/de\/datenschutz\/","og_site_name":"CBD Plein","article_modified_time":"2026-03-05T20:43:05+00:00","twitter_card":"summary_large_image","twitter_misc":{"Gesch\u00e4tzte Lesezeit":"10\u00a0Minuten"},"schema":{"@context":"https:\/\/schema.org","@graph":[{"@type":"WebPage","@id":"https:\/\/cbdplein.nl\/de\/datenschutz\/","url":"https:\/\/cbdplein.nl\/de\/datenschutz\/","name":"Datenschutz &#8226; CBD Plein","isPartOf":{"@id":"https:\/\/cbdplein.nl\/#website"},"datePublished":"2017-08-21T21:05:16+00:00","dateModified":"2026-03-05T20:43:05+00:00","description":"Auf dieser Seite k\u00f6nnen Sie unsere Datenschutzerkl\u00e4rung lesen.","breadcrumb":{"@id":"https:\/\/cbdplein.nl\/de\/datenschutz\/#breadcrumb"},"inLanguage":"de","potentialAction":[{"@type":"ReadAction","target":["https:\/\/cbdplein.nl\/de\/datenschutz\/"]}]},{"@type":"BreadcrumbList","@id":"https:\/\/cbdplein.nl\/de\/datenschutz\/#breadcrumb","itemListElement":[{"@type":"ListItem","position":1,"name":"Home","item":"https:\/\/cbdplein.nl\/de\/"},{"@type":"ListItem","position":2,"name":"Datenschutz"}]},{"@type":"WebSite","@id":"https:\/\/cbdplein.nl\/#website","url":"https:\/\/cbdplein.nl\/","name":"CBD Plein","description":"&nbsp;Vertraut seit 2016","publisher":{"@id":"https:\/\/cbdplein.nl\/#organization"},"potentialAction":[{"@type":"SearchAction","target":{"@type":"EntryPoint","urlTemplate":"https:\/\/cbdplein.nl\/?s={search_term_string}"},"query-input":{"@type":"PropertyValueSpecification","valueRequired":true,"valueName":"search_term_string"}}],"inLanguage":"de"},{"@type":"Organization","@id":"https:\/\/cbdplein.nl\/#organization","name":"CBD Plein","url":"https:\/\/cbdplein.nl\/","logo":{"@type":"ImageObject","inLanguage":"de","@id":"https:\/\/cbdplein.nl\/#\/schema\/logo\/image\/","url":"https:\/\/cbdplein.nl\/wp-content\/uploads\/2021\/11\/logo-cbdplein-new.png","contentUrl":"https:\/\/cbdplein.nl\/wp-content\/uploads\/2021\/11\/logo-cbdplein-new.png","width":350,"height":70,"caption":"CBD Plein"},"image":{"@id":"https:\/\/cbdplein.nl\/#\/schema\/logo\/image\/"}}]}},"_links":{"self":[{"href":"https:\/\/cbdplein.nl\/de\/wp-json\/wp\/v2\/pages\/3744","targetHints":{"allow":["GET"]}}],"collection":[{"href":"https:\/\/cbdplein.nl\/de\/wp-json\/wp\/v2\/pages"}],"about":[{"href":"https:\/\/cbdplein.nl\/de\/wp-json\/wp\/v2\/types\/page"}],"author":[{"embeddable":true,"href":"https:\/\/cbdplein.nl\/de\/wp-json\/wp\/v2\/users\/1"}],"replies":[{"embeddable":true,"href":"https:\/\/cbdplein.nl\/de\/wp-json\/wp\/v2\/comments?post=3744"}],"version-history":[{"count":0,"href":"https:\/\/cbdplein.nl\/de\/wp-json\/wp\/v2\/pages\/3744\/revisions"}],"wp:attachment":[{"href":"https:\/\/cbdplein.nl\/de\/wp-json\/wp\/v2\/media?parent=3744"}],"curies":[{"name":"wp","href":"https:\/\/api.w.org\/{rel}","templated":true}]}}