{"id":3746,"date":"2017-08-21T23:16:32","date_gmt":"2017-08-21T21:16:32","guid":{"rendered":"https:\/\/cbdplein.nl\/?page_id=3746"},"modified":"2024-11-21T23:13:20","modified_gmt":"2024-11-21T22:13:20","slug":"haeufig-gestellte-fragen","status":"publish","type":"page","link":"https:\/\/cbdplein.nl\/de\/haeufig-gestellte-fragen\/","title":{"rendered":"H\u00e4ufig Gestellte Fragen"},"content":{"rendered":"\n<h2 class=\"wp-block-heading\">Versand<\/h2>\n\n\n\n<h4 class=\"wp-block-heading\">Lieferzeit<\/h4>\n\n\n\n<p>In der Regel werden&nbsp;Bestellungen von Montag bis Freitag bis 16:00 Uhr am selben Tag verschickt.<\/p>\n\n\n\n<h4 class=\"wp-block-heading\">Was sind die Versandkosten?<\/h4>\n\n\n\n<p>Keine! Wir liefern nur an Adressen in den Niederlanden, Belgien und Deutschland und der Versand ist immer kostenlos.<\/p>\n\n\n\n<h4 class=\"wp-block-heading\">Wie funktioniert der Versand-Prozess?<\/h4>\n\n\n\n<p>Nachdem wir Ihre Bestellung bearbeitet haben, erhalten Sie eine Benachrichtigungs E-Mail die auch&nbsp;der Rechnung und Track &amp; Trace-Code enth\u00e4lt.<br>Die Produkte sind sehr diskret verpackt. Sender ist Mn Media und es&nbsp;gibt keine Erw\u00e4hnung von CBD, CBD Plein oder cbdplein.nl.<\/p>\n\n\n\n<h4 class=\"wp-block-heading\">Wie kann ich bezahlen?<\/h4>\n\n\n\n<p>Wir unterst\u00fctzen mehrere Zahlungsmethoden, wie Sofort und Kauf auf Rechnung. Lesen Sie <a href=\"https:\/\/cbdplein.nl\/de\/zahlungsarten\/\">hier<\/a> mehr dar\u00fcber.<\/p>\n\n\n\n<h4 class=\"wp-block-heading\">Kann ich Rabatt bekommen?<\/h4>\n\n\n\n<p>Sicherlich! Registrierte Kunden erhalten automatisch einen Rabatt auf jede Bestellung. Dar\u00fcber hinaus gew\u00e4hren wir allen Kunden Rabatte beim Kauf mehrerer gleicher Produkte. Alles dar\u00fcber k\u00f6nnen Sie auf <a href=\"https:\/\/cbdplein.nl\/de\/unsere-rabatte\/\">dieser Seite<\/a> lesen.<\/p>\n\n\n\n<h4 class=\"wp-block-heading\">Kann ich einen Auftrag zur\u00fcckziehen?<\/h4>\n\n\n\n<p>Ja. Sie haben das Recht, innerhalb von 14 Tagen, ohne Angabe von Gr\u00fcnden, vom Vertrag zur\u00fcck zu treten. Lesen Sie mehr auf der <a href=\"https:\/\/cbdplein.nl\/de\/versand-und-retoure\/\">Lieferung und Retoure<\/a> Seite.<\/p>\n\n\n\n<h4 class=\"wp-block-heading\">Das Produkt war besch\u00e4digt als ich es erhielt. Was jetzt?<\/h4>\n\n\n\n<p>In einem solchen Fall kontaktieren Sie uns bitte sofort. Wir k\u00f6nnen dann einen Ersatz oder eine R\u00fcckerstattung anordnen. Wenn wir Sie bitten die besch\u00e4digte Ware zur\u00fcck zu senden, werden wir Ihnen Anweisungen zum Versand senden und wir werden die Versandkosten tragen.<\/p>\n\n\n\n<h4 class=\"wp-block-heading\">Wie reiche ich eine Beschwerde ein?<\/h4>\n\n\n\n<p>Leider l\u00e4uft manchmal nicht alles wie geplant. Wenn Sie eine Beschwerde \u00fcber unsere Dienstleistung oder Produkte haben, k\u00f6nnen Sie auf <a href=\"https:\/\/cbdplein.nl\/de\/beschwerden\/\">dieser Seite<\/a> lesen, was zu tun ist.<\/p>\n\n\n\n<h2 class=\"wp-block-heading\">CBD<\/h2>\n\n\n\n<h4 class=\"wp-block-heading\">Was ist CBD eigentlich?<\/h4>\n\n\n\n<p>CBD steht f\u00fcr Cannabidiol, einer der mehr als 100 identifizierte Cannabinoide (Wirkstoffe), die in Hanf vorhanden sind.<\/p>\n\n\n\n<h4 class=\"wp-block-heading\">Was ist CBD \u00d6l?<\/h4>\n\n\n\n<p><span class=\"_Tgc\">CBD \u00d6l ist ein v\u00f6llig botanisches Naturprodukt, das aus den Bl\u00e4ttern und Knospen der Hanfpflanze extrahiert wird. CBD \u00d6l hat keine bekannten Nebenwirkungen, macht nicht s\u00fcchtig und es erzeugt kein Rausch oder High.<\/span><\/p>\n\n\n\n<h4 class=\"wp-block-heading\">Ist CBD legal?<\/h4>\n\n\n\n<p>Ja! <span class=\"JLqJ4b ChMk0b\" data-language-for-alternatives=\"de\" data-language-to-translate-into=\"nl\" data-phrase-index=\"1\">Obwohl der Status lange Zeit unklar war, entschied das oberste Gericht des Europ\u00e4ischen Gerichtshofs im November 2020, dass CBD kein Bet\u00e4ubungsmittel ist und daher frei hergestellt, verkauft und verwendet werden kann. Mehr \u00fcber diese Aussage k\u00f6nnen Sie <a href=\"https:\/\/cbdplein.nl\/de\/cbd-vom-hochsten-eu-gericht-fur-legal-erklart\/\">hier<\/a> lesen.<\/span><\/p>\n\n\n\n<h4 class=\"wp-block-heading\">Was ist THC \u00d6l?<\/h4>\n\n\n\n<p>THC \u00d6l ist auch als Rick Simpson \u00d6l bekannt. Dieses \u00d6l enth\u00e4lt viel mehr THC und ist daher illegal. Man kann von diesem Produkt ein Rausch oder High bekommen. Wir verkaufen kein THC \u00d6l.<\/p>\n\n\n\n<h4 class=\"wp-block-heading\">Was ist Hanf\u00f6l?<\/h4>\n\n\n\n<p>Hanf\u00f6l oder Hanfsamen\u00f6l wird erzeugt von gesch\u00e4lten und kaltgepresste Hanfsamen. Das \u00d6l kann in kalten Speisen verwendet werden, wie Salate und Smoothies. Das \u00d6l enth\u00e4lt viele essentielle Fetts\u00e4uren wie: Omega 3, 6 und 9 und GLA. Hanf\u00f6l ist lecker und sehr gesund.<\/p>\n\n\n\n<h4 class=\"wp-block-heading\">Kann jeder CBD verwenden?<\/h4>\n\n\n\n<p>Ja, aber w\u00e4hrend Schwangerschaft oder Stillzeit ist es ratsam, diese Produkte nicht zu verwenden. Es gibt n\u00e4hmlich kaum Studien \u00fcber die Auswirkungen und Sicherheit in diese Situationen.<\/p>\n\n\n\n<h4 class=\"wp-block-heading\">Wof\u00fcr kann ich CBD verwenden?<\/h4>\n\n\n\n<p>Leider ist es uns nicht erlaubt diese Frage zu beantworten.<br>CBD wird als Nahrungserg\u00e4nzungsmittel bezeichnet. Nach EU-Recht d\u00fcrfen solche Produkte nicht so gekennzeichnet, pr\u00e4sentiert oder beworben werden, als k\u00f6nnten sie eine Krankheit verhindern, behandeln oder heilen. Ziel ist es, die Verbraucher vor m\u00f6glichen Gesundheitsrisiken zu sch\u00fctzen und sicherzustellen, dass Nahrungserg\u00e4nzungsmittel keine irref\u00fchrenden Informationen enthalten.<br>Wir empfehlen Ihnen daher, im Internet danach zu suchen. Viele Informationen sind dort verf\u00fcgbar. Wenn Sie Fragen haben, k\u00f6nnen Sie uns auch jederzeit <a href=\"https:\/\/cbdplein.nl\/de\/kontakt\/\">kontaktieren<\/a>. Wir helfen Ihnen gerne!<\/p>\n\n\n\n<h4 class=\"wp-block-heading\">Profitiert jeder CBD von CBD?<\/h4>\n\n\n\n<p>Leider nicht. CBD ist kein Medikament, sondern ein Nahrungserg\u00e4nzungsmittel. Es ist ein Naturprodukt und die Wirkung kann daher (stark) pro Person variieren.<\/p>\n\n\n\n<h4 class=\"wp-block-heading\">Kann ich CBD in Kombination mit meiner Medikation anwenden?<\/h4>\n\n\n\n<p>Bislang ist noch wenig dar\u00fcber geforscht worden, aber in einigen F\u00e4llen muss man mit der gleichzeitigen Anwendung von CBD vorsichtig sein. Auf <a href=\"https:\/\/cbdplein.nl\/de\/cbd-und-medikamenten\/\">dieser Seite<\/a> k\u00f6nnen Sie mehr dar\u00fcber lesen.<\/p>\n\n\n\n<h4 class=\"wp-block-heading\">Warum ist CBD so teuer?<\/h4>\n\n\n\n<p>Dies ist vor allem wegen des teueren und arbeitsintensiven Produktionsprozesses. Einige Kostenbeschaffende Aspekte sind:<\/p>\n\n\n\n<ul class=\"wp-block-list\">\n<li>Die Hanfpflanzen werden v\u00f6llig organisch angebaut<\/li>\n\n\n\n<li>Spezielle Maschinen sind ben\u00f6tigd um zu ernten<\/li>\n\n\n\n<li>Nur die Topfen und Blumen der Pflanze enthalten die ben\u00f6tigten Rohstoffe<\/li>\n\n\n\n<li>Die Produktion erfordert spezielle Laborger\u00e4te<\/li>\n\n\n\n<li>Eine gro\u00dfe Menge an Rohstoffen ist ben\u00f6tigt, um eine kleine Menge CBD zu produzieren<\/li>\n<\/ul>\n\n\n\n<h4 class=\"wp-block-heading\">Wo finde ich weitere Informationen \u00fcber CBD?<\/h4>\n\n\n\n<p>Weitere Informationen finden Sie auf <a href=\"https:\/\/cbdplein.nl\/de\/cbd-oel-kaufen-holland\/\">dieser Seite<\/a>.<\/p>\n\n\n\n<h2 class=\"wp-block-heading\">Verwendung<\/h2>\n\n\n\n<h4 class=\"wp-block-heading\">Was ist die beste Dosierung?<\/h4>\n\n\n\n<p>Dies unterscheidet sich pro Person. Im Allgemeinen ist es ratsam mit 1 oder 2 Tropfen zweimal pro Tag anzufangen. Lesen Sie mehr auf <a href=\"https:\/\/cbdplein.nl\/de\/cbd-oel-kaufen-holland\/\">dieser Seite<\/a>.<\/p>\n\n\n\n<h4 class=\"wp-block-heading\">Wie soll ich CBD \u00d6l gebrauchen?<\/h4>\n\n\n\n<p>Sch\u00fctteln Sie die Flasche vor dem Gebrauch und tropfe das \u00d6l unter die Zunge. Es ist praktisch dies vor einem Spiegel zu tun, dann k\u00f6nnen Sie sehen wie viele Tropfen eingenommen werden.<\/p>\n\n\n\n<h4 class=\"wp-block-heading\">Gibt es Nebenwirkungen?<\/h4>\n\n\n\n<p>Nein, bei normal Gebrauch gibt es keine Nebenwirkungen.<\/p>\n\n\n\n<h4 class=\"wp-block-heading\">Wie lange ist CBD \u00d6l haltbar?<\/h4>\n\n\n\n<p>CBD \u00d6l hat eine minimale Aufbewahrungszeit von zwei Jahre. Jedes Produkt hat ein Ablaufdatum auf dem Etikett gedruckt. Lagern Sie CBD \u00d6l in einem dunklen Platz.<\/p>\n\n\n\n<h4 class=\"wp-block-heading\">Warum leckt meine Flasche?<\/h4>\n\n\n\n<p>Pipetteflaschen k\u00f6nnen lecken wenn sich \u00d6l auf dem Engpass befindet, also halte diesem Bereich immer sauber und trocken. Ziehen Sie die Kappe gut fest nach Gebrauch.<\/p>\n\n\n<div class=\"wp-block-image\">\n<figure class=\"aligncenter\"><a href=\"https:\/\/cbdplein.nl\/de\/produkt-kategorie\/cbd-de\/\"><img loading=\"lazy\" decoding=\"async\" width=\"728\" height=\"90\" src=\"https:\/\/cbdplein.nl\/wp-content\/uploads\/2018\/08\/cbdplein-de-728x90-1.jpg\" alt=\"cbdplein.nl\" class=\"wp-image-11456\" srcset=\"https:\/\/cbdplein.nl\/wp-content\/uploads\/2018\/08\/cbdplein-de-728x90-1.jpg 728w, https:\/\/cbdplein.nl\/wp-content\/uploads\/2018\/08\/cbdplein-de-728x90-1-600x74.jpg 600w, https:\/\/cbdplein.nl\/wp-content\/uploads\/2018\/08\/cbdplein-de-728x90-1-300x37.jpg 300w\" sizes=\"auto, (max-width: 728px) 100vw, 728px\" \/><\/a><\/figure>\n<\/div>","protected":false},"excerpt":{"rendered":"<p>Versand Lieferzeit In der Regel werden&nbsp;Bestellungen von Montag bis Freitag bis 16:00 Uhr am selben Tag verschickt. Was sind die Versandkosten? Keine! Wir liefern nur &#8230; <a title=\"H\u00e4ufig Gestellte Fragen\" class=\"read-more\" href=\"https:\/\/cbdplein.nl\/de\/haeufig-gestellte-fragen\/\" aria-label=\"Mehr Informationen \u00fcber H\u00e4ufig Gestellte Fragen\">Weiterlesen<\/a><\/p>\n","protected":false},"author":1,"featured_media":0,"parent":0,"menu_order":0,"comment_status":"closed","ping_status":"closed","template":"","meta":{"footnotes":""},"class_list":["post-3746","page","type-page","status-publish"],"yoast_head":"<!-- This site is optimized with the Yoast SEO plugin v27.4 - https:\/\/yoast.com\/product\/yoast-seo-wordpress\/ -->\n<title>H\u00e4ufig Gestellte Fragen &#8226; CBD Plein<\/title>\n<meta name=\"description\" content=\"Hier finden Sie ein \u00dcbersicht von h\u00e4ufig gestellte Fragen angehend unsere Zahlung, Versand und CBD Produkte.\" \/>\n<meta name=\"robots\" content=\"index, follow, max-snippet:-1, max-image-preview:large, max-video-preview:-1\" \/>\n<link rel=\"canonical\" href=\"https:\/\/cbdplein.nl\/de\/haeufig-gestellte-fragen\/\" \/>\n<meta property=\"og:locale\" content=\"de_DE\" \/>\n<meta property=\"og:type\" content=\"article\" \/>\n<meta property=\"og:title\" content=\"H\u00e4ufig Gestellte Fragen &#8226; CBD Plein\" \/>\n<meta property=\"og:description\" content=\"Hier finden Sie ein \u00dcbersicht von h\u00e4ufig gestellte Fragen angehend unsere Zahlung, Versand und CBD Produkte.\" \/>\n<meta property=\"og:url\" content=\"https:\/\/cbdplein.nl\/de\/haeufig-gestellte-fragen\/\" \/>\n<meta property=\"og:site_name\" content=\"CBD Plein\" \/>\n<meta property=\"article:modified_time\" content=\"2024-11-21T22:13:20+00:00\" \/>\n<meta property=\"og:image\" content=\"https:\/\/cbdplein.nl\/wp-content\/uploads\/2018\/08\/cbdplein-de-728x90-1.jpg\" \/>\n\t<meta property=\"og:image:width\" content=\"728\" \/>\n\t<meta property=\"og:image:height\" content=\"90\" \/>\n\t<meta property=\"og:image:type\" content=\"image\/jpeg\" \/>\n<meta name=\"twitter:card\" content=\"summary_large_image\" \/>\n<meta name=\"twitter:label1\" content=\"Gesch\u00e4tzte Lesezeit\" \/>\n\t<meta name=\"twitter:data1\" content=\"5\u00a0Minuten\" \/>\n<script type=\"application\/ld+json\" class=\"yoast-schema-graph\">{\"@context\":\"https:\\\/\\\/schema.org\",\"@graph\":[{\"@type\":\"WebPage\",\"@id\":\"https:\\\/\\\/cbdplein.nl\\\/de\\\/haeufig-gestellte-fragen\\\/\",\"url\":\"https:\\\/\\\/cbdplein.nl\\\/de\\\/haeufig-gestellte-fragen\\\/\",\"name\":\"H\u00e4ufig Gestellte Fragen &#8226; CBD Plein\",\"isPartOf\":{\"@id\":\"https:\\\/\\\/cbdplein.nl\\\/#website\"},\"primaryImageOfPage\":{\"@id\":\"https:\\\/\\\/cbdplein.nl\\\/de\\\/haeufig-gestellte-fragen\\\/#primaryimage\"},\"image\":{\"@id\":\"https:\\\/\\\/cbdplein.nl\\\/de\\\/haeufig-gestellte-fragen\\\/#primaryimage\"},\"thumbnailUrl\":\"https:\\\/\\\/cbdplein.nl\\\/wp-content\\\/uploads\\\/2018\\\/08\\\/cbdplein-de-728x90-1.jpg\",\"datePublished\":\"2017-08-21T21:16:32+00:00\",\"dateModified\":\"2024-11-21T22:13:20+00:00\",\"description\":\"Hier finden Sie ein \u00dcbersicht von h\u00e4ufig gestellte Fragen angehend unsere Zahlung, Versand und CBD Produkte.\",\"breadcrumb\":{\"@id\":\"https:\\\/\\\/cbdplein.nl\\\/de\\\/haeufig-gestellte-fragen\\\/#breadcrumb\"},\"inLanguage\":\"de\",\"potentialAction\":[{\"@type\":\"ReadAction\",\"target\":[\"https:\\\/\\\/cbdplein.nl\\\/de\\\/haeufig-gestellte-fragen\\\/\"]}]},{\"@type\":\"ImageObject\",\"inLanguage\":\"de\",\"@id\":\"https:\\\/\\\/cbdplein.nl\\\/de\\\/haeufig-gestellte-fragen\\\/#primaryimage\",\"url\":\"https:\\\/\\\/cbdplein.nl\\\/wp-content\\\/uploads\\\/2018\\\/08\\\/cbdplein-de-728x90-1.jpg\",\"contentUrl\":\"https:\\\/\\\/cbdplein.nl\\\/wp-content\\\/uploads\\\/2018\\\/08\\\/cbdplein-de-728x90-1.jpg\"},{\"@type\":\"BreadcrumbList\",\"@id\":\"https:\\\/\\\/cbdplein.nl\\\/de\\\/haeufig-gestellte-fragen\\\/#breadcrumb\",\"itemListElement\":[{\"@type\":\"ListItem\",\"position\":1,\"name\":\"Home\",\"item\":\"https:\\\/\\\/cbdplein.nl\\\/de\\\/\"},{\"@type\":\"ListItem\",\"position\":2,\"name\":\"H\u00e4ufig Gestellte Fragen\"}]},{\"@type\":\"WebSite\",\"@id\":\"https:\\\/\\\/cbdplein.nl\\\/#website\",\"url\":\"https:\\\/\\\/cbdplein.nl\\\/\",\"name\":\"CBD Plein\",\"description\":\"&nbsp;Vertraut seit 2016\",\"publisher\":{\"@id\":\"https:\\\/\\\/cbdplein.nl\\\/#organization\"},\"potentialAction\":[{\"@type\":\"SearchAction\",\"target\":{\"@type\":\"EntryPoint\",\"urlTemplate\":\"https:\\\/\\\/cbdplein.nl\\\/?s={search_term_string}\"},\"query-input\":{\"@type\":\"PropertyValueSpecification\",\"valueRequired\":true,\"valueName\":\"search_term_string\"}}],\"inLanguage\":\"de\"},{\"@type\":\"Organization\",\"@id\":\"https:\\\/\\\/cbdplein.nl\\\/#organization\",\"name\":\"CBD Plein\",\"url\":\"https:\\\/\\\/cbdplein.nl\\\/\",\"logo\":{\"@type\":\"ImageObject\",\"inLanguage\":\"de\",\"@id\":\"https:\\\/\\\/cbdplein.nl\\\/#\\\/schema\\\/logo\\\/image\\\/\",\"url\":\"https:\\\/\\\/cbdplein.nl\\\/wp-content\\\/uploads\\\/2021\\\/11\\\/logo-cbdplein-new.png\",\"contentUrl\":\"https:\\\/\\\/cbdplein.nl\\\/wp-content\\\/uploads\\\/2021\\\/11\\\/logo-cbdplein-new.png\",\"width\":350,\"height\":70,\"caption\":\"CBD Plein\"},\"image\":{\"@id\":\"https:\\\/\\\/cbdplein.nl\\\/#\\\/schema\\\/logo\\\/image\\\/\"}}]}<\/script>\n<!-- \/ Yoast SEO plugin. -->","yoast_head_json":{"title":"H\u00e4ufig Gestellte Fragen &#8226; CBD Plein","description":"Hier finden Sie ein \u00dcbersicht von h\u00e4ufig gestellte Fragen angehend unsere Zahlung, Versand und CBD Produkte.","robots":{"index":"index","follow":"follow","max-snippet":"max-snippet:-1","max-image-preview":"max-image-preview:large","max-video-preview":"max-video-preview:-1"},"canonical":"https:\/\/cbdplein.nl\/de\/haeufig-gestellte-fragen\/","og_locale":"de_DE","og_type":"article","og_title":"H\u00e4ufig Gestellte Fragen &#8226; CBD Plein","og_description":"Hier finden Sie ein \u00dcbersicht von h\u00e4ufig gestellte Fragen angehend unsere Zahlung, Versand und CBD Produkte.","og_url":"https:\/\/cbdplein.nl\/de\/haeufig-gestellte-fragen\/","og_site_name":"CBD Plein","article_modified_time":"2024-11-21T22:13:20+00:00","og_image":[{"width":728,"height":90,"url":"https:\/\/cbdplein.nl\/wp-content\/uploads\/2018\/08\/cbdplein-de-728x90-1.jpg","type":"image\/jpeg"}],"twitter_card":"summary_large_image","twitter_misc":{"Gesch\u00e4tzte Lesezeit":"5\u00a0Minuten"},"schema":{"@context":"https:\/\/schema.org","@graph":[{"@type":"WebPage","@id":"https:\/\/cbdplein.nl\/de\/haeufig-gestellte-fragen\/","url":"https:\/\/cbdplein.nl\/de\/haeufig-gestellte-fragen\/","name":"H\u00e4ufig Gestellte Fragen &#8226; CBD Plein","isPartOf":{"@id":"https:\/\/cbdplein.nl\/#website"},"primaryImageOfPage":{"@id":"https:\/\/cbdplein.nl\/de\/haeufig-gestellte-fragen\/#primaryimage"},"image":{"@id":"https:\/\/cbdplein.nl\/de\/haeufig-gestellte-fragen\/#primaryimage"},"thumbnailUrl":"https:\/\/cbdplein.nl\/wp-content\/uploads\/2018\/08\/cbdplein-de-728x90-1.jpg","datePublished":"2017-08-21T21:16:32+00:00","dateModified":"2024-11-21T22:13:20+00:00","description":"Hier finden Sie ein \u00dcbersicht von h\u00e4ufig gestellte Fragen angehend unsere Zahlung, Versand und CBD Produkte.","breadcrumb":{"@id":"https:\/\/cbdplein.nl\/de\/haeufig-gestellte-fragen\/#breadcrumb"},"inLanguage":"de","potentialAction":[{"@type":"ReadAction","target":["https:\/\/cbdplein.nl\/de\/haeufig-gestellte-fragen\/"]}]},{"@type":"ImageObject","inLanguage":"de","@id":"https:\/\/cbdplein.nl\/de\/haeufig-gestellte-fragen\/#primaryimage","url":"https:\/\/cbdplein.nl\/wp-content\/uploads\/2018\/08\/cbdplein-de-728x90-1.jpg","contentUrl":"https:\/\/cbdplein.nl\/wp-content\/uploads\/2018\/08\/cbdplein-de-728x90-1.jpg"},{"@type":"BreadcrumbList","@id":"https:\/\/cbdplein.nl\/de\/haeufig-gestellte-fragen\/#breadcrumb","itemListElement":[{"@type":"ListItem","position":1,"name":"Home","item":"https:\/\/cbdplein.nl\/de\/"},{"@type":"ListItem","position":2,"name":"H\u00e4ufig Gestellte Fragen"}]},{"@type":"WebSite","@id":"https:\/\/cbdplein.nl\/#website","url":"https:\/\/cbdplein.nl\/","name":"CBD Plein","description":"&nbsp;Vertraut seit 2016","publisher":{"@id":"https:\/\/cbdplein.nl\/#organization"},"potentialAction":[{"@type":"SearchAction","target":{"@type":"EntryPoint","urlTemplate":"https:\/\/cbdplein.nl\/?s={search_term_string}"},"query-input":{"@type":"PropertyValueSpecification","valueRequired":true,"valueName":"search_term_string"}}],"inLanguage":"de"},{"@type":"Organization","@id":"https:\/\/cbdplein.nl\/#organization","name":"CBD Plein","url":"https:\/\/cbdplein.nl\/","logo":{"@type":"ImageObject","inLanguage":"de","@id":"https:\/\/cbdplein.nl\/#\/schema\/logo\/image\/","url":"https:\/\/cbdplein.nl\/wp-content\/uploads\/2021\/11\/logo-cbdplein-new.png","contentUrl":"https:\/\/cbdplein.nl\/wp-content\/uploads\/2021\/11\/logo-cbdplein-new.png","width":350,"height":70,"caption":"CBD Plein"},"image":{"@id":"https:\/\/cbdplein.nl\/#\/schema\/logo\/image\/"}}]}},"_links":{"self":[{"href":"https:\/\/cbdplein.nl\/de\/wp-json\/wp\/v2\/pages\/3746","targetHints":{"allow":["GET"]}}],"collection":[{"href":"https:\/\/cbdplein.nl\/de\/wp-json\/wp\/v2\/pages"}],"about":[{"href":"https:\/\/cbdplein.nl\/de\/wp-json\/wp\/v2\/types\/page"}],"author":[{"embeddable":true,"href":"https:\/\/cbdplein.nl\/de\/wp-json\/wp\/v2\/users\/1"}],"replies":[{"embeddable":true,"href":"https:\/\/cbdplein.nl\/de\/wp-json\/wp\/v2\/comments?post=3746"}],"version-history":[{"count":0,"href":"https:\/\/cbdplein.nl\/de\/wp-json\/wp\/v2\/pages\/3746\/revisions"}],"wp:attachment":[{"href":"https:\/\/cbdplein.nl\/de\/wp-json\/wp\/v2\/media?parent=3746"}],"curies":[{"name":"wp","href":"https:\/\/api.w.org\/{rel}","templated":true}]}}