{"id":3751,"date":"2017-08-21T23:23:31","date_gmt":"2017-08-21T21:23:31","guid":{"rendered":"https:\/\/cbdplein.nl\/loyalty-program\/"},"modified":"2024-11-22T17:57:40","modified_gmt":"2024-11-22T16:57:40","slug":"unsere-rabatte","status":"publish","type":"page","link":"https:\/\/cbdplein.nl\/de\/unsere-rabatte\/","title":{"rendered":"Unsere Rabatte"},"content":{"rendered":"\n<h2 class=\"wp-block-heading\">10 % Rabatt f\u00fcr registrierte Kunden auf jede Bestellung<\/h2>\n\n\n\n<p>Wir sch\u00e4tzen das Vertrauen unserer Kunden und deshalb erhalten registrierte Kunden 10 % Rabatt auf jede Bestellung. Der Rabatt wird automatisch angewendet und ist sofort sichtbar, wenn Sie eingeloggt sind. Noch kein Konto? Das k\u00f6nnen Sie einfach auf <a href=\"https:\/\/cbdplein.nl\/de\/mein-konto-2\/\">dieser Seite<\/a> erstellen.<br><br>Das Sparprogramm CBD Punkte wurde eingestellt und es werden daher keine neuen Sparpunkte mehr ausgegeben.<br>Haben Sie noch Sparpunkte auf Ihrem Konto? Kein Problem! Diese bleiben bis Mitte 2025 g\u00fcltig. Wenn Sie eingeloggt sind und eine Bestellung aufgeben, werden Sie auf der Warenkorbseite gefragt, ob Sie Ihre Punkte einl\u00f6sen m\u00f6chten. Zusammen mit dem neuen Standardrabatt profitieren Sie also doppelt!<\/p>\n\n\n\n<h2 class=\"wp-block-heading\">5 bis 10 % Rabatt beim Kauf mehrerer gleichen Produkte<\/h2>\n\n\n\n<p>Beim Kauf von 2 gleichen Produkten erhalten Sie 5 % Rabatt und bei 3 oder mehr gleichen Produkten sogar 10 % Rabatt. Dieser Rabatt wird automatisch angewendet und gilt f\u00fcr alle Kunden. Sie m\u00fcssen also nicht angemeldet sein.<\/p>\n","protected":false},"excerpt":{"rendered":"<p>10 % Rabatt f\u00fcr registrierte Kunden auf jede Bestellung Wir sch\u00e4tzen das Vertrauen unserer Kunden und deshalb erhalten registrierte Kunden 10 % Rabatt auf jede &#8230; <a title=\"Unsere Rabatte\" class=\"read-more\" href=\"https:\/\/cbdplein.nl\/de\/unsere-rabatte\/\" aria-label=\"Mehr Informationen \u00fcber Unsere Rabatte\">Weiterlesen<\/a><\/p>\n","protected":false},"author":1,"featured_media":0,"parent":0,"menu_order":0,"comment_status":"closed","ping_status":"closed","template":"","meta":{"footnotes":""},"class_list":["post-3751","page","type-page","status-publish"],"yoast_head":"<!-- This site is optimized with the Yoast SEO plugin v27.4 - https:\/\/yoast.com\/product\/yoast-seo-wordpress\/ -->\n<title>Unsere Rabatte &#8226; CBD Plein<\/title>\n<meta name=\"description\" content=\"Wir sch\u00e4tzen unsere Kunden und bieten deshalb tolle Rabatte an. Alles dar\u00fcber k\u00f6nnen Sie auf dieser Seite lesen.\" \/>\n<meta name=\"robots\" content=\"index, follow, max-snippet:-1, max-image-preview:large, max-video-preview:-1\" \/>\n<link rel=\"canonical\" href=\"https:\/\/cbdplein.nl\/de\/unsere-rabatte\/\" \/>\n<meta property=\"og:locale\" content=\"de_DE\" \/>\n<meta property=\"og:type\" content=\"article\" \/>\n<meta property=\"og:title\" content=\"Unsere Rabatte &#8226; CBD Plein\" \/>\n<meta property=\"og:description\" content=\"Wir sch\u00e4tzen unsere Kunden und bieten deshalb tolle Rabatte an. Alles dar\u00fcber k\u00f6nnen Sie auf dieser Seite lesen.\" \/>\n<meta property=\"og:url\" content=\"https:\/\/cbdplein.nl\/de\/unsere-rabatte\/\" \/>\n<meta property=\"og:site_name\" content=\"CBD Plein\" \/>\n<meta property=\"article:modified_time\" content=\"2024-11-22T16:57:40+00:00\" \/>\n<meta name=\"twitter:card\" content=\"summary_large_image\" \/>\n<meta name=\"twitter:label1\" content=\"Gesch\u00e4tzte Lesezeit\" \/>\n\t<meta name=\"twitter:data1\" content=\"1\u00a0Minute\" \/>\n<script type=\"application\/ld+json\" class=\"yoast-schema-graph\">{\"@context\":\"https:\\\/\\\/schema.org\",\"@graph\":[{\"@type\":\"WebPage\",\"@id\":\"https:\\\/\\\/cbdplein.nl\\\/de\\\/unsere-rabatte\\\/\",\"url\":\"https:\\\/\\\/cbdplein.nl\\\/de\\\/unsere-rabatte\\\/\",\"name\":\"Unsere Rabatte &#8226; CBD Plein\",\"isPartOf\":{\"@id\":\"https:\\\/\\\/cbdplein.nl\\\/#website\"},\"datePublished\":\"2017-08-21T21:23:31+00:00\",\"dateModified\":\"2024-11-22T16:57:40+00:00\",\"description\":\"Wir sch\u00e4tzen unsere Kunden und bieten deshalb tolle Rabatte an. Alles dar\u00fcber k\u00f6nnen Sie auf dieser Seite lesen.\",\"breadcrumb\":{\"@id\":\"https:\\\/\\\/cbdplein.nl\\\/de\\\/unsere-rabatte\\\/#breadcrumb\"},\"inLanguage\":\"de\",\"potentialAction\":[{\"@type\":\"ReadAction\",\"target\":[\"https:\\\/\\\/cbdplein.nl\\\/de\\\/unsere-rabatte\\\/\"]}]},{\"@type\":\"BreadcrumbList\",\"@id\":\"https:\\\/\\\/cbdplein.nl\\\/de\\\/unsere-rabatte\\\/#breadcrumb\",\"itemListElement\":[{\"@type\":\"ListItem\",\"position\":1,\"name\":\"Home\",\"item\":\"https:\\\/\\\/cbdplein.nl\\\/de\\\/\"},{\"@type\":\"ListItem\",\"position\":2,\"name\":\"Unsere Rabatte\"}]},{\"@type\":\"WebSite\",\"@id\":\"https:\\\/\\\/cbdplein.nl\\\/#website\",\"url\":\"https:\\\/\\\/cbdplein.nl\\\/\",\"name\":\"CBD Plein\",\"description\":\"&nbsp;Vertraut seit 2016\",\"publisher\":{\"@id\":\"https:\\\/\\\/cbdplein.nl\\\/#organization\"},\"potentialAction\":[{\"@type\":\"SearchAction\",\"target\":{\"@type\":\"EntryPoint\",\"urlTemplate\":\"https:\\\/\\\/cbdplein.nl\\\/?s={search_term_string}\"},\"query-input\":{\"@type\":\"PropertyValueSpecification\",\"valueRequired\":true,\"valueName\":\"search_term_string\"}}],\"inLanguage\":\"de\"},{\"@type\":\"Organization\",\"@id\":\"https:\\\/\\\/cbdplein.nl\\\/#organization\",\"name\":\"CBD Plein\",\"url\":\"https:\\\/\\\/cbdplein.nl\\\/\",\"logo\":{\"@type\":\"ImageObject\",\"inLanguage\":\"de\",\"@id\":\"https:\\\/\\\/cbdplein.nl\\\/#\\\/schema\\\/logo\\\/image\\\/\",\"url\":\"https:\\\/\\\/cbdplein.nl\\\/wp-content\\\/uploads\\\/2021\\\/11\\\/logo-cbdplein-new.png\",\"contentUrl\":\"https:\\\/\\\/cbdplein.nl\\\/wp-content\\\/uploads\\\/2021\\\/11\\\/logo-cbdplein-new.png\",\"width\":350,\"height\":70,\"caption\":\"CBD Plein\"},\"image\":{\"@id\":\"https:\\\/\\\/cbdplein.nl\\\/#\\\/schema\\\/logo\\\/image\\\/\"}}]}<\/script>\n<!-- \/ Yoast SEO plugin. -->","yoast_head_json":{"title":"Unsere Rabatte &#8226; CBD Plein","description":"Wir sch\u00e4tzen unsere Kunden und bieten deshalb tolle Rabatte an. Alles dar\u00fcber k\u00f6nnen Sie auf dieser Seite lesen.","robots":{"index":"index","follow":"follow","max-snippet":"max-snippet:-1","max-image-preview":"max-image-preview:large","max-video-preview":"max-video-preview:-1"},"canonical":"https:\/\/cbdplein.nl\/de\/unsere-rabatte\/","og_locale":"de_DE","og_type":"article","og_title":"Unsere Rabatte &#8226; CBD Plein","og_description":"Wir sch\u00e4tzen unsere Kunden und bieten deshalb tolle Rabatte an. Alles dar\u00fcber k\u00f6nnen Sie auf dieser Seite lesen.","og_url":"https:\/\/cbdplein.nl\/de\/unsere-rabatte\/","og_site_name":"CBD Plein","article_modified_time":"2024-11-22T16:57:40+00:00","twitter_card":"summary_large_image","twitter_misc":{"Gesch\u00e4tzte Lesezeit":"1\u00a0Minute"},"schema":{"@context":"https:\/\/schema.org","@graph":[{"@type":"WebPage","@id":"https:\/\/cbdplein.nl\/de\/unsere-rabatte\/","url":"https:\/\/cbdplein.nl\/de\/unsere-rabatte\/","name":"Unsere Rabatte &#8226; CBD Plein","isPartOf":{"@id":"https:\/\/cbdplein.nl\/#website"},"datePublished":"2017-08-21T21:23:31+00:00","dateModified":"2024-11-22T16:57:40+00:00","description":"Wir sch\u00e4tzen unsere Kunden und bieten deshalb tolle Rabatte an. Alles dar\u00fcber k\u00f6nnen Sie auf dieser Seite lesen.","breadcrumb":{"@id":"https:\/\/cbdplein.nl\/de\/unsere-rabatte\/#breadcrumb"},"inLanguage":"de","potentialAction":[{"@type":"ReadAction","target":["https:\/\/cbdplein.nl\/de\/unsere-rabatte\/"]}]},{"@type":"BreadcrumbList","@id":"https:\/\/cbdplein.nl\/de\/unsere-rabatte\/#breadcrumb","itemListElement":[{"@type":"ListItem","position":1,"name":"Home","item":"https:\/\/cbdplein.nl\/de\/"},{"@type":"ListItem","position":2,"name":"Unsere Rabatte"}]},{"@type":"WebSite","@id":"https:\/\/cbdplein.nl\/#website","url":"https:\/\/cbdplein.nl\/","name":"CBD Plein","description":"&nbsp;Vertraut seit 2016","publisher":{"@id":"https:\/\/cbdplein.nl\/#organization"},"potentialAction":[{"@type":"SearchAction","target":{"@type":"EntryPoint","urlTemplate":"https:\/\/cbdplein.nl\/?s={search_term_string}"},"query-input":{"@type":"PropertyValueSpecification","valueRequired":true,"valueName":"search_term_string"}}],"inLanguage":"de"},{"@type":"Organization","@id":"https:\/\/cbdplein.nl\/#organization","name":"CBD Plein","url":"https:\/\/cbdplein.nl\/","logo":{"@type":"ImageObject","inLanguage":"de","@id":"https:\/\/cbdplein.nl\/#\/schema\/logo\/image\/","url":"https:\/\/cbdplein.nl\/wp-content\/uploads\/2021\/11\/logo-cbdplein-new.png","contentUrl":"https:\/\/cbdplein.nl\/wp-content\/uploads\/2021\/11\/logo-cbdplein-new.png","width":350,"height":70,"caption":"CBD Plein"},"image":{"@id":"https:\/\/cbdplein.nl\/#\/schema\/logo\/image\/"}}]}},"_links":{"self":[{"href":"https:\/\/cbdplein.nl\/de\/wp-json\/wp\/v2\/pages\/3751","targetHints":{"allow":["GET"]}}],"collection":[{"href":"https:\/\/cbdplein.nl\/de\/wp-json\/wp\/v2\/pages"}],"about":[{"href":"https:\/\/cbdplein.nl\/de\/wp-json\/wp\/v2\/types\/page"}],"author":[{"embeddable":true,"href":"https:\/\/cbdplein.nl\/de\/wp-json\/wp\/v2\/users\/1"}],"replies":[{"embeddable":true,"href":"https:\/\/cbdplein.nl\/de\/wp-json\/wp\/v2\/comments?post=3751"}],"version-history":[{"count":0,"href":"https:\/\/cbdplein.nl\/de\/wp-json\/wp\/v2\/pages\/3751\/revisions"}],"wp:attachment":[{"href":"https:\/\/cbdplein.nl\/de\/wp-json\/wp\/v2\/media?parent=3751"}],"curies":[{"name":"wp","href":"https:\/\/api.w.org\/{rel}","templated":true}]}}