{"id":3754,"date":"2017-08-21T23:42:16","date_gmt":"2017-08-21T21:42:16","guid":{"rendered":"https:\/\/cbdplein.nl\/?page_id=3754"},"modified":"2024-02-29T01:02:33","modified_gmt":"2024-02-29T00:02:33","slug":"versand-und-retoure","status":"publish","type":"page","link":"https:\/\/cbdplein.nl\/de\/versand-und-retoure\/","title":{"rendered":"Versand und Retoure"},"content":{"rendered":"\n<h3 class=\"wp-block-heading\">Der Versand<\/h3>\n\n\n\n<p>Wir liefern nur an Adressen in den Niederlanden, Belgien und Deutschland und der Versand ist kostenlos.<\/p>\n\n\n\n<p>Wir bem\u00fchen uns alle von Montag bis Freitag bis 16.00 Uhr erhaltene Bestellungen am selben Tag zu versenden.<\/p>\n\n\n\n<h3 class=\"wp-block-heading\">Lieferung<\/h3>\n\n\n\n<p>Alle Lieferungen von PostNL und ihre Partner behandelt.<\/p>\n\n\n\n<p>Die Produkte sind sehr diskret verpackt. Sender ist Mn Media und es gibt keine Erw\u00e4hnung von CBD, CBD Plein oder cbdplein.nl.<\/p>\n\n\n\n<p>Wenn Ihre Bestellung versendet wird, werden Sie per E-Mail benachrichtigt. Diese E-Mail enth\u00e4lt auch die Rechnung und\u00a0der Track &amp; Trace-Code. So k\u00f6nnen Sie nicht nur sehen, wann Sie sie erwarten k\u00f6nnen, sondern auch rechtzeitig eventuelle Lieferprobleme feststellen und zB. einen anderen Liefertag ausw\u00e4hlen oder es an einen Paketshop liefern lassen. Pakete werden von Montag bis Samstag geliefert. Bitte beachten Sie: Wenn ein Paket nicht zugestellt werden kann oder verweigert wird, k\u00f6nnen wir die R\u00fccksendekosten in Rechnung stellen.<\/p>\n\n\n\n<h3 class=\"wp-block-heading\">Lieferoptionen<\/h3>\n\n\n\n<p>Sie k\u00f6nnen die Lieferadresse w\u00e4hlen aus:<\/p>\n\n\n\n<p><strong>Heimadresse<\/strong> (Standard)<br>Das Paket wird an die angegebene Rechnungsadresse geliefert.<\/p>\n\n\n\n<p><strong>Paketshop<\/strong><br>Das Paket wird an einen Paketshop Ihrer Wahl geliefert. Sofern in Ihrer Region verf\u00fcgbar.<\/p>\n\n\n\n<p><strong>Abweichende Lieferadresse<\/strong><br>Das Paket wird an eine andere Adresse als die Rechnungsadresse geliefert.<\/p>\n\n\n\n<h3 class=\"wp-block-heading\">Stornierung und Retouren<\/h3>\n\n\n\n<p id=\"d1e52-84-1\"><strong>R\u00fccktrittsrecht<\/strong><\/p>\n\n\n\n<p>Sie haben das Recht innerhalb von 14 Tagen, ohne Angabe von Gr\u00fcnden, von diesem Vertrag zur\u00fcckzutreten. Die Wartezeit wird nach 14 Tagen ablaufen ab dem Tag als Sie die Ware erhalten haben. Alle unsere Produkte sind versiegelt. Hygieneprodukte oder Produkte mit Gesundheitsrisiko, deren Siegel gebrochen wurde, k\u00f6nnen nicht zur\u00fcckgegeben werden.<\/p>\n\n\n\n<p>Um Ihr R\u00fccktrittsrecht anzufordern, m\u00fcssen Sie uns \u00fcber Ihre Entscheidung informieren durch das R\u00fccktrittformular auszuf\u00fcllen, sofern die Ware nicht ge\u00f6ffnet und die Versiegelung intakt ist. Sie k\u00f6nnen das Formular hier <a href=\"https:\/\/cbdplein.nl\/downloads\/widerrufsformular.pdf\" target=\"_blank\" rel=\"noopener noreferrer\">herunterladen<\/a>.<\/p>\n\n\n\n<p>Sie sollen die Ware unverz\u00fcglich und in jedem Fall nicht sp\u00e4ter als 14 Tage ab dem Tag an dem Sie uns \u00fcber den R\u00fccktritt informiert haben, zur\u00fcck schicken. Sie haben die unmittelbaren Kosten der R\u00fccksendung der Ware zu tragen.<br>Wir k\u00f6nnen die Erstattung vertagen bis wir die Waren in gutem Zustand <strong>und mit Versiegelung intakt<\/strong> zur\u00fcck erhalten haben. Wir werden Sie innerhalb von 14 Tagen f\u00fcr die volle Bestellung erstatten. Die R\u00fccksendekosten gehen zu Ihren Lasten.<\/p>\n\n\n\n<p>Sie k\u00f6nnen Retouren senden an:<\/p>\n\n\n\n<p>Mn Media<br>Laan van het Kinholt 611<br>7823 GP Emmen<br>Niederlande<\/p>\n\n\n\n<p>Bitte beachten Sie, dass Produkte, deren Siegel besch\u00e4digt wurde, gem\u00e4\u00df unseren Allgemeinen Gesch\u00e4ftsbedingungen <strong>nicht<\/strong> zur\u00fcckgenommen werden k\u00f6nnen.<\/p>\n\n\n\n<p><strong>Besch\u00e4digte Ware<\/strong><\/p>\n\n\n\n<p>Wir tun unser Bestes um Ihren Auftrag so sorgf\u00e4ltig und sicher wie m\u00f6glich zu senden. Es kann jedoch passieren da\u00df die Waren w\u00e4hrend des Transports besch\u00e4digt werden. In einem solchen Fall bitten wir Sie sich sofort mit uns in Verbindung zu setzen. Wir k\u00f6nnen dann eine Nachlieferung oder Erstattung vereinbaren. Wenn wir Sie bitten die besch\u00e4digte Ware zur\u00fcck zu senden, werden wir Ihnen Anweisungen zum Versand senden und wir werden die Versandkosten tragen.<\/p>\n","protected":false},"excerpt":{"rendered":"<p>Der Versand Wir liefern nur an Adressen in den Niederlanden, Belgien und Deutschland und der Versand ist kostenlos. Wir bem\u00fchen uns alle von Montag bis &#8230; <a title=\"Versand und Retoure\" class=\"read-more\" href=\"https:\/\/cbdplein.nl\/de\/versand-und-retoure\/\" aria-label=\"Mehr Informationen \u00fcber Versand und Retoure\">Weiterlesen<\/a><\/p>\n","protected":false},"author":1,"featured_media":0,"parent":0,"menu_order":0,"comment_status":"closed","ping_status":"closed","template":"","meta":{"footnotes":""},"class_list":["post-3754","page","type-page","status-publish"],"yoast_head":"<!-- This site is optimized with the Yoast SEO plugin v27.4 - https:\/\/yoast.com\/product\/yoast-seo-wordpress\/ -->\n<title>Versand und Retoure &#8226; CBD Plein<\/title>\n<meta name=\"description\" content=\"Hier k\u00f6nnen Sie Informationen lesen \u00fcber das Versand und Retoure Prozess und wie zu handeln bei besch\u00e4digte Ware.\" \/>\n<meta name=\"robots\" content=\"index, follow, max-snippet:-1, max-image-preview:large, max-video-preview:-1\" \/>\n<link rel=\"canonical\" href=\"https:\/\/cbdplein.nl\/de\/versand-und-retoure\/\" \/>\n<meta property=\"og:locale\" content=\"de_DE\" \/>\n<meta property=\"og:type\" content=\"article\" \/>\n<meta property=\"og:title\" content=\"Versand und Retoure &#8226; CBD Plein\" \/>\n<meta property=\"og:description\" content=\"Hier k\u00f6nnen Sie Informationen lesen \u00fcber das Versand und Retoure Prozess und wie zu handeln bei besch\u00e4digte Ware.\" \/>\n<meta property=\"og:url\" content=\"https:\/\/cbdplein.nl\/de\/versand-und-retoure\/\" \/>\n<meta property=\"og:site_name\" content=\"CBD Plein\" \/>\n<meta property=\"article:modified_time\" content=\"2024-02-29T00:02:33+00:00\" \/>\n<meta name=\"twitter:card\" content=\"summary_large_image\" \/>\n<meta name=\"twitter:label1\" content=\"Gesch\u00e4tzte Lesezeit\" \/>\n\t<meta name=\"twitter:data1\" content=\"3\u00a0Minuten\" \/>\n<script type=\"application\/ld+json\" class=\"yoast-schema-graph\">{\"@context\":\"https:\\\/\\\/schema.org\",\"@graph\":[{\"@type\":\"WebPage\",\"@id\":\"https:\\\/\\\/cbdplein.nl\\\/de\\\/versand-und-retoure\\\/\",\"url\":\"https:\\\/\\\/cbdplein.nl\\\/de\\\/versand-und-retoure\\\/\",\"name\":\"Versand und Retoure &#8226; CBD Plein\",\"isPartOf\":{\"@id\":\"https:\\\/\\\/cbdplein.nl\\\/#website\"},\"datePublished\":\"2017-08-21T21:42:16+00:00\",\"dateModified\":\"2024-02-29T00:02:33+00:00\",\"description\":\"Hier k\u00f6nnen Sie Informationen lesen \u00fcber das Versand und Retoure Prozess und wie zu handeln bei besch\u00e4digte Ware.\",\"breadcrumb\":{\"@id\":\"https:\\\/\\\/cbdplein.nl\\\/de\\\/versand-und-retoure\\\/#breadcrumb\"},\"inLanguage\":\"de\",\"potentialAction\":[{\"@type\":\"ReadAction\",\"target\":[\"https:\\\/\\\/cbdplein.nl\\\/de\\\/versand-und-retoure\\\/\"]}]},{\"@type\":\"BreadcrumbList\",\"@id\":\"https:\\\/\\\/cbdplein.nl\\\/de\\\/versand-und-retoure\\\/#breadcrumb\",\"itemListElement\":[{\"@type\":\"ListItem\",\"position\":1,\"name\":\"Home\",\"item\":\"https:\\\/\\\/cbdplein.nl\\\/de\\\/\"},{\"@type\":\"ListItem\",\"position\":2,\"name\":\"Versand und Retoure\"}]},{\"@type\":\"WebSite\",\"@id\":\"https:\\\/\\\/cbdplein.nl\\\/#website\",\"url\":\"https:\\\/\\\/cbdplein.nl\\\/\",\"name\":\"CBD Plein\",\"description\":\"&nbsp;Vertraut seit 2016\",\"publisher\":{\"@id\":\"https:\\\/\\\/cbdplein.nl\\\/#organization\"},\"potentialAction\":[{\"@type\":\"SearchAction\",\"target\":{\"@type\":\"EntryPoint\",\"urlTemplate\":\"https:\\\/\\\/cbdplein.nl\\\/?s={search_term_string}\"},\"query-input\":{\"@type\":\"PropertyValueSpecification\",\"valueRequired\":true,\"valueName\":\"search_term_string\"}}],\"inLanguage\":\"de\"},{\"@type\":\"Organization\",\"@id\":\"https:\\\/\\\/cbdplein.nl\\\/#organization\",\"name\":\"CBD Plein\",\"url\":\"https:\\\/\\\/cbdplein.nl\\\/\",\"logo\":{\"@type\":\"ImageObject\",\"inLanguage\":\"de\",\"@id\":\"https:\\\/\\\/cbdplein.nl\\\/#\\\/schema\\\/logo\\\/image\\\/\",\"url\":\"https:\\\/\\\/cbdplein.nl\\\/wp-content\\\/uploads\\\/2021\\\/11\\\/logo-cbdplein-new.png\",\"contentUrl\":\"https:\\\/\\\/cbdplein.nl\\\/wp-content\\\/uploads\\\/2021\\\/11\\\/logo-cbdplein-new.png\",\"width\":350,\"height\":70,\"caption\":\"CBD Plein\"},\"image\":{\"@id\":\"https:\\\/\\\/cbdplein.nl\\\/#\\\/schema\\\/logo\\\/image\\\/\"}}]}<\/script>\n<!-- \/ Yoast SEO plugin. -->","yoast_head_json":{"title":"Versand und Retoure &#8226; CBD Plein","description":"Hier k\u00f6nnen Sie Informationen lesen \u00fcber das Versand und Retoure Prozess und wie zu handeln bei besch\u00e4digte Ware.","robots":{"index":"index","follow":"follow","max-snippet":"max-snippet:-1","max-image-preview":"max-image-preview:large","max-video-preview":"max-video-preview:-1"},"canonical":"https:\/\/cbdplein.nl\/de\/versand-und-retoure\/","og_locale":"de_DE","og_type":"article","og_title":"Versand und Retoure &#8226; CBD Plein","og_description":"Hier k\u00f6nnen Sie Informationen lesen \u00fcber das Versand und Retoure Prozess und wie zu handeln bei besch\u00e4digte Ware.","og_url":"https:\/\/cbdplein.nl\/de\/versand-und-retoure\/","og_site_name":"CBD Plein","article_modified_time":"2024-02-29T00:02:33+00:00","twitter_card":"summary_large_image","twitter_misc":{"Gesch\u00e4tzte Lesezeit":"3\u00a0Minuten"},"schema":{"@context":"https:\/\/schema.org","@graph":[{"@type":"WebPage","@id":"https:\/\/cbdplein.nl\/de\/versand-und-retoure\/","url":"https:\/\/cbdplein.nl\/de\/versand-und-retoure\/","name":"Versand und Retoure &#8226; CBD Plein","isPartOf":{"@id":"https:\/\/cbdplein.nl\/#website"},"datePublished":"2017-08-21T21:42:16+00:00","dateModified":"2024-02-29T00:02:33+00:00","description":"Hier k\u00f6nnen Sie Informationen lesen \u00fcber das Versand und Retoure Prozess und wie zu handeln bei besch\u00e4digte Ware.","breadcrumb":{"@id":"https:\/\/cbdplein.nl\/de\/versand-und-retoure\/#breadcrumb"},"inLanguage":"de","potentialAction":[{"@type":"ReadAction","target":["https:\/\/cbdplein.nl\/de\/versand-und-retoure\/"]}]},{"@type":"BreadcrumbList","@id":"https:\/\/cbdplein.nl\/de\/versand-und-retoure\/#breadcrumb","itemListElement":[{"@type":"ListItem","position":1,"name":"Home","item":"https:\/\/cbdplein.nl\/de\/"},{"@type":"ListItem","position":2,"name":"Versand und Retoure"}]},{"@type":"WebSite","@id":"https:\/\/cbdplein.nl\/#website","url":"https:\/\/cbdplein.nl\/","name":"CBD Plein","description":"&nbsp;Vertraut seit 2016","publisher":{"@id":"https:\/\/cbdplein.nl\/#organization"},"potentialAction":[{"@type":"SearchAction","target":{"@type":"EntryPoint","urlTemplate":"https:\/\/cbdplein.nl\/?s={search_term_string}"},"query-input":{"@type":"PropertyValueSpecification","valueRequired":true,"valueName":"search_term_string"}}],"inLanguage":"de"},{"@type":"Organization","@id":"https:\/\/cbdplein.nl\/#organization","name":"CBD Plein","url":"https:\/\/cbdplein.nl\/","logo":{"@type":"ImageObject","inLanguage":"de","@id":"https:\/\/cbdplein.nl\/#\/schema\/logo\/image\/","url":"https:\/\/cbdplein.nl\/wp-content\/uploads\/2021\/11\/logo-cbdplein-new.png","contentUrl":"https:\/\/cbdplein.nl\/wp-content\/uploads\/2021\/11\/logo-cbdplein-new.png","width":350,"height":70,"caption":"CBD Plein"},"image":{"@id":"https:\/\/cbdplein.nl\/#\/schema\/logo\/image\/"}}]}},"_links":{"self":[{"href":"https:\/\/cbdplein.nl\/de\/wp-json\/wp\/v2\/pages\/3754","targetHints":{"allow":["GET"]}}],"collection":[{"href":"https:\/\/cbdplein.nl\/de\/wp-json\/wp\/v2\/pages"}],"about":[{"href":"https:\/\/cbdplein.nl\/de\/wp-json\/wp\/v2\/types\/page"}],"author":[{"embeddable":true,"href":"https:\/\/cbdplein.nl\/de\/wp-json\/wp\/v2\/users\/1"}],"replies":[{"embeddable":true,"href":"https:\/\/cbdplein.nl\/de\/wp-json\/wp\/v2\/comments?post=3754"}],"version-history":[{"count":0,"href":"https:\/\/cbdplein.nl\/de\/wp-json\/wp\/v2\/pages\/3754\/revisions"}],"wp:attachment":[{"href":"https:\/\/cbdplein.nl\/de\/wp-json\/wp\/v2\/media?parent=3754"}],"curies":[{"name":"wp","href":"https:\/\/api.w.org\/{rel}","templated":true}]}}