{"id":5472,"date":"2018-03-17T18:08:01","date_gmt":"2018-03-17T17:08:01","guid":{"rendered":"https:\/\/cbdplein.nl\/?page_id=5472"},"modified":"2022-08-16T17:09:10","modified_gmt":"2022-08-16T15:09:10","slug":"cbd-und-medikamenten","status":"publish","type":"page","link":"https:\/\/cbdplein.nl\/de\/cbd-und-medikamenten\/","title":{"rendered":"CBD und Medikamenten"},"content":{"rendered":"\n<p>Wir werden zunehmend mit der Wirkung von CBD vertraut, wissen aber nur wenig \u00fcber die Wechselwirkungen zwischen CBD und Medikamenten.<\/p>\n\n\n\n<p>Die Behandlung bestimmter Krankheiten mit CBD ist ein relativ neues Ph\u00e4nomen. Es gibt noch viel zu entdecken \u00fcber die Wirkung der Pflanze auf den K\u00f6rper und wie sie auf andere Medikamente reagieren kann. Der niederl\u00e4ndische Biochemiker Steven Cassini schrieb daher den folgenden Artikel, um uns den Umgang mit CBD bei der Einnahme bestimmter Medikamente deutlich zu machen.<\/p>\n\n\n\n<hr class=\"wp-block-separator has-alpha-channel-opacity\"\/>\n\n\n\n<h2 class=\"wp-block-heading\">Verarbeitung von Arzneimitteln<\/h2>\n\n\n\n<p>Bevor ein Medikament oder eine nat\u00fcrliche Substanz aus dem K\u00f6rper verschwindet, muss es oft zuerst metabolisiert werden. Der Metabolismus von Arzneimitteln findet in zwei Phasen statt: In Phase I, Reaktion, wird das Arzneimittel durch Oxidation, Reduktion oder Hydrolyse polar (wasserl\u00f6slich) gemacht. Und in Phase II wird das Arzneimittel konjugiert, beispielsweise durch Acetylierung oder Methylierung.<\/p>\n\n\n\n<p>Dies erh\u00f6ht die Wasserl\u00f6slichkeit und Polarit\u00e4t der Medizin und es kann leicht \u00fcber die Nieren oder die Galle ausgeschieden werden. Der Metabolismus von Medikamenten findet haupts\u00e4chlich in der Leber statt, aber auch andere Organe wie die Haut, der Gastrointestinaltrakt, die Lungen, das Gehirn und die Nieren k\u00f6nnen beteiligt sein.<\/p>\n\n\n\n<h3 class=\"wp-block-heading\">Das Cytochrom P450-System<\/h3>\n\n\n\n<p>Das Cytochrom-P450-Enzymsystem (auch abgek\u00fcrzt als CYP, P450 oder CYP450) ist eine Sammlung von 57 Enzymen. Davon sind 15 wichtig f\u00fcr den Abbau von verschiedenen (fremden) Substanzen wie Medikamenten und Toxinen, aber auch f\u00fcr nat\u00fcrliche Substanzen wie THC und andere Cannabinoide. Diese Enzyme sind nicht nur im Stoffwechsel von Medikamenten, Naturstoffen und anderen Fremdstoffen wichtig. Auch bei physiologischen Prozessen wie der Oxidation von Fetts\u00e4uren spielen sie eine Rolle.<\/p>\n\n\n\n<p>Einige nat\u00fcrliche Substanzen k\u00f6nnen die Aktivit\u00e4t eines CYP-Enzyms hemmen, indem sie die Plasmaspiegel von Arzneimitteln oder anderen nat\u00fcrlichen Substanzen, die \u00fcber dieses Enzym metabolisiert werden, erh\u00f6hen.<\/p>\n\n\n\n<p>Die Wirkung des P450-Enzymsystems unterscheidet sich pro Person. Dies bedeutet, dass nicht jeder auf eine bestimmte Dosis eines Arzneimittels oder einer nat\u00fcrlichen Substanz reagiert. Die Geschwindigkeit, mit der ein Arzneimittel oder eine nat\u00fcrliche Substanz aus dem K\u00f6rper ausgeschieden wird, bestimmt die Serumkonzentration, die im K\u00f6rper auftritt, was wiederum den Effekt beeinflussen kann.<\/p>\n\n\n<div class=\"wp-block-image\">\n<figure class=\"aligncenter\"><a href=\"https:\/\/cbdplein.nl\/de\/produkt-kategorie\/cbd-de\/\"><img loading=\"lazy\" decoding=\"async\" width=\"728\" height=\"90\" src=\"https:\/\/cbdplein.nl\/wp-content\/uploads\/2018\/08\/cbdplein-de-728x90-1.jpg\" alt=\"cbdplein.nl\" class=\"wp-image-11456\" srcset=\"https:\/\/cbdplein.nl\/wp-content\/uploads\/2018\/08\/cbdplein-de-728x90-1.jpg 728w, https:\/\/cbdplein.nl\/wp-content\/uploads\/2018\/08\/cbdplein-de-728x90-1-600x74.jpg 600w, https:\/\/cbdplein.nl\/wp-content\/uploads\/2018\/08\/cbdplein-de-728x90-1-300x37.jpg 300w\" sizes=\"auto, (max-width: 728px) 100vw, 728px\" \/><\/a><\/figure>\n<\/div>\n\n\n<h3 class=\"wp-block-heading\">CBD kann den Abbau von Arzneimitteln hemmen<\/h3>\n\n\n\n<p>CBD kann die P450-Enzyme hemmen, die f\u00fcr den Abbau bestimmter Medikamente verantwortlich sind. Durch die Hemmung dieser Enzyme wird das Medikament weniger gut abgebrochen und es kann die Konzentration des Medikaments im Blut erh\u00f6hen.<\/p>\n\n\n\n<p>Dies kann unter kontrollierten Umst\u00e4nden von Vorteil sein, da Sie dann weniger Medikamente ben\u00f6tigen. Es k\u00f6nnen jedoch unter nicht kontrollierten Bedingungen gef\u00e4hrlich sein, da die Drogenkonzentration im Blut zu hoch werden kann und erh\u00f6ht das Risiko von schweren Nebenwirkungen.<\/p>\n\n\n\n<h3 class=\"wp-block-heading\">CBD st\u00e4rkt oder schw\u00e4cht die Wirkung von THC<\/h3>\n\n\n\n<p>CBD kann daher die Wirkung bestimmter Medikamente verst\u00e4rken. Wenn CBD eingenommen wird, <span style=\"text-decoration: underline;\">bevor<\/span> THC eingenommen wird, st\u00e4rkt CBD auch die Wirkungen von THC. Das THC wird durch die gleiche Gruppe von P450-Enzymen abgebaut, und das CBD hemmt daher den Abbau von THC.<\/p>\n\n\n\n<p>Wenn CBD jedoch mindestens eine Stunde nach der Einnahme von THC eingenommen wird, reduziert CBD die psychotrope Wirkungen von THC, weil CBD dann eine antipsychotische Wirkung hat.<\/p>\n\n\n\n<h3 class=\"wp-block-heading\">CBD und Chemotherapie<\/h3>\n\n\n\n<p>Die meisten zytotoxischen Medikamenten (Chemotherapie) werden von der gleichen&nbsp;Gruppe P450-Enzyme abgebrochen. Da die fatalen und therapeutische Dosis in bestimmten Zytostatika sehr nahe beieinander liegen, ist es nicht ratsam, hohe Dosen von CBD w\u00e4hrend der Chemotherapie zu nehmen, weil die Konzentration von Zytostatika im Blut gef\u00e4hrlich hoch ansteigen kann.<\/p>\n\n\n\n<h3 class=\"wp-block-heading\">CBD und Medikamenten<\/h3>\n\n\n\n<p>Neben der Liste unten, gibt es viele andere Medikamente, die durch die P450-Enzymsystem verstoffwechselt werden. Es ist die Verwendung solcher Medikamente immer ratsam, den Arzt zu fragen ob die Medizin, die Sie einnehmen durch die Gruppe-P450-Enzyme abgebrochen wird.<\/p>\n\n\n\n<p>Liste der Arzneimittel, die mit CBD interagieren:<\/p>\n\n\n\n<ul class=\"wp-block-list\"><li>Antiepileptika<\/li><li>Antidepressiva<\/li><li>Betablocker<\/li><li>Antipsychotika<\/li><li>Benzodiazepine<\/li><li>Statine<\/li><li>Blutverd\u00fcnner<\/li><li>Steroide<\/li><li>NSAIDs (zB Ibuprofen, Diclofenac und Naproxen)<\/li><li>Antibiotikum<\/li><\/ul>\n\n\n\n<p>Wenn dies der Fall ist, ist es ratsam, CBD-Pr\u00e4parate sorgf\u00e4ltig zu verwenden (insbesondere in hohen Dosen) und die Dosierung des Arzneimittels gegebenenfalls in Absprache mit dem behandelnden Arzt zu reduzieren.<\/p>\n\n\n<div class=\"wp-block-image\">\n<figure class=\"aligncenter\"><a href=\"https:\/\/cbdplein.nl\/de\/produkt-kategorie\/cbd-de\/\"><img loading=\"lazy\" decoding=\"async\" width=\"728\" height=\"90\" src=\"https:\/\/cbdplein.nl\/wp-content\/uploads\/2018\/08\/cbdplein-de-728x90-1.jpg\" alt=\"cbdplein.nl\" class=\"wp-image-11456\" srcset=\"https:\/\/cbdplein.nl\/wp-content\/uploads\/2018\/08\/cbdplein-de-728x90-1.jpg 728w, https:\/\/cbdplein.nl\/wp-content\/uploads\/2018\/08\/cbdplein-de-728x90-1-600x74.jpg 600w, https:\/\/cbdplein.nl\/wp-content\/uploads\/2018\/08\/cbdplein-de-728x90-1-300x37.jpg 300w\" sizes=\"auto, (max-width: 728px) 100vw, 728px\" \/><\/a><\/figure>\n<\/div>","protected":false},"excerpt":{"rendered":"<p>Wir werden zunehmend mit der Wirkung von CBD vertraut, wissen aber nur wenig \u00fcber die Wechselwirkungen zwischen CBD und Medikamenten. Die Behandlung bestimmter Krankheiten mit &#8230; <a title=\"CBD und Medikamenten\" class=\"read-more\" href=\"https:\/\/cbdplein.nl\/de\/cbd-und-medikamenten\/\" aria-label=\"Mehr Informationen \u00fcber CBD und Medikamenten\">Weiterlesen<\/a><\/p>\n","protected":false},"author":1,"featured_media":0,"parent":0,"menu_order":0,"comment_status":"closed","ping_status":"closed","template":"","meta":{"footnotes":""},"class_list":["post-5472","page","type-page","status-publish"],"yoast_head":"<!-- This site is optimized with the Yoast SEO plugin v27.4 - https:\/\/yoast.com\/product\/yoast-seo-wordpress\/ -->\n<title>CBD und Medikamenten &#8226; CBD Plein<\/title>\n<meta name=\"description\" content=\"Wir werden zunehmend mit der Wirkung von CBD vertraut, wissen aber nur wenig \u00fcber die Wechselwirkungen zwischen CBD und Medikamenten. In diesem Artikel finden Sie weitere Informationen.\" \/>\n<meta name=\"robots\" content=\"index, follow, max-snippet:-1, max-image-preview:large, max-video-preview:-1\" \/>\n<link rel=\"canonical\" href=\"https:\/\/cbdplein.nl\/de\/cbd-und-medikamenten\/\" \/>\n<meta property=\"og:locale\" content=\"de_DE\" \/>\n<meta property=\"og:type\" content=\"article\" \/>\n<meta property=\"og:title\" content=\"CBD und Medikamenten &#8226; CBD Plein\" \/>\n<meta property=\"og:description\" content=\"Wir werden zunehmend mit der Wirkung von CBD vertraut, wissen aber nur wenig \u00fcber die Wechselwirkungen zwischen CBD und Medikamenten. In diesem Artikel finden Sie weitere Informationen.\" \/>\n<meta property=\"og:url\" content=\"https:\/\/cbdplein.nl\/de\/cbd-und-medikamenten\/\" \/>\n<meta property=\"og:site_name\" content=\"CBD Plein\" \/>\n<meta property=\"article:modified_time\" content=\"2022-08-16T15:09:10+00:00\" \/>\n<meta property=\"og:image\" content=\"https:\/\/cbdplein.nl\/wp-content\/uploads\/2018\/08\/cbdplein-de-728x90-1.jpg\" \/>\n<meta name=\"twitter:card\" content=\"summary_large_image\" \/>\n<meta name=\"twitter:label1\" content=\"Gesch\u00e4tzte Lesezeit\" \/>\n\t<meta name=\"twitter:data1\" content=\"4\u00a0Minuten\" \/>\n<script type=\"application\/ld+json\" class=\"yoast-schema-graph\">{\"@context\":\"https:\\\/\\\/schema.org\",\"@graph\":[{\"@type\":\"WebPage\",\"@id\":\"https:\\\/\\\/cbdplein.nl\\\/de\\\/cbd-und-medikamenten\\\/\",\"url\":\"https:\\\/\\\/cbdplein.nl\\\/de\\\/cbd-und-medikamenten\\\/\",\"name\":\"CBD und Medikamenten &#8226; CBD Plein\",\"isPartOf\":{\"@id\":\"https:\\\/\\\/cbdplein.nl\\\/#website\"},\"primaryImageOfPage\":{\"@id\":\"https:\\\/\\\/cbdplein.nl\\\/de\\\/cbd-und-medikamenten\\\/#primaryimage\"},\"image\":{\"@id\":\"https:\\\/\\\/cbdplein.nl\\\/de\\\/cbd-und-medikamenten\\\/#primaryimage\"},\"thumbnailUrl\":\"https:\\\/\\\/cbdplein.nl\\\/wp-content\\\/uploads\\\/2018\\\/08\\\/cbdplein-de-728x90-1.jpg\",\"datePublished\":\"2018-03-17T17:08:01+00:00\",\"dateModified\":\"2022-08-16T15:09:10+00:00\",\"description\":\"Wir werden zunehmend mit der Wirkung von CBD vertraut, wissen aber nur wenig \u00fcber die Wechselwirkungen zwischen CBD und Medikamenten. In diesem Artikel finden Sie weitere Informationen.\",\"breadcrumb\":{\"@id\":\"https:\\\/\\\/cbdplein.nl\\\/de\\\/cbd-und-medikamenten\\\/#breadcrumb\"},\"inLanguage\":\"de\",\"potentialAction\":[{\"@type\":\"ReadAction\",\"target\":[\"https:\\\/\\\/cbdplein.nl\\\/de\\\/cbd-und-medikamenten\\\/\"]}]},{\"@type\":\"ImageObject\",\"inLanguage\":\"de\",\"@id\":\"https:\\\/\\\/cbdplein.nl\\\/de\\\/cbd-und-medikamenten\\\/#primaryimage\",\"url\":\"https:\\\/\\\/cbdplein.nl\\\/wp-content\\\/uploads\\\/2018\\\/08\\\/cbdplein-de-728x90-1.jpg\",\"contentUrl\":\"https:\\\/\\\/cbdplein.nl\\\/wp-content\\\/uploads\\\/2018\\\/08\\\/cbdplein-de-728x90-1.jpg\"},{\"@type\":\"BreadcrumbList\",\"@id\":\"https:\\\/\\\/cbdplein.nl\\\/de\\\/cbd-und-medikamenten\\\/#breadcrumb\",\"itemListElement\":[{\"@type\":\"ListItem\",\"position\":1,\"name\":\"Home\",\"item\":\"https:\\\/\\\/cbdplein.nl\\\/de\\\/\"},{\"@type\":\"ListItem\",\"position\":2,\"name\":\"CBD und Medikamenten\"}]},{\"@type\":\"WebSite\",\"@id\":\"https:\\\/\\\/cbdplein.nl\\\/#website\",\"url\":\"https:\\\/\\\/cbdplein.nl\\\/\",\"name\":\"CBD Plein\",\"description\":\"&nbsp;Vertraut seit 2016\",\"publisher\":{\"@id\":\"https:\\\/\\\/cbdplein.nl\\\/#organization\"},\"potentialAction\":[{\"@type\":\"SearchAction\",\"target\":{\"@type\":\"EntryPoint\",\"urlTemplate\":\"https:\\\/\\\/cbdplein.nl\\\/?s={search_term_string}\"},\"query-input\":{\"@type\":\"PropertyValueSpecification\",\"valueRequired\":true,\"valueName\":\"search_term_string\"}}],\"inLanguage\":\"de\"},{\"@type\":\"Organization\",\"@id\":\"https:\\\/\\\/cbdplein.nl\\\/#organization\",\"name\":\"CBD Plein\",\"url\":\"https:\\\/\\\/cbdplein.nl\\\/\",\"logo\":{\"@type\":\"ImageObject\",\"inLanguage\":\"de\",\"@id\":\"https:\\\/\\\/cbdplein.nl\\\/#\\\/schema\\\/logo\\\/image\\\/\",\"url\":\"https:\\\/\\\/cbdplein.nl\\\/wp-content\\\/uploads\\\/2021\\\/11\\\/logo-cbdplein-new.png\",\"contentUrl\":\"https:\\\/\\\/cbdplein.nl\\\/wp-content\\\/uploads\\\/2021\\\/11\\\/logo-cbdplein-new.png\",\"width\":350,\"height\":70,\"caption\":\"CBD Plein\"},\"image\":{\"@id\":\"https:\\\/\\\/cbdplein.nl\\\/#\\\/schema\\\/logo\\\/image\\\/\"}}]}<\/script>\n<!-- \/ Yoast SEO plugin. -->","yoast_head_json":{"title":"CBD und Medikamenten &#8226; CBD Plein","description":"Wir werden zunehmend mit der Wirkung von CBD vertraut, wissen aber nur wenig \u00fcber die Wechselwirkungen zwischen CBD und Medikamenten. In diesem Artikel finden Sie weitere Informationen.","robots":{"index":"index","follow":"follow","max-snippet":"max-snippet:-1","max-image-preview":"max-image-preview:large","max-video-preview":"max-video-preview:-1"},"canonical":"https:\/\/cbdplein.nl\/de\/cbd-und-medikamenten\/","og_locale":"de_DE","og_type":"article","og_title":"CBD und Medikamenten &#8226; CBD Plein","og_description":"Wir werden zunehmend mit der Wirkung von CBD vertraut, wissen aber nur wenig \u00fcber die Wechselwirkungen zwischen CBD und Medikamenten. In diesem Artikel finden Sie weitere Informationen.","og_url":"https:\/\/cbdplein.nl\/de\/cbd-und-medikamenten\/","og_site_name":"CBD Plein","article_modified_time":"2022-08-16T15:09:10+00:00","og_image":[{"url":"https:\/\/cbdplein.nl\/wp-content\/uploads\/2018\/08\/cbdplein-de-728x90-1.jpg","type":"","width":"","height":""}],"twitter_card":"summary_large_image","twitter_misc":{"Gesch\u00e4tzte Lesezeit":"4\u00a0Minuten"},"schema":{"@context":"https:\/\/schema.org","@graph":[{"@type":"WebPage","@id":"https:\/\/cbdplein.nl\/de\/cbd-und-medikamenten\/","url":"https:\/\/cbdplein.nl\/de\/cbd-und-medikamenten\/","name":"CBD und Medikamenten &#8226; CBD Plein","isPartOf":{"@id":"https:\/\/cbdplein.nl\/#website"},"primaryImageOfPage":{"@id":"https:\/\/cbdplein.nl\/de\/cbd-und-medikamenten\/#primaryimage"},"image":{"@id":"https:\/\/cbdplein.nl\/de\/cbd-und-medikamenten\/#primaryimage"},"thumbnailUrl":"https:\/\/cbdplein.nl\/wp-content\/uploads\/2018\/08\/cbdplein-de-728x90-1.jpg","datePublished":"2018-03-17T17:08:01+00:00","dateModified":"2022-08-16T15:09:10+00:00","description":"Wir werden zunehmend mit der Wirkung von CBD vertraut, wissen aber nur wenig \u00fcber die Wechselwirkungen zwischen CBD und Medikamenten. In diesem Artikel finden Sie weitere Informationen.","breadcrumb":{"@id":"https:\/\/cbdplein.nl\/de\/cbd-und-medikamenten\/#breadcrumb"},"inLanguage":"de","potentialAction":[{"@type":"ReadAction","target":["https:\/\/cbdplein.nl\/de\/cbd-und-medikamenten\/"]}]},{"@type":"ImageObject","inLanguage":"de","@id":"https:\/\/cbdplein.nl\/de\/cbd-und-medikamenten\/#primaryimage","url":"https:\/\/cbdplein.nl\/wp-content\/uploads\/2018\/08\/cbdplein-de-728x90-1.jpg","contentUrl":"https:\/\/cbdplein.nl\/wp-content\/uploads\/2018\/08\/cbdplein-de-728x90-1.jpg"},{"@type":"BreadcrumbList","@id":"https:\/\/cbdplein.nl\/de\/cbd-und-medikamenten\/#breadcrumb","itemListElement":[{"@type":"ListItem","position":1,"name":"Home","item":"https:\/\/cbdplein.nl\/de\/"},{"@type":"ListItem","position":2,"name":"CBD und Medikamenten"}]},{"@type":"WebSite","@id":"https:\/\/cbdplein.nl\/#website","url":"https:\/\/cbdplein.nl\/","name":"CBD Plein","description":"&nbsp;Vertraut seit 2016","publisher":{"@id":"https:\/\/cbdplein.nl\/#organization"},"potentialAction":[{"@type":"SearchAction","target":{"@type":"EntryPoint","urlTemplate":"https:\/\/cbdplein.nl\/?s={search_term_string}"},"query-input":{"@type":"PropertyValueSpecification","valueRequired":true,"valueName":"search_term_string"}}],"inLanguage":"de"},{"@type":"Organization","@id":"https:\/\/cbdplein.nl\/#organization","name":"CBD Plein","url":"https:\/\/cbdplein.nl\/","logo":{"@type":"ImageObject","inLanguage":"de","@id":"https:\/\/cbdplein.nl\/#\/schema\/logo\/image\/","url":"https:\/\/cbdplein.nl\/wp-content\/uploads\/2021\/11\/logo-cbdplein-new.png","contentUrl":"https:\/\/cbdplein.nl\/wp-content\/uploads\/2021\/11\/logo-cbdplein-new.png","width":350,"height":70,"caption":"CBD Plein"},"image":{"@id":"https:\/\/cbdplein.nl\/#\/schema\/logo\/image\/"}}]}},"_links":{"self":[{"href":"https:\/\/cbdplein.nl\/de\/wp-json\/wp\/v2\/pages\/5472","targetHints":{"allow":["GET"]}}],"collection":[{"href":"https:\/\/cbdplein.nl\/de\/wp-json\/wp\/v2\/pages"}],"about":[{"href":"https:\/\/cbdplein.nl\/de\/wp-json\/wp\/v2\/types\/page"}],"author":[{"embeddable":true,"href":"https:\/\/cbdplein.nl\/de\/wp-json\/wp\/v2\/users\/1"}],"replies":[{"embeddable":true,"href":"https:\/\/cbdplein.nl\/de\/wp-json\/wp\/v2\/comments?post=5472"}],"version-history":[{"count":0,"href":"https:\/\/cbdplein.nl\/de\/wp-json\/wp\/v2\/pages\/5472\/revisions"}],"wp:attachment":[{"href":"https:\/\/cbdplein.nl\/de\/wp-json\/wp\/v2\/media?parent=5472"}],"curies":[{"name":"wp","href":"https:\/\/api.w.org\/{rel}","templated":true}]}}