{"id":6075,"date":"2022-12-28T17:08:45","date_gmt":"2022-12-28T16:08:45","guid":{"rendered":"https:\/\/cbdplein.nl\/cbd-productwijzer\/"},"modified":"2022-12-28T17:08:47","modified_gmt":"2022-12-28T16:08:47","slug":"cbd-produkthilfe","status":"publish","type":"page","link":"https:\/\/cbdplein.nl\/de\/cbd-produkthilfe\/","title":{"rendered":"CBD Produkthilfe"},"content":{"rendered":"\n<h2 class=\"wp-block-heading\">Einleitung<\/h2>\n\n\n\n<p>In dieser Produkthilfe m\u00f6chten wir Ihnen helfen, das CBD-Produkt auszuw\u00e4hlen, das Sie am besten verwenden k\u00f6nnen.<\/p>\n\n\n\n<p>Wichtig zu wissen ist, dass CBD als Nahrungserg\u00e4nzungsmittel eingestuft wird. Nach EU-Recht d\u00fcrfen Hersteller und Verk\u00e4ufer keine Informationen \u00fcber gesundheitliche Aspekte dieser Produkte bereitstellen.<\/p>\n\n\n\n<p>Die Gesetzgebung definiert es wie folgt: &#8222;Nahrungserg\u00e4nzungsmittel sollten nicht so gekennzeichnet, pr\u00e4sentiert oder beworben werden, als ob sie in der Lage w\u00e4ren, eine Krankheit zu verhindern, zu behandeln oder zu heilen.&#8220; Es sollte auch nicht auf Websites verwiesen werden, auf denen solche Informationen gefunden werden k\u00f6nnen.<br>Der Zweck des Gesetzes besteht darin, die Konsumenten vor potenziellen Gesundheitsrisiken zu sch\u00fctzen und sicherzustellen, dass Nahrungserg\u00e4nzungsmittel nicht mit irref\u00fchrenden Informationen einhergehen.<\/p>\n\n\n\n<p>Das ist an sich verst\u00e4ndlich, denn so werden Konsumenten vor dubiosen Produkten gesch\u00fctzt. Der Nachteil besteht jedoch darin, dass Produkte wie CBD, von denen sehr viele Menschen bereits positive Auswirkungen hatten, ebenfalls von diesen Vorschriften erfasst werden.<\/p>\n\n\n\n<p>Daher d\u00fcrfen wir Ihnen in dieser Produkthilfe nicht empfehlen, welches \u00d6l in welcher Situation am besten eingesetzt werden kann. Auch d\u00fcrfen wir uns nicht auf wissenschaftliche Studien beziehen, die dies belegen. Das ist nat\u00fcrlich sehr bedauerlich, aber gl\u00fccklicherweise stehen viele Informationen im Internet zur Verf\u00fcgung. Wir empfehlen Ihnen deshalb, nach dem Begriff cbd in Kombination mit dem Begriff, nach dem Sie Informationen w\u00fcnschen, zu suchen.<\/p>\n\n\n\n<p>Trotz der auferlegten Einschr\u00e4nkungen k\u00f6nnen wir Sie \u00fcber andere wichtige Aspekte von CBD informieren und Ihnen helfen, Ihre Entscheidung zu vereinfachen.<\/p>\n\n\n\n<h2 class=\"wp-block-heading\">Arten von CBD<\/h2>\n\n\n\n<p>CBD ist in verschiedenen St\u00e4rken von 1% bis mehr als 20% erh\u00e4ltlich. Die meistverkaufte und benutzte St\u00e4rke ist die 5%. Sie k\u00f6nnen einen h\u00f6heren Prozentsatz verwenden, wenn die 5% nicht v\u00f6llig den gew\u00fcnschten Effekt bieten. Hinweis: Wenn Sie \u00fcberhaupt keinen Effekt der 5% erleben, wird die 10% das wahrscheinlich auch nicht. CBD ist ein nat\u00fcrliches Produkt und die Auswirkungen k\u00f6nnen von Mensch zu Mensch stark variieren.<\/p>\n\n\n\n<p>CBD-Produkte k\u00f6nnen in 2 Gruppen unterteilt werden:<\/p>\n\n\n\n<ul class=\"wp-block-list\">\n<li><strong>Vollspektrum CBD<\/strong>; Es enth\u00e4lt alle urspr\u00fcnglichen Substanzen der Hanfpflanze und ist daher das vielseitigste. Der Geschmack ist bitter. In Deutschland wird&nbsp;Wedihemp Raw unter dem Namen Wedihemp Hanf Complete vertrieben.<\/li>\n\n\n\n<li><strong>Pur CBD<\/strong>; Hier sind alle anderen urspr\u00fcnglichen Substanzen (wie Terpene, Flavoids und andere Cannabinoide wie CBN und CBG) entfernt, so dass nur reines CBD \u00fcbrig bleibt. Der Geschmack ist wesentlich sanfter und angenehmer als Vollspektrum CBD. Diese Variante ist besonders f\u00fcr empfindliche Personen gedacht, die Schwierigkeiten mit dem Geschmack der Raw-Produkte haben. Reines CBD ist jedoch etwas weniger leistungsstark und vielseitig als die Vollspektrum-Variante. Vollspektrum Kapseln sind eine gute Alternative.<\/li>\n<\/ul>\n\n\n\n<p><strong>Update 2022<\/strong><\/p>\n\n\n\n<p>Wir verkaufen kein reines (Pur) CBD-\u00d6l mehr. Nachfolgend k\u00f6nnen Sie lesen, warum:<\/p>\n\n\n\n<ul class=\"wp-block-list\">\n<li>Immer mehr Studien belegen, dass Vollspektrum\u00f6l deutlich st\u00e4rker ist als reines \u00d6l<\/li>\n\n\n\n<li>Vollspektrum ist erheblich g\u00fcnstiger als die reine Variante<\/li>\n\n\n\n<li>Die Nachfrage nach reinem \u00d6l ist bei unseren Kunden praktisch verschwunden<\/li>\n\n\n\n<li>Vollspektrum-Kapseln sind eine sehr gute Alternative zu reinem \u00d6l<\/li>\n<\/ul>\n\n\n\n<p>Mehr zu CBD k\u00f6nnen Sie <a href=\"https:\/\/cbdplein.nl\/de\/cbd-oel-kaufen-holland\/\">hier<\/a> lesen.<\/p>\n\n\n\n<h2 class=\"wp-block-heading\">Abschlie\u00dfender Rat<\/h2>\n\n\n\n<p>Wenn Sie zum ersten Mal mit CBD beginnen und sich nicht sicher sind, welches Produkt Sie nehmen sollen, empfehlen wir Ihnen anzufangen mit dem&nbsp;<a href=\"https:\/\/cbdplein.nl\/de\/shop\/cbd-oel-raw-5-10ml-medihemp\/\">5% RAW CBD \u00d6l<\/a> von Wedihemp.&nbsp;Dieses Produkt ist leistungsstark und sehr vielseitig.<\/p>\n\n\n\n<p>Wir hoffen, dass wir Sie mit dieser Produkthilfe bei der Bestimmung Ihrer Wahl geholfen haben. Wenn Sie jedoch noch Fragen haben, z\u00f6gern Sie bitte nicht, uns zu&nbsp;<a href=\"https:\/\/cbdplein.nl\/de\/kontakt\/\">kontaktieren<\/a>. Wir helfen Ihnen gerne!<\/p>\n","protected":false},"excerpt":{"rendered":"<p>Einleitung In dieser Produkthilfe m\u00f6chten wir Ihnen helfen, das CBD-Produkt auszuw\u00e4hlen, das Sie am besten verwenden k\u00f6nnen. Wichtig zu wissen ist, dass CBD als Nahrungserg\u00e4nzungsmittel &#8230; <a title=\"CBD Produkthilfe\" class=\"read-more\" href=\"https:\/\/cbdplein.nl\/de\/cbd-produkthilfe\/\" aria-label=\"Mehr Informationen \u00fcber CBD Produkthilfe\">Weiterlesen<\/a><\/p>\n","protected":false},"author":1,"featured_media":3656,"parent":0,"menu_order":0,"comment_status":"closed","ping_status":"closed","template":"","meta":{"footnotes":""},"class_list":["post-6075","page","type-page","status-publish","has-post-thumbnail"],"yoast_head":"<!-- This site is optimized with the Yoast SEO plugin v27.4 - https:\/\/yoast.com\/product\/yoast-seo-wordpress\/ -->\n<title>CBD Produkthilfe &#8226; CBD Plein<\/title>\n<meta name=\"description\" content=\"Hier stellen wir Informationen \u00fcber CBD zur Verf\u00fcgung, um Ihnen zu helfen festzustellen, welches Produkt Sie am besten ausw\u00e4hlen k\u00f6nnen.\" \/>\n<meta name=\"robots\" content=\"index, follow, max-snippet:-1, max-image-preview:large, max-video-preview:-1\" \/>\n<link rel=\"canonical\" href=\"https:\/\/cbdplein.nl\/de\/cbd-produkthilfe\/\" \/>\n<meta property=\"og:locale\" content=\"de_DE\" \/>\n<meta property=\"og:type\" content=\"article\" \/>\n<meta property=\"og:title\" content=\"CBD Produkthilfe &#8226; CBD Plein\" \/>\n<meta property=\"og:description\" content=\"Hier stellen wir Informationen \u00fcber CBD zur Verf\u00fcgung, um Ihnen zu helfen festzustellen, welches Produkt Sie am besten ausw\u00e4hlen k\u00f6nnen.\" \/>\n<meta property=\"og:url\" content=\"https:\/\/cbdplein.nl\/de\/cbd-produkthilfe\/\" \/>\n<meta property=\"og:site_name\" content=\"CBD Plein\" \/>\n<meta property=\"article:modified_time\" content=\"2022-12-28T16:08:47+00:00\" \/>\n<meta property=\"og:image\" content=\"https:\/\/cbdplein.nl\/wp-content\/uploads\/2017\/04\/cbd-olie-kopen.jpg\" \/>\n\t<meta property=\"og:image:width\" content=\"1000\" \/>\n\t<meta property=\"og:image:height\" content=\"320\" \/>\n\t<meta property=\"og:image:type\" content=\"image\/jpeg\" \/>\n<meta name=\"twitter:card\" content=\"summary_large_image\" \/>\n<meta name=\"twitter:label1\" content=\"Gesch\u00e4tzte Lesezeit\" \/>\n\t<meta name=\"twitter:data1\" content=\"3\u00a0Minuten\" \/>\n<script type=\"application\/ld+json\" class=\"yoast-schema-graph\">{\"@context\":\"https:\\\/\\\/schema.org\",\"@graph\":[{\"@type\":\"WebPage\",\"@id\":\"https:\\\/\\\/cbdplein.nl\\\/de\\\/cbd-produkthilfe\\\/\",\"url\":\"https:\\\/\\\/cbdplein.nl\\\/de\\\/cbd-produkthilfe\\\/\",\"name\":\"CBD Produkthilfe &#8226; CBD Plein\",\"isPartOf\":{\"@id\":\"https:\\\/\\\/cbdplein.nl\\\/#website\"},\"primaryImageOfPage\":{\"@id\":\"https:\\\/\\\/cbdplein.nl\\\/de\\\/cbd-produkthilfe\\\/#primaryimage\"},\"image\":{\"@id\":\"https:\\\/\\\/cbdplein.nl\\\/de\\\/cbd-produkthilfe\\\/#primaryimage\"},\"thumbnailUrl\":\"https:\\\/\\\/cbdplein.nl\\\/wp-content\\\/uploads\\\/2017\\\/04\\\/cbd-olie-kopen.jpg\",\"datePublished\":\"2022-12-28T16:08:45+00:00\",\"dateModified\":\"2022-12-28T16:08:47+00:00\",\"description\":\"Hier stellen wir Informationen \u00fcber CBD zur Verf\u00fcgung, um Ihnen zu helfen festzustellen, welches Produkt Sie am besten ausw\u00e4hlen k\u00f6nnen.\",\"breadcrumb\":{\"@id\":\"https:\\\/\\\/cbdplein.nl\\\/de\\\/cbd-produkthilfe\\\/#breadcrumb\"},\"inLanguage\":\"de\",\"potentialAction\":[{\"@type\":\"ReadAction\",\"target\":[\"https:\\\/\\\/cbdplein.nl\\\/de\\\/cbd-produkthilfe\\\/\"]}]},{\"@type\":\"ImageObject\",\"inLanguage\":\"de\",\"@id\":\"https:\\\/\\\/cbdplein.nl\\\/de\\\/cbd-produkthilfe\\\/#primaryimage\",\"url\":\"https:\\\/\\\/cbdplein.nl\\\/wp-content\\\/uploads\\\/2017\\\/04\\\/cbd-olie-kopen.jpg\",\"contentUrl\":\"https:\\\/\\\/cbdplein.nl\\\/wp-content\\\/uploads\\\/2017\\\/04\\\/cbd-olie-kopen.jpg\",\"width\":1000,\"height\":320,\"caption\":\"productwijzer\"},{\"@type\":\"BreadcrumbList\",\"@id\":\"https:\\\/\\\/cbdplein.nl\\\/de\\\/cbd-produkthilfe\\\/#breadcrumb\",\"itemListElement\":[{\"@type\":\"ListItem\",\"position\":1,\"name\":\"Home\",\"item\":\"https:\\\/\\\/cbdplein.nl\\\/de\\\/\"},{\"@type\":\"ListItem\",\"position\":2,\"name\":\"CBD Produkthilfe\"}]},{\"@type\":\"WebSite\",\"@id\":\"https:\\\/\\\/cbdplein.nl\\\/#website\",\"url\":\"https:\\\/\\\/cbdplein.nl\\\/\",\"name\":\"CBD Plein\",\"description\":\"&nbsp;Vertraut seit 2016\",\"publisher\":{\"@id\":\"https:\\\/\\\/cbdplein.nl\\\/#organization\"},\"potentialAction\":[{\"@type\":\"SearchAction\",\"target\":{\"@type\":\"EntryPoint\",\"urlTemplate\":\"https:\\\/\\\/cbdplein.nl\\\/?s={search_term_string}\"},\"query-input\":{\"@type\":\"PropertyValueSpecification\",\"valueRequired\":true,\"valueName\":\"search_term_string\"}}],\"inLanguage\":\"de\"},{\"@type\":\"Organization\",\"@id\":\"https:\\\/\\\/cbdplein.nl\\\/#organization\",\"name\":\"CBD Plein\",\"url\":\"https:\\\/\\\/cbdplein.nl\\\/\",\"logo\":{\"@type\":\"ImageObject\",\"inLanguage\":\"de\",\"@id\":\"https:\\\/\\\/cbdplein.nl\\\/#\\\/schema\\\/logo\\\/image\\\/\",\"url\":\"https:\\\/\\\/cbdplein.nl\\\/wp-content\\\/uploads\\\/2021\\\/11\\\/logo-cbdplein-new.png\",\"contentUrl\":\"https:\\\/\\\/cbdplein.nl\\\/wp-content\\\/uploads\\\/2021\\\/11\\\/logo-cbdplein-new.png\",\"width\":350,\"height\":70,\"caption\":\"CBD Plein\"},\"image\":{\"@id\":\"https:\\\/\\\/cbdplein.nl\\\/#\\\/schema\\\/logo\\\/image\\\/\"}}]}<\/script>\n<!-- \/ Yoast SEO plugin. -->","yoast_head_json":{"title":"CBD Produkthilfe &#8226; CBD Plein","description":"Hier stellen wir Informationen \u00fcber CBD zur Verf\u00fcgung, um Ihnen zu helfen festzustellen, welches Produkt Sie am besten ausw\u00e4hlen k\u00f6nnen.","robots":{"index":"index","follow":"follow","max-snippet":"max-snippet:-1","max-image-preview":"max-image-preview:large","max-video-preview":"max-video-preview:-1"},"canonical":"https:\/\/cbdplein.nl\/de\/cbd-produkthilfe\/","og_locale":"de_DE","og_type":"article","og_title":"CBD Produkthilfe &#8226; CBD Plein","og_description":"Hier stellen wir Informationen \u00fcber CBD zur Verf\u00fcgung, um Ihnen zu helfen festzustellen, welches Produkt Sie am besten ausw\u00e4hlen k\u00f6nnen.","og_url":"https:\/\/cbdplein.nl\/de\/cbd-produkthilfe\/","og_site_name":"CBD Plein","article_modified_time":"2022-12-28T16:08:47+00:00","og_image":[{"width":1000,"height":320,"url":"https:\/\/cbdplein.nl\/wp-content\/uploads\/2017\/04\/cbd-olie-kopen.jpg","type":"image\/jpeg"}],"twitter_card":"summary_large_image","twitter_misc":{"Gesch\u00e4tzte Lesezeit":"3\u00a0Minuten"},"schema":{"@context":"https:\/\/schema.org","@graph":[{"@type":"WebPage","@id":"https:\/\/cbdplein.nl\/de\/cbd-produkthilfe\/","url":"https:\/\/cbdplein.nl\/de\/cbd-produkthilfe\/","name":"CBD Produkthilfe &#8226; CBD Plein","isPartOf":{"@id":"https:\/\/cbdplein.nl\/#website"},"primaryImageOfPage":{"@id":"https:\/\/cbdplein.nl\/de\/cbd-produkthilfe\/#primaryimage"},"image":{"@id":"https:\/\/cbdplein.nl\/de\/cbd-produkthilfe\/#primaryimage"},"thumbnailUrl":"https:\/\/cbdplein.nl\/wp-content\/uploads\/2017\/04\/cbd-olie-kopen.jpg","datePublished":"2022-12-28T16:08:45+00:00","dateModified":"2022-12-28T16:08:47+00:00","description":"Hier stellen wir Informationen \u00fcber CBD zur Verf\u00fcgung, um Ihnen zu helfen festzustellen, welches Produkt Sie am besten ausw\u00e4hlen k\u00f6nnen.","breadcrumb":{"@id":"https:\/\/cbdplein.nl\/de\/cbd-produkthilfe\/#breadcrumb"},"inLanguage":"de","potentialAction":[{"@type":"ReadAction","target":["https:\/\/cbdplein.nl\/de\/cbd-produkthilfe\/"]}]},{"@type":"ImageObject","inLanguage":"de","@id":"https:\/\/cbdplein.nl\/de\/cbd-produkthilfe\/#primaryimage","url":"https:\/\/cbdplein.nl\/wp-content\/uploads\/2017\/04\/cbd-olie-kopen.jpg","contentUrl":"https:\/\/cbdplein.nl\/wp-content\/uploads\/2017\/04\/cbd-olie-kopen.jpg","width":1000,"height":320,"caption":"productwijzer"},{"@type":"BreadcrumbList","@id":"https:\/\/cbdplein.nl\/de\/cbd-produkthilfe\/#breadcrumb","itemListElement":[{"@type":"ListItem","position":1,"name":"Home","item":"https:\/\/cbdplein.nl\/de\/"},{"@type":"ListItem","position":2,"name":"CBD Produkthilfe"}]},{"@type":"WebSite","@id":"https:\/\/cbdplein.nl\/#website","url":"https:\/\/cbdplein.nl\/","name":"CBD Plein","description":"&nbsp;Vertraut seit 2016","publisher":{"@id":"https:\/\/cbdplein.nl\/#organization"},"potentialAction":[{"@type":"SearchAction","target":{"@type":"EntryPoint","urlTemplate":"https:\/\/cbdplein.nl\/?s={search_term_string}"},"query-input":{"@type":"PropertyValueSpecification","valueRequired":true,"valueName":"search_term_string"}}],"inLanguage":"de"},{"@type":"Organization","@id":"https:\/\/cbdplein.nl\/#organization","name":"CBD Plein","url":"https:\/\/cbdplein.nl\/","logo":{"@type":"ImageObject","inLanguage":"de","@id":"https:\/\/cbdplein.nl\/#\/schema\/logo\/image\/","url":"https:\/\/cbdplein.nl\/wp-content\/uploads\/2021\/11\/logo-cbdplein-new.png","contentUrl":"https:\/\/cbdplein.nl\/wp-content\/uploads\/2021\/11\/logo-cbdplein-new.png","width":350,"height":70,"caption":"CBD Plein"},"image":{"@id":"https:\/\/cbdplein.nl\/#\/schema\/logo\/image\/"}}]}},"_links":{"self":[{"href":"https:\/\/cbdplein.nl\/de\/wp-json\/wp\/v2\/pages\/6075","targetHints":{"allow":["GET"]}}],"collection":[{"href":"https:\/\/cbdplein.nl\/de\/wp-json\/wp\/v2\/pages"}],"about":[{"href":"https:\/\/cbdplein.nl\/de\/wp-json\/wp\/v2\/types\/page"}],"author":[{"embeddable":true,"href":"https:\/\/cbdplein.nl\/de\/wp-json\/wp\/v2\/users\/1"}],"replies":[{"embeddable":true,"href":"https:\/\/cbdplein.nl\/de\/wp-json\/wp\/v2\/comments?post=6075"}],"version-history":[{"count":0,"href":"https:\/\/cbdplein.nl\/de\/wp-json\/wp\/v2\/pages\/6075\/revisions"}],"wp:featuredmedia":[{"embeddable":true,"href":"https:\/\/cbdplein.nl\/de\/wp-json\/wp\/v2\/media\/3656"}],"wp:attachment":[{"href":"https:\/\/cbdplein.nl\/de\/wp-json\/wp\/v2\/media?parent=6075"}],"curies":[{"name":"wp","href":"https:\/\/api.w.org\/{rel}","templated":true}]}}