{"id":6302,"date":"2018-06-07T16:57:08","date_gmt":"2018-06-07T14:57:08","guid":{"rendered":"https:\/\/cbdplein.nl\/?page_id=6302"},"modified":"2022-10-14T19:32:19","modified_gmt":"2022-10-14T17:32:19","slug":"wedihemp","status":"publish","type":"page","link":"https:\/\/cbdplein.nl\/de\/wedihemp\/","title":{"rendered":"Wedihemp"},"content":{"rendered":"\n<h2 class=\"wp-block-heading\">Wedihemp: Die Kraft eines Handwerks<\/h2>\n\n\n\n<p><strong>Update:<\/strong> Im Oktober 2022 wurde der Markenname Medihemp in Wedihemp ge\u00e4ndert.<\/p>\n\n\n\n<p>Wie kann man die Kraft der Natur auf angenehme Weise nutzen, um viele Arten von St\u00f6rungen zu bek\u00e4mpfen? Da die Gr\u00fcnder von Wedihemp nicht auf moderne chemische Medikamente angewiesen sein wollten, suchte das \u00f6sterreichische Familienunternehmen ein vielseitiges, nat\u00fcrliches Produkt, das die Antwort auf diese Frage gibt.<\/p>\n\n\n\n<p>Die nat\u00fcrliche Kraft von Hanf ist seit einiger Zeit bekannt. Wedihemp wurde bekannt durch die Kombination von Hanf und t\u00e4glichen Gesundheitsprodukten. So wurden zwischen den charakteristischen \u00f6sterreichischen (Burgenland) Weinreben die ersten 15 Hektar mit Hanf bepflanzt. Aufgrund des unvorhergesehenen Erfolgs dieser leistungsstarken Produkte, ist im Laufe der Jahre viel passiert, wie zB. die Einf\u00fchrung der CBD-Kapseln und CBG-\u00d6l. Mittlerweile sind die Hanffelder auf \u00fcber 400 Hektar angewachsen und das Ende des Wachstums ist noch nicht in Sicht.<\/p>\n\n\n\n<p>Nachhaltigkeit ist bei Wedihemp von gr\u00f6\u00dfter Bedeutung. Zum Beispiel verwendet das Familienunternehmen seine eigene Ernte in mehr M\u00f6glichkeiten, als Sie vielleicht denken. Das organische Hanfsamen\u00f6l, in dem der CBD-Extrakt gel\u00f6st ist, macht Wedihemp selber mit viel Liebe. Selbst das Isoliermaterial in dem Geb\u00e4ude, in dem sich Wedihemp befindet, besteht aus Hanf aus eigener Ernte.<\/p>\n\n\n\n<h2 class=\"wp-block-heading\">Standards<\/h2>\n\n\n\n<p>Ein biologischer Standard ist nicht eine Kleinigkeit. Zu Beginn werden regelm\u00e4\u00dfige Inspektionen durchgef\u00fchrt. Organische und nicht-organische Produkte werden im gesamten Prozess getrennt. Wedihemp geht noch einen Schritt weiter und setzt spezielles Erntepersonal f\u00fcr die biologischen Felder ein und verwendet Extraktionsmaschinen f\u00fcr das organische Pflanzenmaterial. Die Maschinen werden zun\u00e4chst gr\u00fcndlich gereinigt und das biologische Endprodukt wird getrennt gelagert.<\/p>\n\n\n\n<p>Beim Anbau und der Ernte von Wedihemps Faserhanf werden Chemikalien wie Kunstd\u00fcnger, Pestizide, Antibiotika oder k\u00fcnstliche Zusatzstoffe nie verwendet. Die Produkte sind nicht genetisch ver\u00e4ndert und Gammastrahlung wird ebenfalls vermieden. Wedihemp ist bekannt f\u00fcr die strenge \u00dcberwachung sauberer landwirtschaftlicher Fl\u00e4chen. Zum Beispiel muss der Boden mindestens 3 Jahre lang frei von Chemikalien sein, die Wedihemp f\u00fcr den Hanfanbau verwendet.<\/p>\n\n\n\n<p><iframe loading=\"lazy\" src=\"\/\/www.youtube.com\/embed\/hTXTNuGaFuU\" width=\"560\" height=\"314\" allowfullscreen=\"allowfullscreen\"><\/iframe><\/p>\n\n\n\n<h2 class=\"wp-block-heading\">Analyse<\/h2>\n\n\n\n<p>Der Prozess wird genau \u00fcberwacht und beginnt mit dem Hanfsamen. Zum Beispiel werden eine gro\u00dfe Anzahl von Labortests w\u00e4hrend des Wachstums und der Gewinnung des \u00d6ls durchgef\u00fchrt. Wedihemp f\u00fchrt auch verschiedene unabh\u00e4ngige Labore durch, um zu \u00fcberpr\u00fcfen, ob die gemessenen Werte \u00fcbereinstimmen. Auf diese Weise sind Sie von CBD-\u00d6lprodukten h\u00f6chster Qualit\u00e4t gew\u00e4hrleistet.<\/p>\n\n\n\n<h2 class=\"wp-block-heading\">Der Prozess der Analyse<\/h2>\n\n\n\n<p>Nicht nur das Endprodukt wird getestet. Im gesamten Prozess, vom Saatgut bis zum Endprodukt, gibt es Testmomente f\u00fcr die Kontrolle. Die Samen werden bereits auf CBD \/ CBDa und THC \/ THCa-Spiegel, Schwermetalle, Pestizide, Aflatoxine und mikrobiologische Kontaminanten getestet. Zus\u00e4tzlich werden der Feuchtigkeitsgehalt, die Dichte, die Menge an freien Fetts\u00e4uren und nicht l\u00f6sliche Verunreinigungen in den Samen bestimmt. Der S\u00e4uregehalt (PH) und der Peroxidgehalt werden ebenfalls gemessen.<\/p>\n\n\n\n<p>W\u00e4hrend des Wachstums der Hanfpflanzen werden die CBD \/ CBDa und THC \/ THCa-Werte erneut gemessen. Und kurz vor der Ernte wird der Test erneut durchgef\u00fchrt, um die Prozents\u00e4tze von Cannabinoiden in Pflanzen zu bestimmen.<\/p>\n\n\n\n<p>Anschlie\u00dfend wird das getrocknete Pflanzenmaterial erneut umfassend auf allen vorgenannten Gegenst\u00e4nden getestet. Und dann noch einmal nach der CBD-Extraktion und ein letztes Mal, wenn das Produkt zur Abf\u00fcllung bereit ist.<\/p>\n\n\n\n<h2 class=\"wp-block-heading\">Die Natur ist sch\u00f6n, aber kein Tag ist derselbe<\/h2>\n\n\n\n<p>Da Wedihemp biologische Produkte herstellt, unterscheiden sich Geschmack, Farbe und Substanz je Charge. Dies liegt an den Bedingungen, unter denen die Pflanzen wachsen. Denken Sie an Sonne, Niederschlag, Temperatur, Pflanzenart, Zusammensetzung des Bodens, etc. Aber es ist auch ein Signal, dass Wedihemp keine Chemikalien oder andere Substanzen hinzuf\u00fcgt, um den reinen CBD-Extrakt anzupassen.<\/p>\n\n\n\n<p>Die Pflanzen produzieren unterschiedliche Mengen an Substanzen, abh\u00e4ngig von den nat\u00fcrlichen Bedingungen. So enthalten die Pflanzen jedes Mal ein etwas anderes Verh\u00e4ltnis von Cannabinoiden, Terpenen und mehr. CBD-Produkte von Wedihemp sind echte Naturprodukte.<\/p>\n\n\n\n<p>Der CBD-Inhalt wird streng \u00fcberwacht. von Hanfsamen bis zum fertigen Produkt.<\/p>\n\n\n\n<p>Die folgenden Wedihemp-Produkte sind bei unseren Kunden sehr beliebt.<\/p>\n\n\n<div class=\"woocommerce columns-2 \"><ul class=\"products columns-2\">\n<li class=\"sales-flash-overlay woocommerce-text-align-center woocommerce-image-align-center do-quantity-buttons product type-product post-3783 status-publish first instock product_cat-cbd-de has-post-thumbnail taxable shipping-taxable purchasable product-type-simple\">\n\t<a href=\"https:\/\/cbdplein.nl\/de\/shop\/cbd-oel-raw-5-10ml-wedihemp\/\" class=\"woocommerce-LoopProduct-link woocommerce-loop-product__link\"><img loading=\"lazy\" decoding=\"async\" width=\"300\" height=\"300\" src=\"https:\/\/cbdplein.nl\/wp-content\/uploads\/2024\/12\/Wedihemp-CBD-Olie-5-10-300x300.png\" class=\"attachment-woocommerce_thumbnail size-woocommerce_thumbnail\" alt=\"Dieses 5% CBD-\u00d6l ist bei unseren Kunden besonders beliebt. Es ist sehr vielseitig, leistungsstark und erschwinglich.\" srcset=\"https:\/\/cbdplein.nl\/wp-content\/uploads\/2024\/12\/Wedihemp-CBD-Olie-5-10-300x300.png 300w, https:\/\/cbdplein.nl\/wp-content\/uploads\/2024\/12\/Wedihemp-CBD-Olie-5-10-150x150.png 150w, https:\/\/cbdplein.nl\/wp-content\/uploads\/2024\/12\/Wedihemp-CBD-Olie-5-10-768x768.png 768w, https:\/\/cbdplein.nl\/wp-content\/uploads\/2024\/12\/Wedihemp-CBD-Olie-5-10-600x600.png 600w, https:\/\/cbdplein.nl\/wp-content\/uploads\/2024\/12\/Wedihemp-CBD-Olie-5-10-100x100.png 100w, https:\/\/cbdplein.nl\/wp-content\/uploads\/2024\/12\/Wedihemp-CBD-Olie-5-10.png 1024w\" sizes=\"auto, (max-width: 300px) 100vw, 300px\" \/><h2 class=\"woocommerce-loop-product__title\">CBD \u00d6l Raw 5% 10ml Wedihemp<\/h2>\n\t<span class=\"price\"><span class=\"woocommerce-Price-amount amount\"><bdi><span class=\"woocommerce-Price-currencySymbol\">&euro;<\/span>29,50<\/bdi><\/span><\/span>\n<\/a><a href=\"\/de\/wp-json\/wp\/v2\/pages\/6302?add-to-cart=3783\" aria-describedby=\"woocommerce_loop_add_to_cart_link_describedby_3783\" data-quantity=\"1\" class=\"button product_type_simple add_to_cart_button ajax_add_to_cart\" data-product_id=\"3783\" data-product_sku=\"1238n\" aria-label=\"In den Warenkorb legen: \u201eCBD \u00d6l Raw 5% 10ml Wedihemp\u201c\" rel=\"nofollow\" data-success_message=\"\u201eCBD \u00d6l Raw 5% 10ml Wedihemp\u201c wurde Ihrem Warenkorb hinzugef\u00fcgt\">Im Warenkorb<\/a>\t<span id=\"woocommerce_loop_add_to_cart_link_describedby_3783\" class=\"screen-reader-text\">\n\t\t\t<\/span>\n<\/li>\n<li class=\"sales-flash-overlay woocommerce-text-align-center woocommerce-image-align-center do-quantity-buttons product type-product post-3826 status-publish last instock product_cat-cbd-de has-post-thumbnail taxable shipping-taxable purchasable product-type-simple\">\n\t<a href=\"https:\/\/cbdplein.nl\/de\/shop\/cbd-oel-raw-10-10ml-wedihemp\/\" class=\"woocommerce-LoopProduct-link woocommerce-loop-product__link\"><img loading=\"lazy\" decoding=\"async\" width=\"300\" height=\"300\" src=\"https:\/\/cbdplein.nl\/wp-content\/uploads\/2024\/12\/Wedihemp-CBD-Olie-10-10-300x300.png\" class=\"attachment-woocommerce_thumbnail size-woocommerce_thumbnail\" alt=\"Ein besonders starkes 10% CBD-\u00d6l, das eine L\u00f6sung f\u00fcr Menschen sein kann, bei denen die Wirkung des 5 %igen \u00d6ls unzureichend ist.\" srcset=\"https:\/\/cbdplein.nl\/wp-content\/uploads\/2024\/12\/Wedihemp-CBD-Olie-10-10-300x300.png 300w, https:\/\/cbdplein.nl\/wp-content\/uploads\/2024\/12\/Wedihemp-CBD-Olie-10-10-150x150.png 150w, https:\/\/cbdplein.nl\/wp-content\/uploads\/2024\/12\/Wedihemp-CBD-Olie-10-10-768x768.png 768w, https:\/\/cbdplein.nl\/wp-content\/uploads\/2024\/12\/Wedihemp-CBD-Olie-10-10-600x600.png 600w, https:\/\/cbdplein.nl\/wp-content\/uploads\/2024\/12\/Wedihemp-CBD-Olie-10-10-100x100.png 100w, https:\/\/cbdplein.nl\/wp-content\/uploads\/2024\/12\/Wedihemp-CBD-Olie-10-10.png 1024w\" sizes=\"auto, (max-width: 300px) 100vw, 300px\" \/><h2 class=\"woocommerce-loop-product__title\">CBD \u00d6l Raw 10% 10ml Wedihemp<\/h2>\n\t<span class=\"price\"><span class=\"woocommerce-Price-amount amount\"><bdi><span class=\"woocommerce-Price-currencySymbol\">&euro;<\/span>59,50<\/bdi><\/span><\/span>\n<\/a><a href=\"\/de\/wp-json\/wp\/v2\/pages\/6302?add-to-cart=3826\" aria-describedby=\"woocommerce_loop_add_to_cart_link_describedby_3826\" data-quantity=\"1\" class=\"button product_type_simple add_to_cart_button ajax_add_to_cart\" data-product_id=\"3826\" data-product_sku=\"1239n\" aria-label=\"In den Warenkorb legen: \u201eCBD \u00d6l Raw 10% 10ml Wedihemp\u201c\" rel=\"nofollow\" data-success_message=\"\u201eCBD \u00d6l Raw 10% 10ml Wedihemp\u201c wurde Ihrem Warenkorb hinzugef\u00fcgt\">Im Warenkorb<\/a>\t<span id=\"woocommerce_loop_add_to_cart_link_describedby_3826\" class=\"screen-reader-text\">\n\t\t\t<\/span>\n<\/li>\n<\/ul>\n<\/div>\n\n\n\n<p>Eine komplette \u00dcbersicht finden Sie in unserem <a href=\"https:\/\/cbdplein.nl\/de\/produkt-kategorie\/cbd-de\/\">Webshop<\/a>.<\/p>\n\n\n\n<h2 class=\"wp-block-heading\">Besser absorbiert aufgrund der erh\u00f6hten Bioverf\u00fcgbarkeit<\/h2>\n\n\n\n<p>Das Wedihemp CBD Oil Raw hat jetzt eine neue Formel, die die Bioverf\u00fcgbarkeit erh\u00f6ht. Dies bedeutet, dass die Cannabinoide besser vom K\u00f6rper aufgenommen werden k\u00f6nnen. Dar\u00fcber hinaus hat Wedihemp einen Weg gefunden, das Wachs aus dem Extrakt zu extrahieren. Es erkl\u00e4rt, warum CBD \u00d6l Raw heller und weniger viskos ist als zuvor.<\/p>\n\n\n\n<h2 class=\"wp-block-heading\">Zertifizierung<\/h2>\n\n\n\n<p>Nicht nur die Produkte, sondern auch der Herstellungsprozess des \u00d6ls erf\u00fcllen hohe Standards.<\/p>\n\n\n\n<p>Alle Wedihemp-Produkte sind zertifiziert biologisch und erf\u00fcllen strenge Anforderungen. Verkauf, Produktion und Export erfolgen nach: Austria Bio Garantie GmbH, AT BIO-301, FN 78753p, 2202 Enzersfeld \u00d6sterreich. Die Durchf\u00fchrung einer Bio-Zertifizierung stellt sicher, dass Wedihemp im Bereich des Verkaufs von CBD-Produkten unterscheidend ist.<\/p>\n\n\n\n<p>Wedihemp ist SKAL-zertifiziert. Diese unabh\u00e4ngige Organisation kontrolliert streng die verwendeten Rohstoffe und Produktionsmethoden, um das organische Qualit\u00e4tszeichen zu garantieren.<\/p>\n\n\n\n<p>Zum Zeitpunkt des Schreibens ist Wedihemp gerade in einen hypermodernen und viel gr\u00f6\u00dferen Standort umgezogen. Dies beinhaltet direkt die Qualit\u00e4tsstandards von IFS Food und ICCI.\u00a0Der IFS Food Standard ist ein anerkannter Standard der GFSI (Global Food Safety Initiative) f\u00fcr die Kontrolle von Lebensmittelherstellern. Im Fokus stehen vor allem die Lebensmittelsicherheit und die Qualit\u00e4t der Prozesse und Produkte.<\/p>\n\n\n\n<p>Jetzt wissen Sie, was bei der Herstellung dieses sch\u00f6nen <a href=\"https:\/\/cbdplein.nl\/de\/produkt-kategorie\/cbd-de\/\">Produkts<\/a> geschieht; von Hanfsamen bis zum fertigen Produkt.<\/p>\n","protected":false},"excerpt":{"rendered":"<p>Wedihemp: Die Kraft eines Handwerks Update: Im Oktober 2022 wurde der Markenname Medihemp in Wedihemp ge\u00e4ndert. Wie kann man die Kraft der Natur auf angenehme &#8230; <a title=\"Wedihemp\" class=\"read-more\" href=\"https:\/\/cbdplein.nl\/de\/wedihemp\/\" aria-label=\"Mehr Informationen \u00fcber Wedihemp\">Weiterlesen<\/a><\/p>\n","protected":false},"author":1,"featured_media":0,"parent":0,"menu_order":0,"comment_status":"closed","ping_status":"closed","template":"","meta":{"footnotes":""},"class_list":["post-6302","page","type-page","status-publish"],"yoast_head":"<!-- This site is optimized with the Yoast SEO plugin v27.4 - https:\/\/yoast.com\/product\/yoast-seo-wordpress\/ -->\n<title>Wedihemp &#8226; CBD Plein<\/title>\n<meta name=\"description\" content=\"Lesen Sie alles, was Sie wissen sollen \u00fcber die Herkunft und Arbeitsweise von Wedihemp und warum wir uns f\u00fcr ihre Produkte entschieden haben.\" \/>\n<meta name=\"robots\" content=\"index, follow, max-snippet:-1, max-image-preview:large, max-video-preview:-1\" \/>\n<link rel=\"canonical\" href=\"https:\/\/cbdplein.nl\/de\/wedihemp\/\" \/>\n<meta property=\"og:locale\" content=\"de_DE\" \/>\n<meta property=\"og:type\" content=\"article\" \/>\n<meta property=\"og:title\" content=\"Wedihemp &#8226; CBD Plein\" \/>\n<meta property=\"og:description\" content=\"Lesen Sie alles, was Sie wissen sollen \u00fcber die Herkunft und Arbeitsweise von Wedihemp und warum wir uns f\u00fcr ihre Produkte entschieden haben.\" \/>\n<meta property=\"og:url\" content=\"https:\/\/cbdplein.nl\/de\/wedihemp\/\" \/>\n<meta property=\"og:site_name\" content=\"CBD Plein\" \/>\n<meta property=\"article:modified_time\" content=\"2022-10-14T17:32:19+00:00\" \/>\n<meta name=\"twitter:card\" content=\"summary_large_image\" \/>\n<meta name=\"twitter:label1\" content=\"Gesch\u00e4tzte Lesezeit\" \/>\n\t<meta name=\"twitter:data1\" content=\"5\u00a0Minuten\" \/>\n<script type=\"application\/ld+json\" class=\"yoast-schema-graph\">{\"@context\":\"https:\\\/\\\/schema.org\",\"@graph\":[{\"@type\":\"WebPage\",\"@id\":\"https:\\\/\\\/cbdplein.nl\\\/de\\\/wedihemp\\\/\",\"url\":\"https:\\\/\\\/cbdplein.nl\\\/de\\\/wedihemp\\\/\",\"name\":\"Wedihemp &#8226; CBD Plein\",\"isPartOf\":{\"@id\":\"https:\\\/\\\/cbdplein.nl\\\/#website\"},\"datePublished\":\"2018-06-07T14:57:08+00:00\",\"dateModified\":\"2022-10-14T17:32:19+00:00\",\"description\":\"Lesen Sie alles, was Sie wissen sollen \u00fcber die Herkunft und Arbeitsweise von Wedihemp und warum wir uns f\u00fcr ihre Produkte entschieden haben.\",\"breadcrumb\":{\"@id\":\"https:\\\/\\\/cbdplein.nl\\\/de\\\/wedihemp\\\/#breadcrumb\"},\"inLanguage\":\"de\",\"potentialAction\":[{\"@type\":\"ReadAction\",\"target\":[\"https:\\\/\\\/cbdplein.nl\\\/de\\\/wedihemp\\\/\"]}]},{\"@type\":\"BreadcrumbList\",\"@id\":\"https:\\\/\\\/cbdplein.nl\\\/de\\\/wedihemp\\\/#breadcrumb\",\"itemListElement\":[{\"@type\":\"ListItem\",\"position\":1,\"name\":\"Home\",\"item\":\"https:\\\/\\\/cbdplein.nl\\\/de\\\/\"},{\"@type\":\"ListItem\",\"position\":2,\"name\":\"Wedihemp\"}]},{\"@type\":\"WebSite\",\"@id\":\"https:\\\/\\\/cbdplein.nl\\\/#website\",\"url\":\"https:\\\/\\\/cbdplein.nl\\\/\",\"name\":\"CBD Plein\",\"description\":\"&nbsp;Vertraut seit 2016\",\"publisher\":{\"@id\":\"https:\\\/\\\/cbdplein.nl\\\/#organization\"},\"potentialAction\":[{\"@type\":\"SearchAction\",\"target\":{\"@type\":\"EntryPoint\",\"urlTemplate\":\"https:\\\/\\\/cbdplein.nl\\\/?s={search_term_string}\"},\"query-input\":{\"@type\":\"PropertyValueSpecification\",\"valueRequired\":true,\"valueName\":\"search_term_string\"}}],\"inLanguage\":\"de\"},{\"@type\":\"Organization\",\"@id\":\"https:\\\/\\\/cbdplein.nl\\\/#organization\",\"name\":\"CBD Plein\",\"url\":\"https:\\\/\\\/cbdplein.nl\\\/\",\"logo\":{\"@type\":\"ImageObject\",\"inLanguage\":\"de\",\"@id\":\"https:\\\/\\\/cbdplein.nl\\\/#\\\/schema\\\/logo\\\/image\\\/\",\"url\":\"https:\\\/\\\/cbdplein.nl\\\/wp-content\\\/uploads\\\/2021\\\/11\\\/logo-cbdplein-new.png\",\"contentUrl\":\"https:\\\/\\\/cbdplein.nl\\\/wp-content\\\/uploads\\\/2021\\\/11\\\/logo-cbdplein-new.png\",\"width\":350,\"height\":70,\"caption\":\"CBD Plein\"},\"image\":{\"@id\":\"https:\\\/\\\/cbdplein.nl\\\/#\\\/schema\\\/logo\\\/image\\\/\"}}]}<\/script>\n<!-- \/ Yoast SEO plugin. -->","yoast_head_json":{"title":"Wedihemp &#8226; CBD Plein","description":"Lesen Sie alles, was Sie wissen sollen \u00fcber die Herkunft und Arbeitsweise von Wedihemp und warum wir uns f\u00fcr ihre Produkte entschieden haben.","robots":{"index":"index","follow":"follow","max-snippet":"max-snippet:-1","max-image-preview":"max-image-preview:large","max-video-preview":"max-video-preview:-1"},"canonical":"https:\/\/cbdplein.nl\/de\/wedihemp\/","og_locale":"de_DE","og_type":"article","og_title":"Wedihemp &#8226; CBD Plein","og_description":"Lesen Sie alles, was Sie wissen sollen \u00fcber die Herkunft und Arbeitsweise von Wedihemp und warum wir uns f\u00fcr ihre Produkte entschieden haben.","og_url":"https:\/\/cbdplein.nl\/de\/wedihemp\/","og_site_name":"CBD Plein","article_modified_time":"2022-10-14T17:32:19+00:00","twitter_card":"summary_large_image","twitter_misc":{"Gesch\u00e4tzte Lesezeit":"5\u00a0Minuten"},"schema":{"@context":"https:\/\/schema.org","@graph":[{"@type":"WebPage","@id":"https:\/\/cbdplein.nl\/de\/wedihemp\/","url":"https:\/\/cbdplein.nl\/de\/wedihemp\/","name":"Wedihemp &#8226; CBD Plein","isPartOf":{"@id":"https:\/\/cbdplein.nl\/#website"},"datePublished":"2018-06-07T14:57:08+00:00","dateModified":"2022-10-14T17:32:19+00:00","description":"Lesen Sie alles, was Sie wissen sollen \u00fcber die Herkunft und Arbeitsweise von Wedihemp und warum wir uns f\u00fcr ihre Produkte entschieden haben.","breadcrumb":{"@id":"https:\/\/cbdplein.nl\/de\/wedihemp\/#breadcrumb"},"inLanguage":"de","potentialAction":[{"@type":"ReadAction","target":["https:\/\/cbdplein.nl\/de\/wedihemp\/"]}]},{"@type":"BreadcrumbList","@id":"https:\/\/cbdplein.nl\/de\/wedihemp\/#breadcrumb","itemListElement":[{"@type":"ListItem","position":1,"name":"Home","item":"https:\/\/cbdplein.nl\/de\/"},{"@type":"ListItem","position":2,"name":"Wedihemp"}]},{"@type":"WebSite","@id":"https:\/\/cbdplein.nl\/#website","url":"https:\/\/cbdplein.nl\/","name":"CBD Plein","description":"&nbsp;Vertraut seit 2016","publisher":{"@id":"https:\/\/cbdplein.nl\/#organization"},"potentialAction":[{"@type":"SearchAction","target":{"@type":"EntryPoint","urlTemplate":"https:\/\/cbdplein.nl\/?s={search_term_string}"},"query-input":{"@type":"PropertyValueSpecification","valueRequired":true,"valueName":"search_term_string"}}],"inLanguage":"de"},{"@type":"Organization","@id":"https:\/\/cbdplein.nl\/#organization","name":"CBD Plein","url":"https:\/\/cbdplein.nl\/","logo":{"@type":"ImageObject","inLanguage":"de","@id":"https:\/\/cbdplein.nl\/#\/schema\/logo\/image\/","url":"https:\/\/cbdplein.nl\/wp-content\/uploads\/2021\/11\/logo-cbdplein-new.png","contentUrl":"https:\/\/cbdplein.nl\/wp-content\/uploads\/2021\/11\/logo-cbdplein-new.png","width":350,"height":70,"caption":"CBD Plein"},"image":{"@id":"https:\/\/cbdplein.nl\/#\/schema\/logo\/image\/"}}]}},"_links":{"self":[{"href":"https:\/\/cbdplein.nl\/de\/wp-json\/wp\/v2\/pages\/6302","targetHints":{"allow":["GET"]}}],"collection":[{"href":"https:\/\/cbdplein.nl\/de\/wp-json\/wp\/v2\/pages"}],"about":[{"href":"https:\/\/cbdplein.nl\/de\/wp-json\/wp\/v2\/types\/page"}],"author":[{"embeddable":true,"href":"https:\/\/cbdplein.nl\/de\/wp-json\/wp\/v2\/users\/1"}],"replies":[{"embeddable":true,"href":"https:\/\/cbdplein.nl\/de\/wp-json\/wp\/v2\/comments?post=6302"}],"version-history":[{"count":0,"href":"https:\/\/cbdplein.nl\/de\/wp-json\/wp\/v2\/pages\/6302\/revisions"}],"wp:attachment":[{"href":"https:\/\/cbdplein.nl\/de\/wp-json\/wp\/v2\/media?parent=6302"}],"curies":[{"name":"wp","href":"https:\/\/api.w.org\/{rel}","templated":true}]}}