{"id":9250,"date":"2016-06-29T10:44:14","date_gmt":"2016-06-29T08:44:14","guid":{"rendered":"https:\/\/cbdplein.nl\/betalen\/"},"modified":"2026-04-23T19:49:25","modified_gmt":"2026-04-23T17:49:25","slug":"zahlungsarten","status":"publish","type":"page","link":"https:\/\/cbdplein.nl\/de\/zahlungsarten\/","title":{"rendered":"Zahlungsarten"},"content":{"rendered":"\n<p>Wir arbeiten mit CardGate\/Curo Payments zusammen. Dies ist ein Online-Zahlungssystem, das sichere Online-Zahlungen erm\u00f6glicht.<\/p>\n\n\n\n<p>Bei CBD Plein k\u00f6nnen Sie aus folgenden Zahlungsarten w\u00e4hlen:<\/p>\n\n\n\n<h3 class=\"wp-block-heading\">SofortBanking<\/h3>\n\n\n\n<p>SofortBanking ist eine der am schnellsten wachsenden Zahlungsmethoden in Europa.<\/p>\n\n\n\n<h3 class=\"wp-block-heading\">iDeal<\/h3>\n\n\n\n<p>iDeal ist die mit Abstand am h\u00e4ufigsten verwendete Zahlungsmethode in den Niederlanden. Dies kann \u00fcber alle niederl\u00e4ndischen Banken erfolgen.<\/p>\n\n\n\n<h3 class=\"wp-block-heading\">Bancontact<\/h3>\n\n\n\n<p>Bancontact ist zur bevorzugten Zahlungsmethode der belgischen Verbraucher geworden.<\/p>\n\n\n\n<h3 class=\"wp-block-heading\">Manuelle Bank\u00fcberweisung (auch sp\u00e4ter zahlen m\u00f6glich!)<\/h3>\n\n\n\n<p>\u00dcberweisen Sie die Zahlung unter Angabe der Bestellnummer selbst auf unser Bankkonto. Die Zahlungsdetails werden nach Eingang der Bestellung angezeigt. Folgendes gilt:<\/p>\n\n\n\n<ul class=\"wp-block-list\">\n<li><strong>Bestandskunden:<\/strong> Ihre Bestellung wird umgehend bearbeitet und zusammen mit der Rechnung versandt. Wir bitten Sie, innerhalb von 14 Tagen zu zahlen.<\/li>\n\n\n\n<li><strong>Neukunden:<\/strong> Ihre Bestellung wird bearbeitet, sobald Ihre Zahlung bei uns eingegangen ist. Nach 3 Bestellungen werden sie sofort bearbeitet und k\u00f6nnen innerhalb von 14 Tagen bezahlt werden.<\/li>\n<\/ul>\n\n\n\n<p>CBD Plein beh\u00e4lt sich das Recht vor, K\u00e4ufe auf Rechnung nicht immer zu akzeptieren.<\/p>\n\n\n\n<p>Unsere Bankdaten:<br><br>Bank: SNS Bank<br>Kontoinhaber: Mn Media<br>IBAN:&nbsp;NL40SNSB0821409794<br>BIC:&nbsp;SNSBNL2A<\/p>\n","protected":false},"excerpt":{"rendered":"<p>Wir arbeiten mit CardGate\/Curo Payments zusammen. Dies ist ein Online-Zahlungssystem, das sichere Online-Zahlungen erm\u00f6glicht. Bei CBD Plein k\u00f6nnen Sie aus folgenden Zahlungsarten w\u00e4hlen: SofortBanking SofortBanking &#8230; <a title=\"Zahlungsarten\" class=\"read-more\" href=\"https:\/\/cbdplein.nl\/de\/zahlungsarten\/\" aria-label=\"Mehr Informationen \u00fcber Zahlungsarten\">Weiterlesen<\/a><\/p>\n","protected":false},"author":1,"featured_media":0,"parent":0,"menu_order":0,"comment_status":"closed","ping_status":"closed","template":"","meta":{"footnotes":""},"class_list":["post-9250","page","type-page","status-publish"],"yoast_head":"<!-- This site is optimized with the Yoast SEO plugin v27.4 - https:\/\/yoast.com\/product\/yoast-seo-wordpress\/ -->\n<title>Zahlungsarten &#8226; CBD Plein<\/title>\n<meta name=\"description\" content=\"Wir bieten Ihnen verschiedene bequeme und sichere Zahlungsarten.\" \/>\n<meta name=\"robots\" content=\"index, follow, max-snippet:-1, max-image-preview:large, max-video-preview:-1\" \/>\n<link rel=\"canonical\" href=\"https:\/\/cbdplein.nl\/de\/zahlungsarten\/\" \/>\n<meta property=\"og:locale\" content=\"de_DE\" \/>\n<meta property=\"og:type\" content=\"article\" \/>\n<meta property=\"og:title\" content=\"Zahlungsarten &#8226; CBD Plein\" \/>\n<meta property=\"og:description\" content=\"Wir bieten Ihnen verschiedene bequeme und sichere Zahlungsarten.\" \/>\n<meta property=\"og:url\" content=\"https:\/\/cbdplein.nl\/de\/zahlungsarten\/\" \/>\n<meta property=\"og:site_name\" content=\"CBD Plein\" \/>\n<meta property=\"article:modified_time\" content=\"2026-04-23T17:49:25+00:00\" \/>\n<meta name=\"twitter:card\" content=\"summary_large_image\" \/>\n<meta name=\"twitter:label1\" content=\"Gesch\u00e4tzte Lesezeit\" \/>\n\t<meta name=\"twitter:data1\" content=\"1\u00a0Minute\" \/>\n<script type=\"application\/ld+json\" class=\"yoast-schema-graph\">{\"@context\":\"https:\\\/\\\/schema.org\",\"@graph\":[{\"@type\":\"WebPage\",\"@id\":\"https:\\\/\\\/cbdplein.nl\\\/de\\\/zahlungsarten\\\/\",\"url\":\"https:\\\/\\\/cbdplein.nl\\\/de\\\/zahlungsarten\\\/\",\"name\":\"Zahlungsarten &#8226; CBD Plein\",\"isPartOf\":{\"@id\":\"https:\\\/\\\/cbdplein.nl\\\/#website\"},\"datePublished\":\"2016-06-29T08:44:14+00:00\",\"dateModified\":\"2026-04-23T17:49:25+00:00\",\"description\":\"Wir bieten Ihnen verschiedene bequeme und sichere Zahlungsarten.\",\"breadcrumb\":{\"@id\":\"https:\\\/\\\/cbdplein.nl\\\/de\\\/zahlungsarten\\\/#breadcrumb\"},\"inLanguage\":\"de\",\"potentialAction\":[{\"@type\":\"ReadAction\",\"target\":[\"https:\\\/\\\/cbdplein.nl\\\/de\\\/zahlungsarten\\\/\"]}]},{\"@type\":\"BreadcrumbList\",\"@id\":\"https:\\\/\\\/cbdplein.nl\\\/de\\\/zahlungsarten\\\/#breadcrumb\",\"itemListElement\":[{\"@type\":\"ListItem\",\"position\":1,\"name\":\"Home\",\"item\":\"https:\\\/\\\/cbdplein.nl\\\/de\\\/\"},{\"@type\":\"ListItem\",\"position\":2,\"name\":\"Zahlungsarten\"}]},{\"@type\":\"WebSite\",\"@id\":\"https:\\\/\\\/cbdplein.nl\\\/#website\",\"url\":\"https:\\\/\\\/cbdplein.nl\\\/\",\"name\":\"CBD Plein\",\"description\":\"&nbsp;Vertraut seit 2016\",\"publisher\":{\"@id\":\"https:\\\/\\\/cbdplein.nl\\\/#organization\"},\"potentialAction\":[{\"@type\":\"SearchAction\",\"target\":{\"@type\":\"EntryPoint\",\"urlTemplate\":\"https:\\\/\\\/cbdplein.nl\\\/?s={search_term_string}\"},\"query-input\":{\"@type\":\"PropertyValueSpecification\",\"valueRequired\":true,\"valueName\":\"search_term_string\"}}],\"inLanguage\":\"de\"},{\"@type\":\"Organization\",\"@id\":\"https:\\\/\\\/cbdplein.nl\\\/#organization\",\"name\":\"CBD Plein\",\"url\":\"https:\\\/\\\/cbdplein.nl\\\/\",\"logo\":{\"@type\":\"ImageObject\",\"inLanguage\":\"de\",\"@id\":\"https:\\\/\\\/cbdplein.nl\\\/#\\\/schema\\\/logo\\\/image\\\/\",\"url\":\"https:\\\/\\\/cbdplein.nl\\\/wp-content\\\/uploads\\\/2021\\\/11\\\/logo-cbdplein-new.png\",\"contentUrl\":\"https:\\\/\\\/cbdplein.nl\\\/wp-content\\\/uploads\\\/2021\\\/11\\\/logo-cbdplein-new.png\",\"width\":350,\"height\":70,\"caption\":\"CBD Plein\"},\"image\":{\"@id\":\"https:\\\/\\\/cbdplein.nl\\\/#\\\/schema\\\/logo\\\/image\\\/\"}}]}<\/script>\n<!-- \/ Yoast SEO plugin. -->","yoast_head_json":{"title":"Zahlungsarten &#8226; CBD Plein","description":"Wir bieten Ihnen verschiedene bequeme und sichere Zahlungsarten.","robots":{"index":"index","follow":"follow","max-snippet":"max-snippet:-1","max-image-preview":"max-image-preview:large","max-video-preview":"max-video-preview:-1"},"canonical":"https:\/\/cbdplein.nl\/de\/zahlungsarten\/","og_locale":"de_DE","og_type":"article","og_title":"Zahlungsarten &#8226; CBD Plein","og_description":"Wir bieten Ihnen verschiedene bequeme und sichere Zahlungsarten.","og_url":"https:\/\/cbdplein.nl\/de\/zahlungsarten\/","og_site_name":"CBD Plein","article_modified_time":"2026-04-23T17:49:25+00:00","twitter_card":"summary_large_image","twitter_misc":{"Gesch\u00e4tzte Lesezeit":"1\u00a0Minute"},"schema":{"@context":"https:\/\/schema.org","@graph":[{"@type":"WebPage","@id":"https:\/\/cbdplein.nl\/de\/zahlungsarten\/","url":"https:\/\/cbdplein.nl\/de\/zahlungsarten\/","name":"Zahlungsarten &#8226; CBD Plein","isPartOf":{"@id":"https:\/\/cbdplein.nl\/#website"},"datePublished":"2016-06-29T08:44:14+00:00","dateModified":"2026-04-23T17:49:25+00:00","description":"Wir bieten Ihnen verschiedene bequeme und sichere Zahlungsarten.","breadcrumb":{"@id":"https:\/\/cbdplein.nl\/de\/zahlungsarten\/#breadcrumb"},"inLanguage":"de","potentialAction":[{"@type":"ReadAction","target":["https:\/\/cbdplein.nl\/de\/zahlungsarten\/"]}]},{"@type":"BreadcrumbList","@id":"https:\/\/cbdplein.nl\/de\/zahlungsarten\/#breadcrumb","itemListElement":[{"@type":"ListItem","position":1,"name":"Home","item":"https:\/\/cbdplein.nl\/de\/"},{"@type":"ListItem","position":2,"name":"Zahlungsarten"}]},{"@type":"WebSite","@id":"https:\/\/cbdplein.nl\/#website","url":"https:\/\/cbdplein.nl\/","name":"CBD Plein","description":"&nbsp;Vertraut seit 2016","publisher":{"@id":"https:\/\/cbdplein.nl\/#organization"},"potentialAction":[{"@type":"SearchAction","target":{"@type":"EntryPoint","urlTemplate":"https:\/\/cbdplein.nl\/?s={search_term_string}"},"query-input":{"@type":"PropertyValueSpecification","valueRequired":true,"valueName":"search_term_string"}}],"inLanguage":"de"},{"@type":"Organization","@id":"https:\/\/cbdplein.nl\/#organization","name":"CBD Plein","url":"https:\/\/cbdplein.nl\/","logo":{"@type":"ImageObject","inLanguage":"de","@id":"https:\/\/cbdplein.nl\/#\/schema\/logo\/image\/","url":"https:\/\/cbdplein.nl\/wp-content\/uploads\/2021\/11\/logo-cbdplein-new.png","contentUrl":"https:\/\/cbdplein.nl\/wp-content\/uploads\/2021\/11\/logo-cbdplein-new.png","width":350,"height":70,"caption":"CBD Plein"},"image":{"@id":"https:\/\/cbdplein.nl\/#\/schema\/logo\/image\/"}}]}},"_links":{"self":[{"href":"https:\/\/cbdplein.nl\/de\/wp-json\/wp\/v2\/pages\/9250","targetHints":{"allow":["GET"]}}],"collection":[{"href":"https:\/\/cbdplein.nl\/de\/wp-json\/wp\/v2\/pages"}],"about":[{"href":"https:\/\/cbdplein.nl\/de\/wp-json\/wp\/v2\/types\/page"}],"author":[{"embeddable":true,"href":"https:\/\/cbdplein.nl\/de\/wp-json\/wp\/v2\/users\/1"}],"replies":[{"embeddable":true,"href":"https:\/\/cbdplein.nl\/de\/wp-json\/wp\/v2\/comments?post=9250"}],"version-history":[{"count":0,"href":"https:\/\/cbdplein.nl\/de\/wp-json\/wp\/v2\/pages\/9250\/revisions"}],"wp:attachment":[{"href":"https:\/\/cbdplein.nl\/de\/wp-json\/wp\/v2\/media?parent=9250"}],"curies":[{"name":"wp","href":"https:\/\/api.w.org\/{rel}","templated":true}]}}