{"id":3793,"date":"2016-07-03T20:15:29","date_gmt":"2016-07-03T18:15:29","guid":{"rendered":"https:\/\/cbdplein.nl\/shop\/cbd-oel-raw-30ml-5-medihemp\/"},"modified":"2026-04-03T13:36:42","modified_gmt":"2026-04-03T11:36:42","slug":"cbd-oel-raw-5-30ml-wedihemp","status":"publish","type":"product","link":"https:\/\/cbdplein.nl\/de\/shop\/cbd-oel-raw-5-30ml-wedihemp\/","title":{"rendered":"CBD \u00d6l Raw 5% 30ml Wedihemp"},"content":{"rendered":"<h3>Wedihemp CBD \u00d6l\u00a0Raw 5%<\/h3>\n<p>Wedihemp verwendet f\u00fcr dieses Produkt nur 100% Bio-Hanf. Aufgrund der strengen Produktionsstandards k\u00f6nnen sich Geschmack, Geruch oder Farbe des \u00d6ls je nach Ernte unterscheiden. Diese Eigenschaften von Bio-Produkten werden n\u00e4mlich weitgehend vom Wetter, der Temperatur und der Lage der Felder bestimmt. Die Natur ist nicht jeden Tag gleich und das spiegelt sich in diesem CBD \u00d6l Raw 5% wider.<\/p>\n<p>Bei der Herstellung des \u00d6ls werden modernste Techniken eingesetzt. Dadurch bleiben alle wertvollen Inhaltsstoffe erhalten. Wir nennen dies Vollspektrum. Die Hanfbl\u00fcten oder Knospen werden mit einer weichen CO2-Technik kalt extrahiert. Dies macht dieses \u00d6l reich an verschiedenen Cannabinoiden wie CBD, CBN und CBG.<\/p>\n<p>Das Hanfsamen\u00f6l wird vorsichtig aus den gesch\u00e4lten Samen gepresst. Dadurch bleiben alle wesentlichen Inhaltsstoffe erhalten. Diese Inhaltsstoffe umfassen Hanfproteine, Carotin, Vitamin B, Vitamin E, Mineralien sowie Omega 3 und 6 Fetts\u00e4uren.<\/p>\n<p>Das CBD \u00d6l Raw 5% ist auch in einer <a href=\"https:\/\/cbdplein.nl\/de\/shop\/cbd-oel-raw-5-10ml-wedihemp\/\">10ml-Variante<\/a> erh\u00e4ltlich und\u00a0auch eine noch leistungsst\u00e4rkere <a href=\"https:\/\/cbdplein.nl\/de\/shop\/cbd-oel-raw-10-10ml-wedihemp\/\">10%-Variante<\/a>.<\/p>\n<h3>H\u00e4ufig gestellte Fragen<\/h3>\n<div class=\"su-accordion su-u-trim\">\n<div class=\"su-spoiler su-spoiler-style-fancy su-spoiler-icon-chevron su-spoiler-closed\" data-scroll-offset=\"0\" data-anchor-in-url=\"no\"><div class=\"su-spoiler-title\" tabindex=\"0\" role=\"button\"><span class=\"su-spoiler-icon\"><\/span>Funktioniert CBD auch bei mir?<\/div><div class=\"su-spoiler-content su-u-clearfix su-u-trim\">Das ist schwer vorherzusagen. CBD ist kein Medikament, sondern ein Naturprodukt. Dadurch ist die Wirkung von Person zu Person unterschiedlich. Gl\u00fccklicherweise profitieren viele Menschen davon, aber bei manchen funktioniert es weniger oder gar nicht. Wir empfehlen Ihnen, es zumindest auszuprobieren.<\/div><\/div>\n<div class=\"su-spoiler su-spoiler-style-fancy su-spoiler-icon-chevron su-spoiler-closed\" data-scroll-offset=\"0\" data-anchor-in-url=\"no\"><div class=\"su-spoiler-title\" tabindex=\"0\" role=\"button\"><span class=\"su-spoiler-icon\"><\/span>Hat CBD Nebenwirkungen?<\/div><div class=\"su-spoiler-content su-u-clearfix su-u-trim\">Nein. CBD wird seit Jahren von vielen Menschen verwendet und bisher wurden keine Nebenwirkungen gemeldet.<\/div><\/div>\n<div class=\"su-spoiler su-spoiler-style-fancy su-spoiler-icon-chevron su-spoiler-closed\" data-scroll-offset=\"0\" data-anchor-in-url=\"no\"><div class=\"su-spoiler-title\" tabindex=\"0\" role=\"button\"><span class=\"su-spoiler-icon\"><\/span>Kann man von CBD abh\u00e4ngig werden?<\/div><div class=\"su-spoiler-content su-u-clearfix su-u-trim\">Nein. CBD enth\u00e4lt keine s\u00fcchtig machenden Substanzen.<\/div><\/div>\n<div class=\"su-spoiler su-spoiler-style-fancy su-spoiler-icon-chevron su-spoiler-closed\" data-scroll-offset=\"0\" data-anchor-in-url=\"no\"><div class=\"su-spoiler-title\" tabindex=\"0\" role=\"button\"><span class=\"su-spoiler-icon\"><\/span>Hilft CBD bei Schmerzen?<\/div><div class=\"su-spoiler-content su-u-clearfix su-u-trim\">Aufgrund der strengen EU-Gesetzgebung d\u00fcrfen wir leider keine Aussagen zur Wirkung machen. Aber eine kurze Suche im Internet wird Ihnen viele n\u00fctzliche Informationen geben.<\/div><\/div>\n<div class=\"su-spoiler su-spoiler-style-fancy su-spoiler-icon-chevron su-spoiler-closed\" data-scroll-offset=\"0\" data-anchor-in-url=\"no\"><div class=\"su-spoiler-title\" tabindex=\"0\" role=\"button\"><span class=\"su-spoiler-icon\"><\/span>Ich nehme Medizin. Darf ich dazu auch CBD verwenden?<\/div><div class=\"su-spoiler-content su-u-clearfix su-u-trim\">\u00dcber die Wechselwirkung zwischen CBD und Medikamenten ist leider noch nicht viel bekannt. Es wurde jedoch ein Artikel ver\u00f6ffentlicht, in dem von der Verwendung gr\u00f6\u00dferer CBD-Mengen in Kombination mit bestimmten Medikamenten abgeraten wird. Sie k\u00f6nnen diesen Artikel <a href=\"https:\/\/cbdplein.nl\/de\/cbd-und-medikamenten\/\">hier<\/a> lesen.<\/div><\/div>\n<\/div>\n<h3>Verwendung<\/h3>\n<p>Sch\u00fctteln Sie die Flasche vor Gebrauch und tropfe das \u00d6l unter der Zunge. Es ist praktisch dies vor einem Spiegel zu tun, damit Sie sehen wie viele Tropfen eingenommen werden. Sie k\u00f6nnen das \u00d6l auch auf einen Teel\u00f6ffel tropfen und dann unter die Zunge legen. W\u00e4hrend 1 Minute nicht schlucken, damit die Wirkstoffe in den Blutstrom absorbiert werden.<\/p>\n<p>Die ideale Dosis variiert pro Person, aber ein guter Anfang ist, zweimal t\u00e4glich 2 Tropfen zu nehmen.<br \/>\nObwohl CBD innerhalb von 10 bis 15 Minuten aktiviert wird, kann es in einzelne F\u00e4lle mehrere Tage dauern bis Effekte bemerkt werden. Wenn nach ein paar Tagen noch keine Effekte auftreten, erh\u00f6hen Sie die Dosis mit 1 oder 2 Tropfen. Dies kann alle paar Tage wiederholt werden, bis die maximale Wirkung erreicht ist.<br \/>\nDie auf dem Produkt angegebene maximale Tagesdosis ist eine Richtlinie. Dies kann bei Bedarf \u00fcberschritten werden. Es besteht kein Risiko einer \u00dcberdosierung oder von Nebenwirkungen.<\/p>\n<p>Bei Raumtemperatur verwenden und dunkel lagern.<\/p>\n<p><span style=\"color: #ff6600;\">Nicht w\u00e4hrend der Schwangerschaft oder Stillzeit verwenden!<\/span><br \/>\n<span style=\"color: #ff6600;\">Dies ist ein Naturprodukt und Resultate k\u00f6nnen pro Person variieren.<\/span><\/p>\n<p>Hier k\u00f6nnen Sie mehr lesen zu <a href=\"https:\/\/cbdplein.nl\/de\/wedihemp-cbd-oel\/\">Wedihemp<\/a>.<\/p>\n","protected":false},"excerpt":{"rendered":"<table id=\"tabelnl\" style=\"border-collapse: collapse; width: 100%;\">\n<tbody>\n<tr>\n<td style=\"width: 100%; background-color: #ff6600; text-align: center;\"><strong><span style=\"color: #ffffff;\">Kauf 2 und spar 5% &#8211; Kauf 3 und spar 10%<br \/>\nRegistrierte Kunden erhalten dazu immer 10% Rabatt!<br \/>\n<\/span><\/strong><\/td>\n<\/tr>\n<\/tbody>\n<\/table>\n<p>Dies ist die g\u00fcnstige 30ml-Variante unseres meistverkauften CBD \u00d6l Raw 5% vom \u00f6sterreichischen Wedihemp. Es ist leistungsstark und vielseitig. Diese 30ml Version ist deutlich g\u00fcnstiger als 3 St. 10ml Flaschen.<\/p>\n<p>Die 30ml Flasche enth\u00e4lt 1500mg CBD, die alle urspr\u00fcnglichen Bestandteile der Hanfpflanze enth\u00e4lt.<\/p>\n<p><img loading=\"lazy\" decoding=\"async\" class=\"size-full wp-image-8084 alignnone\" src=\"https:\/\/cbdplein.nl\/wp-content\/uploads\/2018\/04\/BIO-Logos_DE.png\" alt=\"bio-logo\" width=\"150\" height=\"87\" \/><\/p>\n","protected":false},"featured_media":16483,"template":"","meta":[],"product_brand":[],"product_cat":[188],"product_tag":[],"class_list":{"0":"post-3793","1":"product","2":"type-product","3":"status-publish","4":"has-post-thumbnail","6":"product_cat-cbd-de","7":"sales-flash-overlay","8":"woocommerce-text-align-center","9":"woocommerce-image-align-center","10":"do-quantity-buttons","12":"first","13":"instock","14":"taxable","15":"shipping-taxable","16":"purchasable","17":"product-type-simple"},"yoast_head":"<!-- This site is optimized with the Yoast SEO plugin v27.5 - https:\/\/yoast.com\/product\/yoast-seo-wordpress\/ -->\n<title>CBD \u00d6l Raw 5% 30ml Wedihemp &#8226; CBD Plein<\/title>\n<meta name=\"description\" content=\"Kaufen Sie das hochwertige CBD \u00d6l Raw 5% von Wedihemp in einer kosteng\u00fcnstigen 30ml-Flasche. Nach vielen das beste \u00d6l das es gibt.\" \/>\n<meta name=\"robots\" content=\"index, follow, max-snippet:-1, max-image-preview:large, max-video-preview:-1\" \/>\n<link rel=\"canonical\" href=\"https:\/\/cbdplein.nl\/shop\/cbd-olie-raw-5-30ml-wedihemp\/\" \/>\n<meta property=\"og:locale\" content=\"de_DE\" \/>\n<meta property=\"og:type\" content=\"article\" \/>\n<meta property=\"og:title\" content=\"CBD \u00d6l Raw 5% 30ml Wedihemp &#8226; CBD Plein\" \/>\n<meta property=\"og:description\" content=\"Kaufen Sie das hochwertige CBD \u00d6l Raw 5% von Wedihemp in einer kosteng\u00fcnstigen 30ml-Flasche. Nach vielen das beste \u00d6l das es gibt.\" \/>\n<meta property=\"og:url\" content=\"https:\/\/cbdplein.nl\/shop\/cbd-olie-raw-5-30ml-wedihemp\/\" \/>\n<meta property=\"og:site_name\" content=\"CBD Plein\" \/>\n<meta property=\"article:modified_time\" content=\"2026-04-03T11:36:42+00:00\" \/>\n<meta property=\"og:image\" content=\"https:\/\/cbdplein.nl\/wp-content\/uploads\/2024\/12\/Wedihemp-CBD-Olie-5-30.png\" \/>\n\t<meta property=\"og:image:width\" content=\"1024\" \/>\n\t<meta property=\"og:image:height\" content=\"1024\" \/>\n\t<meta property=\"og:image:type\" content=\"image\/png\" \/>\n<meta name=\"twitter:card\" content=\"summary_large_image\" \/>\n<meta name=\"twitter:label1\" content=\"Gesch\u00e4tzte Lesezeit\" \/>\n\t<meta name=\"twitter:data1\" content=\"3\u00a0Minuten\" \/>\n<script type=\"application\/ld+json\" class=\"yoast-schema-graph\">{\"@context\":\"https:\\\/\\\/schema.org\",\"@graph\":[{\"@type\":\"WebPage\",\"@id\":\"https:\\\/\\\/cbdplein.nl\\\/shop\\\/cbd-olie-raw-5-30ml-wedihemp\\\/\",\"url\":\"https:\\\/\\\/cbdplein.nl\\\/shop\\\/cbd-olie-raw-5-30ml-wedihemp\\\/\",\"name\":\"CBD \u00d6l Raw 5% 30ml Wedihemp &#8226; CBD Plein\",\"isPartOf\":{\"@id\":\"https:\\\/\\\/cbdplein.nl\\\/#website\"},\"primaryImageOfPage\":{\"@id\":\"https:\\\/\\\/cbdplein.nl\\\/shop\\\/cbd-olie-raw-5-30ml-wedihemp\\\/#primaryimage\"},\"image\":{\"@id\":\"https:\\\/\\\/cbdplein.nl\\\/shop\\\/cbd-olie-raw-5-30ml-wedihemp\\\/#primaryimage\"},\"thumbnailUrl\":\"https:\\\/\\\/cbdplein.nl\\\/wp-content\\\/uploads\\\/2024\\\/12\\\/Wedihemp-CBD-Olie-5-30.png\",\"datePublished\":\"2016-07-03T18:15:29+00:00\",\"dateModified\":\"2026-04-03T11:36:42+00:00\",\"description\":\"Kaufen Sie das hochwertige CBD \u00d6l Raw 5% von Wedihemp in einer kosteng\u00fcnstigen 30ml-Flasche. Nach vielen das beste \u00d6l das es gibt.\",\"breadcrumb\":{\"@id\":\"https:\\\/\\\/cbdplein.nl\\\/shop\\\/cbd-olie-raw-5-30ml-wedihemp\\\/#breadcrumb\"},\"inLanguage\":\"de\",\"potentialAction\":[{\"@type\":\"ReadAction\",\"target\":[\"https:\\\/\\\/cbdplein.nl\\\/shop\\\/cbd-olie-raw-5-30ml-wedihemp\\\/\"]}]},{\"@type\":\"ImageObject\",\"inLanguage\":\"de\",\"@id\":\"https:\\\/\\\/cbdplein.nl\\\/shop\\\/cbd-olie-raw-5-30ml-wedihemp\\\/#primaryimage\",\"url\":\"https:\\\/\\\/cbdplein.nl\\\/wp-content\\\/uploads\\\/2024\\\/12\\\/Wedihemp-CBD-Olie-5-30.png\",\"contentUrl\":\"https:\\\/\\\/cbdplein.nl\\\/wp-content\\\/uploads\\\/2024\\\/12\\\/Wedihemp-CBD-Olie-5-30.png\",\"width\":1024,\"height\":1024,\"caption\":\"Die gr\u00f6\u00dfere und relativ g\u00fcnstigere Version unseres meistverkauften 5% CBD-\u00d6ls. Mit einem Inhalt von \u00fcber 600 Tropfen.\"},{\"@type\":\"BreadcrumbList\",\"@id\":\"https:\\\/\\\/cbdplein.nl\\\/shop\\\/cbd-olie-raw-5-30ml-wedihemp\\\/#breadcrumb\",\"itemListElement\":[{\"@type\":\"ListItem\",\"position\":1,\"name\":\"Home\",\"item\":\"https:\\\/\\\/cbdplein.nl\\\/de\\\/\"},{\"@type\":\"ListItem\",\"position\":2,\"name\":\"Shop\",\"item\":\"https:\\\/\\\/cbdplein.nl\\\/de\\\/shop\\\/\"},{\"@type\":\"ListItem\",\"position\":3,\"name\":\"CBD \u00d6l Raw 5% 30ml Wedihemp\"}]},{\"@type\":\"WebSite\",\"@id\":\"https:\\\/\\\/cbdplein.nl\\\/#website\",\"url\":\"https:\\\/\\\/cbdplein.nl\\\/\",\"name\":\"CBD Plein\",\"description\":\"&nbsp;Vertraut seit 2016\",\"publisher\":{\"@id\":\"https:\\\/\\\/cbdplein.nl\\\/#organization\"},\"potentialAction\":[{\"@type\":\"SearchAction\",\"target\":{\"@type\":\"EntryPoint\",\"urlTemplate\":\"https:\\\/\\\/cbdplein.nl\\\/?s={search_term_string}\"},\"query-input\":{\"@type\":\"PropertyValueSpecification\",\"valueRequired\":true,\"valueName\":\"search_term_string\"}}],\"inLanguage\":\"de\"},{\"@type\":\"Organization\",\"@id\":\"https:\\\/\\\/cbdplein.nl\\\/#organization\",\"name\":\"CBD Plein\",\"url\":\"https:\\\/\\\/cbdplein.nl\\\/\",\"logo\":{\"@type\":\"ImageObject\",\"inLanguage\":\"de\",\"@id\":\"https:\\\/\\\/cbdplein.nl\\\/#\\\/schema\\\/logo\\\/image\\\/\",\"url\":\"https:\\\/\\\/cbdplein.nl\\\/wp-content\\\/uploads\\\/2021\\\/11\\\/logo-cbdplein-new.png\",\"contentUrl\":\"https:\\\/\\\/cbdplein.nl\\\/wp-content\\\/uploads\\\/2021\\\/11\\\/logo-cbdplein-new.png\",\"width\":350,\"height\":70,\"caption\":\"CBD Plein\"},\"image\":{\"@id\":\"https:\\\/\\\/cbdplein.nl\\\/#\\\/schema\\\/logo\\\/image\\\/\"}}]}<\/script>\n<!-- \/ Yoast SEO plugin. -->","yoast_head_json":{"title":"CBD \u00d6l Raw 5% 30ml Wedihemp &#8226; CBD Plein","description":"Kaufen Sie das hochwertige CBD \u00d6l Raw 5% von Wedihemp in einer kosteng\u00fcnstigen 30ml-Flasche. Nach vielen das beste \u00d6l das es gibt.","robots":{"index":"index","follow":"follow","max-snippet":"max-snippet:-1","max-image-preview":"max-image-preview:large","max-video-preview":"max-video-preview:-1"},"canonical":"https:\/\/cbdplein.nl\/shop\/cbd-olie-raw-5-30ml-wedihemp\/","og_locale":"de_DE","og_type":"article","og_title":"CBD \u00d6l Raw 5% 30ml Wedihemp &#8226; CBD Plein","og_description":"Kaufen Sie das hochwertige CBD \u00d6l Raw 5% von Wedihemp in einer kosteng\u00fcnstigen 30ml-Flasche. Nach vielen das beste \u00d6l das es gibt.","og_url":"https:\/\/cbdplein.nl\/shop\/cbd-olie-raw-5-30ml-wedihemp\/","og_site_name":"CBD Plein","article_modified_time":"2026-04-03T11:36:42+00:00","og_image":[{"width":1024,"height":1024,"url":"https:\/\/cbdplein.nl\/wp-content\/uploads\/2024\/12\/Wedihemp-CBD-Olie-5-30.png","type":"image\/png"}],"twitter_card":"summary_large_image","twitter_misc":{"Gesch\u00e4tzte Lesezeit":"3\u00a0Minuten"},"schema":{"@context":"https:\/\/schema.org","@graph":[{"@type":"WebPage","@id":"https:\/\/cbdplein.nl\/shop\/cbd-olie-raw-5-30ml-wedihemp\/","url":"https:\/\/cbdplein.nl\/shop\/cbd-olie-raw-5-30ml-wedihemp\/","name":"CBD \u00d6l Raw 5% 30ml Wedihemp &#8226; CBD Plein","isPartOf":{"@id":"https:\/\/cbdplein.nl\/#website"},"primaryImageOfPage":{"@id":"https:\/\/cbdplein.nl\/shop\/cbd-olie-raw-5-30ml-wedihemp\/#primaryimage"},"image":{"@id":"https:\/\/cbdplein.nl\/shop\/cbd-olie-raw-5-30ml-wedihemp\/#primaryimage"},"thumbnailUrl":"https:\/\/cbdplein.nl\/wp-content\/uploads\/2024\/12\/Wedihemp-CBD-Olie-5-30.png","datePublished":"2016-07-03T18:15:29+00:00","dateModified":"2026-04-03T11:36:42+00:00","description":"Kaufen Sie das hochwertige CBD \u00d6l Raw 5% von Wedihemp in einer kosteng\u00fcnstigen 30ml-Flasche. Nach vielen das beste \u00d6l das es gibt.","breadcrumb":{"@id":"https:\/\/cbdplein.nl\/shop\/cbd-olie-raw-5-30ml-wedihemp\/#breadcrumb"},"inLanguage":"de","potentialAction":[{"@type":"ReadAction","target":["https:\/\/cbdplein.nl\/shop\/cbd-olie-raw-5-30ml-wedihemp\/"]}]},{"@type":"ImageObject","inLanguage":"de","@id":"https:\/\/cbdplein.nl\/shop\/cbd-olie-raw-5-30ml-wedihemp\/#primaryimage","url":"https:\/\/cbdplein.nl\/wp-content\/uploads\/2024\/12\/Wedihemp-CBD-Olie-5-30.png","contentUrl":"https:\/\/cbdplein.nl\/wp-content\/uploads\/2024\/12\/Wedihemp-CBD-Olie-5-30.png","width":1024,"height":1024,"caption":"Die gr\u00f6\u00dfere und relativ g\u00fcnstigere Version unseres meistverkauften 5% CBD-\u00d6ls. Mit einem Inhalt von \u00fcber 600 Tropfen."},{"@type":"BreadcrumbList","@id":"https:\/\/cbdplein.nl\/shop\/cbd-olie-raw-5-30ml-wedihemp\/#breadcrumb","itemListElement":[{"@type":"ListItem","position":1,"name":"Home","item":"https:\/\/cbdplein.nl\/de\/"},{"@type":"ListItem","position":2,"name":"Shop","item":"https:\/\/cbdplein.nl\/de\/shop\/"},{"@type":"ListItem","position":3,"name":"CBD \u00d6l Raw 5% 30ml Wedihemp"}]},{"@type":"WebSite","@id":"https:\/\/cbdplein.nl\/#website","url":"https:\/\/cbdplein.nl\/","name":"CBD Plein","description":"&nbsp;Vertraut seit 2016","publisher":{"@id":"https:\/\/cbdplein.nl\/#organization"},"potentialAction":[{"@type":"SearchAction","target":{"@type":"EntryPoint","urlTemplate":"https:\/\/cbdplein.nl\/?s={search_term_string}"},"query-input":{"@type":"PropertyValueSpecification","valueRequired":true,"valueName":"search_term_string"}}],"inLanguage":"de"},{"@type":"Organization","@id":"https:\/\/cbdplein.nl\/#organization","name":"CBD Plein","url":"https:\/\/cbdplein.nl\/","logo":{"@type":"ImageObject","inLanguage":"de","@id":"https:\/\/cbdplein.nl\/#\/schema\/logo\/image\/","url":"https:\/\/cbdplein.nl\/wp-content\/uploads\/2021\/11\/logo-cbdplein-new.png","contentUrl":"https:\/\/cbdplein.nl\/wp-content\/uploads\/2021\/11\/logo-cbdplein-new.png","width":350,"height":70,"caption":"CBD Plein"},"image":{"@id":"https:\/\/cbdplein.nl\/#\/schema\/logo\/image\/"}}]}},"_links":{"self":[{"href":"https:\/\/cbdplein.nl\/de\/wp-json\/wp\/v2\/product\/3793","targetHints":{"allow":["GET"]}}],"collection":[{"href":"https:\/\/cbdplein.nl\/de\/wp-json\/wp\/v2\/product"}],"about":[{"href":"https:\/\/cbdplein.nl\/de\/wp-json\/wp\/v2\/types\/product"}],"wp:featuredmedia":[{"embeddable":true,"href":"https:\/\/cbdplein.nl\/de\/wp-json\/wp\/v2\/media\/16483"}],"wp:attachment":[{"href":"https:\/\/cbdplein.nl\/de\/wp-json\/wp\/v2\/media?parent=3793"}],"wp:term":[{"taxonomy":"product_brand","embeddable":true,"href":"https:\/\/cbdplein.nl\/de\/wp-json\/wp\/v2\/product_brand?post=3793"},{"taxonomy":"product_cat","embeddable":true,"href":"https:\/\/cbdplein.nl\/de\/wp-json\/wp\/v2\/product_cat?post=3793"},{"taxonomy":"product_tag","embeddable":true,"href":"https:\/\/cbdplein.nl\/de\/wp-json\/wp\/v2\/product_tag?post=3793"}],"curies":[{"name":"wp","href":"https:\/\/api.w.org\/{rel}","templated":true}]}}