{"id":3826,"date":"2016-07-05T22:35:50","date_gmt":"2016-07-05T20:35:50","guid":{"rendered":"https:\/\/cbdplein.nl\/shop\/cbd-oel-10ml-10-medihemp\/"},"modified":"2026-03-16T14:32:54","modified_gmt":"2026-03-16T13:32:54","slug":"cbd-oel-raw-10-10ml-wedihemp","status":"publish","type":"product","link":"https:\/\/cbdplein.nl\/de\/shop\/cbd-oel-raw-10-10ml-wedihemp\/","title":{"rendered":"CBD \u00d6l Raw 10% 10ml Wedihemp"},"content":{"rendered":"<h3>Leistungsstark<\/h3>\n<p>Besonders stark ist das CBD \u00d6l Raw 10% von Wedihemp. Dieses \u00d6l ist speziell f\u00fcr Personen gedacht, die mit der 5% -Version unzureichende Effekte empfinden.<\/p>\n<p>Die Herstellung des CBD-\u00d6ls erfolgt mit modernsten Techniken. Dies stellt sicher, dass alle wertvollen Bestandteile aus Hanf und Samen erhalten bleiben. Die Hanfbl\u00fcten oder Knospen werden sorgf\u00e4ltig mit sanfter moderner CO2-Technologie kalt extrahiert. Dies macht dieses \u00d6l reich an verschiedenen Cannabinoiden.<\/p>\n<p>Das Hanfsamen\u00f6l wird aus den gesch\u00e4lten Samen gepresst, so dass die wesentlichen Zutaten erhalten bleiben. Dazu geh\u00f6ren Hanfproteine und Mineralien.<\/p>\n<h3>Zutaten CBD \u00d6l Raw 10%<\/h3>\n<p>Das \u00d6l enth\u00e4lt:<\/p>\n<ul>\n<li>Protein<\/li>\n<li>Vitamin B &amp; E<\/li>\n<li>Mineralien<\/li>\n<li>Omega 3 und 6 Fetts\u00e4uren<\/li>\n<li>Carotin<\/li>\n<\/ul>\n<p>Cannabinoide:<\/p>\n<ul>\n<li>CBD<\/li>\n<li>CBDa<\/li>\n<li>CBC<\/li>\n<li>CBN<\/li>\n<li>CBV<\/li>\n<li>CBG<\/li>\n<\/ul>\n<p>Neben den oben genannten Substanzen sind in diesem \u00d6l auch viele wertvolle Pigmente, Terpene und Phenole aus der Hanfpflanze enthalten.<br \/>\nDas CBD \u00d6l Raw 10% ist auch in einer <a href=\"https:\/\/cbdplein.nl\/de\/shop\/cbd-oel-raw-10-30ml-wedihemp\/\">kosteng\u00fcnstigen 30ml-Variante<\/a> erh\u00e4ltlich.<\/p>\n<h3>H\u00e4ufig gestellte Fragen<\/h3>\n<div class=\"su-accordion su-u-trim\">\n<div class=\"su-spoiler su-spoiler-style-fancy su-spoiler-icon-chevron su-spoiler-closed\" data-scroll-offset=\"0\" data-anchor-in-url=\"no\"><div class=\"su-spoiler-title\" tabindex=\"0\" role=\"button\"><span class=\"su-spoiler-icon\"><\/span>Funktioniert CBD auch bei mir?<\/div><div class=\"su-spoiler-content su-u-clearfix su-u-trim\">Das ist schwer vorherzusagen. CBD ist kein Medikament, sondern ein Naturprodukt. Dadurch ist die Wirkung von Person zu Person unterschiedlich. Gl\u00fccklicherweise profitieren viele Menschen davon, aber bei manchen funktioniert es weniger oder gar nicht. Wir empfehlen Ihnen, es zumindest auszuprobieren.<\/div><\/div>\n<div class=\"su-spoiler su-spoiler-style-fancy su-spoiler-icon-chevron su-spoiler-closed\" data-scroll-offset=\"0\" data-anchor-in-url=\"no\"><div class=\"su-spoiler-title\" tabindex=\"0\" role=\"button\"><span class=\"su-spoiler-icon\"><\/span>Hat CBD Nebenwirkungen?<\/div><div class=\"su-spoiler-content su-u-clearfix su-u-trim\">Nein. CBD wird seit Jahren von vielen Menschen verwendet und bisher wurden keine Nebenwirkungen gemeldet.<\/div><\/div>\n<div class=\"su-spoiler su-spoiler-style-fancy su-spoiler-icon-chevron su-spoiler-closed\" data-scroll-offset=\"0\" data-anchor-in-url=\"no\"><div class=\"su-spoiler-title\" tabindex=\"0\" role=\"button\"><span class=\"su-spoiler-icon\"><\/span>Kann man von CBD abh\u00e4ngig werden?<\/div><div class=\"su-spoiler-content su-u-clearfix su-u-trim\">Nein. CBD enth\u00e4lt keine s\u00fcchtig machenden Substanzen.<\/div><\/div>\n<div class=\"su-spoiler su-spoiler-style-fancy su-spoiler-icon-chevron su-spoiler-closed\" data-scroll-offset=\"0\" data-anchor-in-url=\"no\"><div class=\"su-spoiler-title\" tabindex=\"0\" role=\"button\"><span class=\"su-spoiler-icon\"><\/span>Hilft CBD bei Schmerzen?<\/div><div class=\"su-spoiler-content su-u-clearfix su-u-trim\">Aufgrund der strengen EU-Gesetzgebung d\u00fcrfen wir leider keine Aussagen zur Wirkung machen. Aber eine kurze Suche im Internet wird Ihnen viele n\u00fctzliche Informationen geben.<\/div><\/div>\n<div class=\"su-spoiler su-spoiler-style-fancy su-spoiler-icon-chevron su-spoiler-closed\" data-scroll-offset=\"0\" data-anchor-in-url=\"no\"><div class=\"su-spoiler-title\" tabindex=\"0\" role=\"button\"><span class=\"su-spoiler-icon\"><\/span>Ich nehme Medizin. Darf ich dazu auch CBD verwenden?<\/div><div class=\"su-spoiler-content su-u-clearfix su-u-trim\">\u00dcber die Wechselwirkung zwischen CBD und Medikamenten ist leider noch nicht viel bekannt. Es wurde jedoch ein Artikel ver\u00f6ffentlicht, in dem von der Verwendung gr\u00f6\u00dferer CBD-Mengen in Kombination mit bestimmten Medikamenten abgeraten wird. Sie k\u00f6nnen diesen Artikel <a href=\"https:\/\/cbdplein.nl\/de\/cbd-und-medikamenten\/\">hier<\/a> lesen.<\/div><\/div>\n<\/div>\n<h3>Verwendung<\/h3>\n<p>Sch\u00fctteln Sie die Flasche vor Gebrauch und tropfe das \u00d6l unter der Zunge. Es ist praktisch dies vor einem Spiegel zu tun, damit Sie sehen wie viele Tropfen eingenommen werden. Sie k\u00f6nnen das \u00d6l auch auf einen Teel\u00f6ffel tropfen und dann unter die Zunge legen. W\u00e4hrend 1 Minute nicht schlucken, damit die Wirkstoffe in den Blutstrom absorbiert werden.<\/p>\n<p>Die ideale Dosis variiert pro Person, aber ein guter Anfang ist, zweimal t\u00e4glich 2 Tropfen zu nehmen.<br \/>\nObwohl CBD innerhalb von 10 bis 15 Minuten aktiviert wird, kann es in einzelne F\u00e4lle mehrere Tage dauern bis Effekte bemerkt werden. Wenn nach ein paar Tagen noch keine Effekte auftreten, erh\u00f6hen Sie die Dosis mit 1 oder 2 Tropfen. Dies kann alle paar Tage wiederholt werden, bis die maximale Wirkung erreicht ist.<br \/>\nDie auf dem Produkt angegebene maximale Tagesdosis ist eine Richtlinie. Dies kann bei Bedarf \u00fcberschritten werden. Es besteht kein Risiko einer \u00dcberdosierung oder von Nebenwirkungen.<\/p>\n<p>Bei Raumtemperatur verwenden und dunkel lagern.<\/p>\n<p><span style=\"color: #ff6600;\">Nicht w\u00e4hrend der Schwangerschaft oder Stillzeit verwenden!<\/span><br \/>\n<span style=\"color: #ff6600;\">Dies ist ein Naturprodukt und die Resultate k\u00f6nnen pro Person variieren.<\/span><\/p>\n<p>Eine noch Leistungst\u00e4rkere <a href=\"https:\/\/cbdplein.nl\/de\/shop\/cbd-oel-raw-18-10ml-wedihemp\/\">18%-Variante<\/a> gibt es auch. Und\u00a0<a href=\"https:\/\/cbdplein.nl\/de\/cbd-oel-kaufen-holland\/\">hier<\/a> k\u00f6nnen Sie mehr \u00fcber den Kauf von CBD-\u00d6l lesen.<\/p>\n","protected":false},"excerpt":{"rendered":"<table id=\"tabelnl\" style=\"border-collapse: collapse; width: 100%;\">\n<tbody>\n<tr>\n<td style=\"width: 100%; background-color: #ff6600; text-align: center;\"><strong><span style=\"color: #ffffff;\">Kauf 2 und spar 5% &#8211; Kauf 3 und spar 10%<br \/>\nRegistrierte Kunden erhalten dazu immer 10% Rabatt!<br \/>\n<\/span><\/strong><\/td>\n<\/tr>\n<\/tbody>\n<\/table>\n<p>F\u00fcr Menschen, die mit der 5% -Version unzureichende Effekte erzielen, bietet das CBD \u00d6l Raw 10% von Wedihemp eine L\u00f6sung! Teilweise aufgrund des sogenannten Entourage-Effekts ist diese Variante mehr als doppelt so stark.<\/p>\n<p>Die 10ml Pipettenflasche enth\u00e4lt 1000mg CBD, in dem alle urspr\u00fcnglichen Bestandteile der Hanfpflanze erhalten geblieben sind.<\/p>\n<p><img loading=\"lazy\" decoding=\"async\" class=\"size-full wp-image-8084 alignnone\" src=\"https:\/\/cbdplein.nl\/wp-content\/uploads\/2018\/04\/BIO-Logos_DE.png\" alt=\"bio-logo\" width=\"150\" height=\"87\" \/><\/p>\n","protected":false},"featured_media":16485,"template":"","meta":[],"product_brand":[],"product_cat":[188],"product_tag":[],"class_list":{"0":"post-3826","1":"product","2":"type-product","3":"status-publish","4":"has-post-thumbnail","6":"product_cat-cbd-de","7":"sales-flash-overlay","8":"woocommerce-text-align-center","9":"woocommerce-image-align-center","10":"do-quantity-buttons","12":"first","13":"instock","14":"taxable","15":"shipping-taxable","16":"purchasable","17":"product-type-simple"},"yoast_head":"<!-- This site is optimized with the Yoast SEO plugin v27.4 - https:\/\/yoast.com\/product\/yoast-seo-wordpress\/ -->\n<title>CBD \u00d6l Raw 10% 10ml Wedihemp &#8226; CBD Plein<\/title>\n<meta name=\"description\" content=\"Das CBD \u00d6l Raw 10% von Wedihemp ist ein sehr kr\u00e4ftiges Produkt. Es ist f\u00fcr Personen geeignet, bei denen die 5% keine ausreichende Wirkung hat.\" \/>\n<meta name=\"robots\" content=\"index, follow, max-snippet:-1, max-image-preview:large, max-video-preview:-1\" \/>\n<link rel=\"canonical\" href=\"https:\/\/cbdplein.nl\/shop\/cbd-olie-raw-10-10ml-wedihemp\/\" \/>\n<meta property=\"og:locale\" content=\"de_DE\" \/>\n<meta property=\"og:type\" content=\"article\" \/>\n<meta property=\"og:title\" content=\"CBD \u00d6l Raw 10% 10ml Wedihemp &#8226; CBD Plein\" \/>\n<meta property=\"og:description\" content=\"Das CBD \u00d6l Raw 10% von Wedihemp ist ein sehr kr\u00e4ftiges Produkt. Es ist f\u00fcr Personen geeignet, bei denen die 5% keine ausreichende Wirkung hat.\" \/>\n<meta property=\"og:url\" content=\"https:\/\/cbdplein.nl\/shop\/cbd-olie-raw-10-10ml-wedihemp\/\" \/>\n<meta property=\"og:site_name\" content=\"CBD Plein\" \/>\n<meta property=\"article:modified_time\" content=\"2026-03-16T13:32:54+00:00\" \/>\n<meta property=\"og:image\" content=\"https:\/\/cbdplein.nl\/wp-content\/uploads\/2024\/12\/Wedihemp-CBD-Olie-10-10.png\" \/>\n\t<meta property=\"og:image:width\" content=\"1024\" \/>\n\t<meta property=\"og:image:height\" content=\"1024\" \/>\n\t<meta property=\"og:image:type\" content=\"image\/png\" \/>\n<meta name=\"twitter:card\" content=\"summary_large_image\" \/>\n<meta name=\"twitter:label1\" content=\"Gesch\u00e4tzte Lesezeit\" \/>\n\t<meta name=\"twitter:data1\" content=\"3\u00a0Minuten\" \/>\n<script type=\"application\/ld+json\" class=\"yoast-schema-graph\">{\"@context\":\"https:\\\/\\\/schema.org\",\"@graph\":[{\"@type\":\"WebPage\",\"@id\":\"https:\\\/\\\/cbdplein.nl\\\/shop\\\/cbd-olie-raw-10-10ml-wedihemp\\\/\",\"url\":\"https:\\\/\\\/cbdplein.nl\\\/shop\\\/cbd-olie-raw-10-10ml-wedihemp\\\/\",\"name\":\"CBD \u00d6l Raw 10% 10ml Wedihemp &#8226; CBD Plein\",\"isPartOf\":{\"@id\":\"https:\\\/\\\/cbdplein.nl\\\/#website\"},\"primaryImageOfPage\":{\"@id\":\"https:\\\/\\\/cbdplein.nl\\\/shop\\\/cbd-olie-raw-10-10ml-wedihemp\\\/#primaryimage\"},\"image\":{\"@id\":\"https:\\\/\\\/cbdplein.nl\\\/shop\\\/cbd-olie-raw-10-10ml-wedihemp\\\/#primaryimage\"},\"thumbnailUrl\":\"https:\\\/\\\/cbdplein.nl\\\/wp-content\\\/uploads\\\/2024\\\/12\\\/Wedihemp-CBD-Olie-10-10.png\",\"datePublished\":\"2016-07-05T20:35:50+00:00\",\"dateModified\":\"2026-03-16T13:32:54+00:00\",\"description\":\"Das CBD \u00d6l Raw 10% von Wedihemp ist ein sehr kr\u00e4ftiges Produkt. Es ist f\u00fcr Personen geeignet, bei denen die 5% keine ausreichende Wirkung hat.\",\"breadcrumb\":{\"@id\":\"https:\\\/\\\/cbdplein.nl\\\/shop\\\/cbd-olie-raw-10-10ml-wedihemp\\\/#breadcrumb\"},\"inLanguage\":\"de\",\"potentialAction\":[{\"@type\":\"ReadAction\",\"target\":[\"https:\\\/\\\/cbdplein.nl\\\/shop\\\/cbd-olie-raw-10-10ml-wedihemp\\\/\"]}]},{\"@type\":\"ImageObject\",\"inLanguage\":\"de\",\"@id\":\"https:\\\/\\\/cbdplein.nl\\\/shop\\\/cbd-olie-raw-10-10ml-wedihemp\\\/#primaryimage\",\"url\":\"https:\\\/\\\/cbdplein.nl\\\/wp-content\\\/uploads\\\/2024\\\/12\\\/Wedihemp-CBD-Olie-10-10.png\",\"contentUrl\":\"https:\\\/\\\/cbdplein.nl\\\/wp-content\\\/uploads\\\/2024\\\/12\\\/Wedihemp-CBD-Olie-10-10.png\",\"width\":1024,\"height\":1024,\"caption\":\"Ein besonders starkes 10% CBD-\u00d6l, das eine L\u00f6sung f\u00fcr Menschen sein kann, bei denen die Wirkung des 5 %igen \u00d6ls unzureichend ist.\"},{\"@type\":\"BreadcrumbList\",\"@id\":\"https:\\\/\\\/cbdplein.nl\\\/shop\\\/cbd-olie-raw-10-10ml-wedihemp\\\/#breadcrumb\",\"itemListElement\":[{\"@type\":\"ListItem\",\"position\":1,\"name\":\"Home\",\"item\":\"https:\\\/\\\/cbdplein.nl\\\/de\\\/\"},{\"@type\":\"ListItem\",\"position\":2,\"name\":\"Shop\",\"item\":\"https:\\\/\\\/cbdplein.nl\\\/de\\\/shop\\\/\"},{\"@type\":\"ListItem\",\"position\":3,\"name\":\"CBD \u00d6l Raw 10% 10ml Wedihemp\"}]},{\"@type\":\"WebSite\",\"@id\":\"https:\\\/\\\/cbdplein.nl\\\/#website\",\"url\":\"https:\\\/\\\/cbdplein.nl\\\/\",\"name\":\"CBD Plein\",\"description\":\"&nbsp;Vertraut seit 2016\",\"publisher\":{\"@id\":\"https:\\\/\\\/cbdplein.nl\\\/#organization\"},\"potentialAction\":[{\"@type\":\"SearchAction\",\"target\":{\"@type\":\"EntryPoint\",\"urlTemplate\":\"https:\\\/\\\/cbdplein.nl\\\/?s={search_term_string}\"},\"query-input\":{\"@type\":\"PropertyValueSpecification\",\"valueRequired\":true,\"valueName\":\"search_term_string\"}}],\"inLanguage\":\"de\"},{\"@type\":\"Organization\",\"@id\":\"https:\\\/\\\/cbdplein.nl\\\/#organization\",\"name\":\"CBD Plein\",\"url\":\"https:\\\/\\\/cbdplein.nl\\\/\",\"logo\":{\"@type\":\"ImageObject\",\"inLanguage\":\"de\",\"@id\":\"https:\\\/\\\/cbdplein.nl\\\/#\\\/schema\\\/logo\\\/image\\\/\",\"url\":\"https:\\\/\\\/cbdplein.nl\\\/wp-content\\\/uploads\\\/2021\\\/11\\\/logo-cbdplein-new.png\",\"contentUrl\":\"https:\\\/\\\/cbdplein.nl\\\/wp-content\\\/uploads\\\/2021\\\/11\\\/logo-cbdplein-new.png\",\"width\":350,\"height\":70,\"caption\":\"CBD Plein\"},\"image\":{\"@id\":\"https:\\\/\\\/cbdplein.nl\\\/#\\\/schema\\\/logo\\\/image\\\/\"}}]}<\/script>\n<!-- \/ Yoast SEO plugin. -->","yoast_head_json":{"title":"CBD \u00d6l Raw 10% 10ml Wedihemp &#8226; CBD Plein","description":"Das CBD \u00d6l Raw 10% von Wedihemp ist ein sehr kr\u00e4ftiges Produkt. Es ist f\u00fcr Personen geeignet, bei denen die 5% keine ausreichende Wirkung hat.","robots":{"index":"index","follow":"follow","max-snippet":"max-snippet:-1","max-image-preview":"max-image-preview:large","max-video-preview":"max-video-preview:-1"},"canonical":"https:\/\/cbdplein.nl\/shop\/cbd-olie-raw-10-10ml-wedihemp\/","og_locale":"de_DE","og_type":"article","og_title":"CBD \u00d6l Raw 10% 10ml Wedihemp &#8226; CBD Plein","og_description":"Das CBD \u00d6l Raw 10% von Wedihemp ist ein sehr kr\u00e4ftiges Produkt. Es ist f\u00fcr Personen geeignet, bei denen die 5% keine ausreichende Wirkung hat.","og_url":"https:\/\/cbdplein.nl\/shop\/cbd-olie-raw-10-10ml-wedihemp\/","og_site_name":"CBD Plein","article_modified_time":"2026-03-16T13:32:54+00:00","og_image":[{"width":1024,"height":1024,"url":"https:\/\/cbdplein.nl\/wp-content\/uploads\/2024\/12\/Wedihemp-CBD-Olie-10-10.png","type":"image\/png"}],"twitter_card":"summary_large_image","twitter_misc":{"Gesch\u00e4tzte Lesezeit":"3\u00a0Minuten"},"schema":{"@context":"https:\/\/schema.org","@graph":[{"@type":"WebPage","@id":"https:\/\/cbdplein.nl\/shop\/cbd-olie-raw-10-10ml-wedihemp\/","url":"https:\/\/cbdplein.nl\/shop\/cbd-olie-raw-10-10ml-wedihemp\/","name":"CBD \u00d6l Raw 10% 10ml Wedihemp &#8226; CBD Plein","isPartOf":{"@id":"https:\/\/cbdplein.nl\/#website"},"primaryImageOfPage":{"@id":"https:\/\/cbdplein.nl\/shop\/cbd-olie-raw-10-10ml-wedihemp\/#primaryimage"},"image":{"@id":"https:\/\/cbdplein.nl\/shop\/cbd-olie-raw-10-10ml-wedihemp\/#primaryimage"},"thumbnailUrl":"https:\/\/cbdplein.nl\/wp-content\/uploads\/2024\/12\/Wedihemp-CBD-Olie-10-10.png","datePublished":"2016-07-05T20:35:50+00:00","dateModified":"2026-03-16T13:32:54+00:00","description":"Das CBD \u00d6l Raw 10% von Wedihemp ist ein sehr kr\u00e4ftiges Produkt. Es ist f\u00fcr Personen geeignet, bei denen die 5% keine ausreichende Wirkung hat.","breadcrumb":{"@id":"https:\/\/cbdplein.nl\/shop\/cbd-olie-raw-10-10ml-wedihemp\/#breadcrumb"},"inLanguage":"de","potentialAction":[{"@type":"ReadAction","target":["https:\/\/cbdplein.nl\/shop\/cbd-olie-raw-10-10ml-wedihemp\/"]}]},{"@type":"ImageObject","inLanguage":"de","@id":"https:\/\/cbdplein.nl\/shop\/cbd-olie-raw-10-10ml-wedihemp\/#primaryimage","url":"https:\/\/cbdplein.nl\/wp-content\/uploads\/2024\/12\/Wedihemp-CBD-Olie-10-10.png","contentUrl":"https:\/\/cbdplein.nl\/wp-content\/uploads\/2024\/12\/Wedihemp-CBD-Olie-10-10.png","width":1024,"height":1024,"caption":"Ein besonders starkes 10% CBD-\u00d6l, das eine L\u00f6sung f\u00fcr Menschen sein kann, bei denen die Wirkung des 5 %igen \u00d6ls unzureichend ist."},{"@type":"BreadcrumbList","@id":"https:\/\/cbdplein.nl\/shop\/cbd-olie-raw-10-10ml-wedihemp\/#breadcrumb","itemListElement":[{"@type":"ListItem","position":1,"name":"Home","item":"https:\/\/cbdplein.nl\/de\/"},{"@type":"ListItem","position":2,"name":"Shop","item":"https:\/\/cbdplein.nl\/de\/shop\/"},{"@type":"ListItem","position":3,"name":"CBD \u00d6l Raw 10% 10ml Wedihemp"}]},{"@type":"WebSite","@id":"https:\/\/cbdplein.nl\/#website","url":"https:\/\/cbdplein.nl\/","name":"CBD Plein","description":"&nbsp;Vertraut seit 2016","publisher":{"@id":"https:\/\/cbdplein.nl\/#organization"},"potentialAction":[{"@type":"SearchAction","target":{"@type":"EntryPoint","urlTemplate":"https:\/\/cbdplein.nl\/?s={search_term_string}"},"query-input":{"@type":"PropertyValueSpecification","valueRequired":true,"valueName":"search_term_string"}}],"inLanguage":"de"},{"@type":"Organization","@id":"https:\/\/cbdplein.nl\/#organization","name":"CBD Plein","url":"https:\/\/cbdplein.nl\/","logo":{"@type":"ImageObject","inLanguage":"de","@id":"https:\/\/cbdplein.nl\/#\/schema\/logo\/image\/","url":"https:\/\/cbdplein.nl\/wp-content\/uploads\/2021\/11\/logo-cbdplein-new.png","contentUrl":"https:\/\/cbdplein.nl\/wp-content\/uploads\/2021\/11\/logo-cbdplein-new.png","width":350,"height":70,"caption":"CBD Plein"},"image":{"@id":"https:\/\/cbdplein.nl\/#\/schema\/logo\/image\/"}}]}},"_links":{"self":[{"href":"https:\/\/cbdplein.nl\/de\/wp-json\/wp\/v2\/product\/3826","targetHints":{"allow":["GET"]}}],"collection":[{"href":"https:\/\/cbdplein.nl\/de\/wp-json\/wp\/v2\/product"}],"about":[{"href":"https:\/\/cbdplein.nl\/de\/wp-json\/wp\/v2\/types\/product"}],"wp:featuredmedia":[{"embeddable":true,"href":"https:\/\/cbdplein.nl\/de\/wp-json\/wp\/v2\/media\/16485"}],"wp:attachment":[{"href":"https:\/\/cbdplein.nl\/de\/wp-json\/wp\/v2\/media?parent=3826"}],"wp:term":[{"taxonomy":"product_brand","embeddable":true,"href":"https:\/\/cbdplein.nl\/de\/wp-json\/wp\/v2\/product_brand?post=3826"},{"taxonomy":"product_cat","embeddable":true,"href":"https:\/\/cbdplein.nl\/de\/wp-json\/wp\/v2\/product_cat?post=3826"},{"taxonomy":"product_tag","embeddable":true,"href":"https:\/\/cbdplein.nl\/de\/wp-json\/wp\/v2\/product_tag?post=3826"}],"curies":[{"name":"wp","href":"https:\/\/api.w.org\/{rel}","templated":true}]}}