{"id":3830,"date":"2017-03-14T18:49:43","date_gmt":"2017-03-14T17:49:43","guid":{"rendered":"https:\/\/cbdplein.nl\/shop\/cbd-salbe-hemptouch\/"},"modified":"2024-11-22T02:14:55","modified_gmt":"2024-11-22T01:14:55","slug":"cbd-salbe-hemptouch","status":"publish","type":"product","link":"https:\/\/cbdplein.nl\/de\/shop\/cbd-salbe-hemptouch\/","title":{"rendered":"CBD Salbe Hemptouch"},"content":{"rendered":"<h3>Hemptouch CBD Salbe<\/h3>\n<p>Diese CBD Salbe von Hemptouch bek\u00e4mpft die Symptome atopischer Haut. Es lindert Hautreaktionen und beruhigt Ekzemattacken. Es bietet intensive Linderung bei roter, schuppiger und schmerzender Haut. Es bringt die Haut wieder ins Gleichgewicht und unterst\u00fctzt so chronische Hautprobleme. Die Salbe ist weich und hat einen sch\u00f6nen frischen Duft. Sie k\u00f6nnen die Salbe einfach und schnell auf Ihrer Haut verteilen, noch bevor Sie gehen. Die Salbe f\u00e4rbt sich nicht und zieht sehr schnell ein. Es ist f\u00fcr alle Hauttypen geeignet.<\/p>\n<p><iframe loading=\"lazy\" src=\"\/\/www.youtube.com\/embed\/c1FylFXp1qk\" width=\"560\" height=\"314\" allowfullscreen=\"allowfullscreen\"><\/iframe><\/p>\n<h3>Eigenschaften<\/h3>\n<ul>\n<li>Entz\u00fcndungshemmend und beruhigend<\/li>\n<li>F\u00fcr alle Hauttypen<\/li>\n<li>Erfrischender Duft<\/li>\n<li>Zieht schnell ein<\/li>\n<li>Verschmiert nicht<\/li>\n<\/ul>\n<h3>Zutaten<\/h3>\n<p>Diese Salbe enth\u00e4lt ausschlie\u00dflich pflanzliche Inhaltsstoffe wie Mango- und Sheabutter sowie Hanfsamen\u00f6l, das voll mit gesunden Omega-3 und 6 Fetts\u00e4uren ist. Dadurch wird die Feuchtigkeit auf der Haut gut zur\u00fcckgehalten. Da die Salbe keine tierischen Inhaltsstoffe enth\u00e4lt, ist sie 100% vegan.<\/p>\n<ul>\n<li>CBD<\/li>\n<li>Hanf\u00f6l<\/li>\n<li>Calendula-\u00d6l<\/li>\n<li>Vitamin E<\/li>\n<li>Mango Butter<\/li>\n<li>Shea Butter<\/li>\n<\/ul>\n<p><span style=\"color: #ff6600;\">Nicht w\u00e4hrend der Schwangerschaft oder Stillzeit verwenden!<\/span><br \/>\n<span style=\"color: #ff6600;\">Dies ist ein Naturprodukt und Resultate k\u00f6nnen pro Person variieren.<\/span><\/p>\n","protected":false},"excerpt":{"rendered":"<table id=\"tabelnl\" style=\"border-collapse: collapse; width: 100%;\">\n<tbody>\n<tr>\n<td style=\"width: 100%; background-color: #ff6600; text-align: center;\"><strong><span style=\"color: #ffffff;\">Kauf 2 und spar 5% &#8211; Kauf 3 und spar 10%<br \/>\nRegistrierte Kunden erhalten dazu immer 10% Rabatt!<br \/>\n<\/span><\/strong><\/td>\n<\/tr>\n<\/tbody>\n<\/table>\n<p>Die CBD Salbe von Hemptouch wurde speziell f\u00fcr problematische, gereizte, entz\u00fcndete und\/oder empfindliche Haut entwickelt. Es beruhigt und heilt die Haut auf intensive Weise.<\/p>\n<p>Der Topf enth\u00e4lt 50ml CBD reiche Salbe.<\/p>\n","protected":false},"featured_media":16471,"template":"","meta":[],"product_brand":[],"product_cat":[188],"product_tag":[],"class_list":{"0":"post-3830","1":"product","2":"type-product","3":"status-publish","4":"has-post-thumbnail","6":"product_cat-cbd-de","7":"sales-flash-overlay","8":"woocommerce-text-align-center","9":"woocommerce-image-align-center","10":"do-quantity-buttons","12":"first","13":"instock","14":"taxable","15":"shipping-taxable","16":"purchasable","17":"product-type-simple"},"yoast_head":"<!-- This site is optimized with the Yoast SEO plugin v27.4 - https:\/\/yoast.com\/product\/yoast-seo-wordpress\/ -->\n<title>CBD Salbe Hemptouch &#8226; CBD Plein<\/title>\n<meta name=\"description\" content=\"Die CBD Salbe von Hemptouch beruhigt und heilt problematische, gereizte oder empfindliche Haut auf intensive Weise.\" \/>\n<meta name=\"robots\" content=\"index, follow, max-snippet:-1, max-image-preview:large, max-video-preview:-1\" \/>\n<link rel=\"canonical\" href=\"https:\/\/cbdplein.nl\/shop\/cbd-zalf-hemptouch\/\" \/>\n<meta property=\"og:locale\" content=\"de_DE\" \/>\n<meta property=\"og:type\" content=\"article\" \/>\n<meta property=\"og:title\" content=\"CBD Salbe Hemptouch &#8226; CBD Plein\" \/>\n<meta property=\"og:description\" content=\"Die CBD Salbe von Hemptouch beruhigt und heilt problematische, gereizte oder empfindliche Haut auf intensive Weise.\" \/>\n<meta property=\"og:url\" content=\"https:\/\/cbdplein.nl\/shop\/cbd-zalf-hemptouch\/\" \/>\n<meta property=\"og:site_name\" content=\"CBD Plein\" \/>\n<meta property=\"article:modified_time\" content=\"2024-11-22T01:14:55+00:00\" \/>\n<meta property=\"og:image\" content=\"https:\/\/cbdplein.nl\/wp-content\/uploads\/2024\/12\/hemptouch-cbd-zalf.png\" \/>\n\t<meta property=\"og:image:width\" content=\"1024\" \/>\n\t<meta property=\"og:image:height\" content=\"1024\" \/>\n\t<meta property=\"og:image:type\" content=\"image\/png\" \/>\n<meta name=\"twitter:card\" content=\"summary_large_image\" \/>\n<meta name=\"twitter:label1\" content=\"Gesch\u00e4tzte Lesezeit\" \/>\n\t<meta name=\"twitter:data1\" content=\"2\u00a0Minuten\" \/>\n<script type=\"application\/ld+json\" class=\"yoast-schema-graph\">{\"@context\":\"https:\\\/\\\/schema.org\",\"@graph\":[{\"@type\":\"WebPage\",\"@id\":\"https:\\\/\\\/cbdplein.nl\\\/shop\\\/cbd-zalf-hemptouch\\\/\",\"url\":\"https:\\\/\\\/cbdplein.nl\\\/shop\\\/cbd-zalf-hemptouch\\\/\",\"name\":\"CBD Salbe Hemptouch &#8226; CBD Plein\",\"isPartOf\":{\"@id\":\"https:\\\/\\\/cbdplein.nl\\\/#website\"},\"primaryImageOfPage\":{\"@id\":\"https:\\\/\\\/cbdplein.nl\\\/shop\\\/cbd-zalf-hemptouch\\\/#primaryimage\"},\"image\":{\"@id\":\"https:\\\/\\\/cbdplein.nl\\\/shop\\\/cbd-zalf-hemptouch\\\/#primaryimage\"},\"thumbnailUrl\":\"https:\\\/\\\/cbdplein.nl\\\/wp-content\\\/uploads\\\/2024\\\/12\\\/hemptouch-cbd-zalf.png\",\"datePublished\":\"2017-03-14T17:49:43+00:00\",\"dateModified\":\"2024-11-22T01:14:55+00:00\",\"description\":\"Die CBD Salbe von Hemptouch beruhigt und heilt problematische, gereizte oder empfindliche Haut auf intensive Weise.\",\"breadcrumb\":{\"@id\":\"https:\\\/\\\/cbdplein.nl\\\/shop\\\/cbd-zalf-hemptouch\\\/#breadcrumb\"},\"inLanguage\":\"de\",\"potentialAction\":[{\"@type\":\"ReadAction\",\"target\":[\"https:\\\/\\\/cbdplein.nl\\\/shop\\\/cbd-zalf-hemptouch\\\/\"]}]},{\"@type\":\"ImageObject\",\"inLanguage\":\"de\",\"@id\":\"https:\\\/\\\/cbdplein.nl\\\/shop\\\/cbd-zalf-hemptouch\\\/#primaryimage\",\"url\":\"https:\\\/\\\/cbdplein.nl\\\/wp-content\\\/uploads\\\/2024\\\/12\\\/hemptouch-cbd-zalf.png\",\"contentUrl\":\"https:\\\/\\\/cbdplein.nl\\\/wp-content\\\/uploads\\\/2024\\\/12\\\/hemptouch-cbd-zalf.png\",\"width\":1024,\"height\":1024,\"caption\":\"Die CBD-Salbe von Hemptouch ist f\u00fcr alle Hauttypen geeignet und kann bei den unterschiedlichsten Hauterkrankungen eingesetzt werden. Es zieht schnell ein und hinterl\u00e4sst keine Flecken.\"},{\"@type\":\"BreadcrumbList\",\"@id\":\"https:\\\/\\\/cbdplein.nl\\\/shop\\\/cbd-zalf-hemptouch\\\/#breadcrumb\",\"itemListElement\":[{\"@type\":\"ListItem\",\"position\":1,\"name\":\"Home\",\"item\":\"https:\\\/\\\/cbdplein.nl\\\/de\\\/\"},{\"@type\":\"ListItem\",\"position\":2,\"name\":\"Shop\",\"item\":\"https:\\\/\\\/cbdplein.nl\\\/de\\\/shop\\\/\"},{\"@type\":\"ListItem\",\"position\":3,\"name\":\"CBD Salbe Hemptouch\"}]},{\"@type\":\"WebSite\",\"@id\":\"https:\\\/\\\/cbdplein.nl\\\/#website\",\"url\":\"https:\\\/\\\/cbdplein.nl\\\/\",\"name\":\"CBD Plein\",\"description\":\"&nbsp;Vertraut seit 2016\",\"publisher\":{\"@id\":\"https:\\\/\\\/cbdplein.nl\\\/#organization\"},\"potentialAction\":[{\"@type\":\"SearchAction\",\"target\":{\"@type\":\"EntryPoint\",\"urlTemplate\":\"https:\\\/\\\/cbdplein.nl\\\/?s={search_term_string}\"},\"query-input\":{\"@type\":\"PropertyValueSpecification\",\"valueRequired\":true,\"valueName\":\"search_term_string\"}}],\"inLanguage\":\"de\"},{\"@type\":\"Organization\",\"@id\":\"https:\\\/\\\/cbdplein.nl\\\/#organization\",\"name\":\"CBD Plein\",\"url\":\"https:\\\/\\\/cbdplein.nl\\\/\",\"logo\":{\"@type\":\"ImageObject\",\"inLanguage\":\"de\",\"@id\":\"https:\\\/\\\/cbdplein.nl\\\/#\\\/schema\\\/logo\\\/image\\\/\",\"url\":\"https:\\\/\\\/cbdplein.nl\\\/wp-content\\\/uploads\\\/2021\\\/11\\\/logo-cbdplein-new.png\",\"contentUrl\":\"https:\\\/\\\/cbdplein.nl\\\/wp-content\\\/uploads\\\/2021\\\/11\\\/logo-cbdplein-new.png\",\"width\":350,\"height\":70,\"caption\":\"CBD Plein\"},\"image\":{\"@id\":\"https:\\\/\\\/cbdplein.nl\\\/#\\\/schema\\\/logo\\\/image\\\/\"}}]}<\/script>\n<!-- \/ Yoast SEO plugin. -->","yoast_head_json":{"title":"CBD Salbe Hemptouch &#8226; CBD Plein","description":"Die CBD Salbe von Hemptouch beruhigt und heilt problematische, gereizte oder empfindliche Haut auf intensive Weise.","robots":{"index":"index","follow":"follow","max-snippet":"max-snippet:-1","max-image-preview":"max-image-preview:large","max-video-preview":"max-video-preview:-1"},"canonical":"https:\/\/cbdplein.nl\/shop\/cbd-zalf-hemptouch\/","og_locale":"de_DE","og_type":"article","og_title":"CBD Salbe Hemptouch &#8226; CBD Plein","og_description":"Die CBD Salbe von Hemptouch beruhigt und heilt problematische, gereizte oder empfindliche Haut auf intensive Weise.","og_url":"https:\/\/cbdplein.nl\/shop\/cbd-zalf-hemptouch\/","og_site_name":"CBD Plein","article_modified_time":"2024-11-22T01:14:55+00:00","og_image":[{"width":1024,"height":1024,"url":"https:\/\/cbdplein.nl\/wp-content\/uploads\/2024\/12\/hemptouch-cbd-zalf.png","type":"image\/png"}],"twitter_card":"summary_large_image","twitter_misc":{"Gesch\u00e4tzte Lesezeit":"2\u00a0Minuten"},"schema":{"@context":"https:\/\/schema.org","@graph":[{"@type":"WebPage","@id":"https:\/\/cbdplein.nl\/shop\/cbd-zalf-hemptouch\/","url":"https:\/\/cbdplein.nl\/shop\/cbd-zalf-hemptouch\/","name":"CBD Salbe Hemptouch &#8226; CBD Plein","isPartOf":{"@id":"https:\/\/cbdplein.nl\/#website"},"primaryImageOfPage":{"@id":"https:\/\/cbdplein.nl\/shop\/cbd-zalf-hemptouch\/#primaryimage"},"image":{"@id":"https:\/\/cbdplein.nl\/shop\/cbd-zalf-hemptouch\/#primaryimage"},"thumbnailUrl":"https:\/\/cbdplein.nl\/wp-content\/uploads\/2024\/12\/hemptouch-cbd-zalf.png","datePublished":"2017-03-14T17:49:43+00:00","dateModified":"2024-11-22T01:14:55+00:00","description":"Die CBD Salbe von Hemptouch beruhigt und heilt problematische, gereizte oder empfindliche Haut auf intensive Weise.","breadcrumb":{"@id":"https:\/\/cbdplein.nl\/shop\/cbd-zalf-hemptouch\/#breadcrumb"},"inLanguage":"de","potentialAction":[{"@type":"ReadAction","target":["https:\/\/cbdplein.nl\/shop\/cbd-zalf-hemptouch\/"]}]},{"@type":"ImageObject","inLanguage":"de","@id":"https:\/\/cbdplein.nl\/shop\/cbd-zalf-hemptouch\/#primaryimage","url":"https:\/\/cbdplein.nl\/wp-content\/uploads\/2024\/12\/hemptouch-cbd-zalf.png","contentUrl":"https:\/\/cbdplein.nl\/wp-content\/uploads\/2024\/12\/hemptouch-cbd-zalf.png","width":1024,"height":1024,"caption":"Die CBD-Salbe von Hemptouch ist f\u00fcr alle Hauttypen geeignet und kann bei den unterschiedlichsten Hauterkrankungen eingesetzt werden. Es zieht schnell ein und hinterl\u00e4sst keine Flecken."},{"@type":"BreadcrumbList","@id":"https:\/\/cbdplein.nl\/shop\/cbd-zalf-hemptouch\/#breadcrumb","itemListElement":[{"@type":"ListItem","position":1,"name":"Home","item":"https:\/\/cbdplein.nl\/de\/"},{"@type":"ListItem","position":2,"name":"Shop","item":"https:\/\/cbdplein.nl\/de\/shop\/"},{"@type":"ListItem","position":3,"name":"CBD Salbe Hemptouch"}]},{"@type":"WebSite","@id":"https:\/\/cbdplein.nl\/#website","url":"https:\/\/cbdplein.nl\/","name":"CBD Plein","description":"&nbsp;Vertraut seit 2016","publisher":{"@id":"https:\/\/cbdplein.nl\/#organization"},"potentialAction":[{"@type":"SearchAction","target":{"@type":"EntryPoint","urlTemplate":"https:\/\/cbdplein.nl\/?s={search_term_string}"},"query-input":{"@type":"PropertyValueSpecification","valueRequired":true,"valueName":"search_term_string"}}],"inLanguage":"de"},{"@type":"Organization","@id":"https:\/\/cbdplein.nl\/#organization","name":"CBD Plein","url":"https:\/\/cbdplein.nl\/","logo":{"@type":"ImageObject","inLanguage":"de","@id":"https:\/\/cbdplein.nl\/#\/schema\/logo\/image\/","url":"https:\/\/cbdplein.nl\/wp-content\/uploads\/2021\/11\/logo-cbdplein-new.png","contentUrl":"https:\/\/cbdplein.nl\/wp-content\/uploads\/2021\/11\/logo-cbdplein-new.png","width":350,"height":70,"caption":"CBD Plein"},"image":{"@id":"https:\/\/cbdplein.nl\/#\/schema\/logo\/image\/"}}]}},"_links":{"self":[{"href":"https:\/\/cbdplein.nl\/de\/wp-json\/wp\/v2\/product\/3830","targetHints":{"allow":["GET"]}}],"collection":[{"href":"https:\/\/cbdplein.nl\/de\/wp-json\/wp\/v2\/product"}],"about":[{"href":"https:\/\/cbdplein.nl\/de\/wp-json\/wp\/v2\/types\/product"}],"wp:featuredmedia":[{"embeddable":true,"href":"https:\/\/cbdplein.nl\/de\/wp-json\/wp\/v2\/media\/16471"}],"wp:attachment":[{"href":"https:\/\/cbdplein.nl\/de\/wp-json\/wp\/v2\/media?parent=3830"}],"wp:term":[{"taxonomy":"product_brand","embeddable":true,"href":"https:\/\/cbdplein.nl\/de\/wp-json\/wp\/v2\/product_brand?post=3830"},{"taxonomy":"product_cat","embeddable":true,"href":"https:\/\/cbdplein.nl\/de\/wp-json\/wp\/v2\/product_cat?post=3830"},{"taxonomy":"product_tag","embeddable":true,"href":"https:\/\/cbdplein.nl\/de\/wp-json\/wp\/v2\/product_tag?post=3830"}],"curies":[{"name":"wp","href":"https:\/\/api.w.org\/{rel}","templated":true}]}}