{"id":5730,"date":"2018-04-10T22:46:05","date_gmt":"2018-04-10T20:46:05","guid":{"rendered":"https:\/\/cbdplein.nl\/?post_type=product&#038;p=5730"},"modified":"2024-11-22T02:10:01","modified_gmt":"2024-11-22T01:10:01","slug":"cbd-kapseln-5-wedihemp","status":"publish","type":"product","link":"https:\/\/cbdplein.nl\/de\/shop\/cbd-kapseln-5-wedihemp\/","title":{"rendered":"CBD Kapseln 5% Wedihemp"},"content":{"rendered":"<h3>Einfach und bequem<\/h3>\n<p>CBD Kapseln sind leicht einzunehmen und voller Cannabinoide. Nicht nur CBD, sondern auch CBC, CBG und CBN. Die Kapseln bestehen aus Methylcellulose und sind somit vegan und geschmacklos!<\/p>\n<h3>Organische CBD Kapseln<\/h3>\n<p>Die Kapseln enthalten jeweils 25 mg CBD-\u00d6l auf Basis von Bio-Hanfsamen\u00f6l. Das Hanfsamen\u00f6l enth\u00e4lt die Vitamine B und E und ist auch eine Quelle f\u00fcr unges\u00e4ttigte Omega-3- und 6-Fetts\u00e4uren. Alle Cannabinoide, Terpene und Phenole wurden w\u00e4hrend des Produktionsprozesses konserviert. Dies wird auch als Vollspektrum bezeichnet.<\/p>\n<p>Die Kapseln enthalten mehr CBD als \u00fcblich, wenn einzelne Tropfen verwendet werden. Dies liegt daran, dass die Kapseln im Magen aktiviert werden. Ein Teil des CBD geht durch die vorhandenen Magens\u00e4uren verloren. Um dies zu \u00fcberwinden, wird daher zus\u00e4tzliches CBD hinzugef\u00fcgt. Wenn Sie Tropfen unter die Zunge nehmen, gibt es keinen Verlust.<\/p>\n<h3>Eigenschaften<\/h3>\n<ul>\n<li>60 Kapseln pro Packung<\/li>\n<li>25mg CBD pro Kapsel<\/li>\n<li>Vollspektrum\u00f6l<\/li>\n<li>Kapseln aus pflanzlichem Material<\/li>\n<li>Hergestellt aus Hanf aus biologischem Anbau<\/li>\n<li>Hergestellt durch CO2-Extraktion<\/li>\n<li>Einfach zu dosieren<\/li>\n<li>Enth\u00e4lt neben CBD auch Vitamin B und E<\/li>\n<li>Enth\u00e4lt Omega 3 und 6<\/li>\n<li>Vergleichbar mit einem 5% igen \u00d6l<\/li>\n<\/ul>\n<h3>Abweichungen<\/h3>\n<p>Wedihemp baut Hanf aus organischen Fasern an, ohne chemische Pestizide zu verwenden. Da CBD \u00d6l ein Naturprodukt ist, kann die genaue Zusammensetzung pro Charge geringf\u00fcgig abweichen. Die Menge an CBD wird sorgf\u00e4ltig bestimmt und wird daher niemals geringer sein als die angegebene Menge. Auf diese Weise k\u00f6nnen Sie sicher sein, dass ein CBD-Produkt immer die angegebene Konzentration enth\u00e4lt.<\/p>\n<h3>Wedihemp<\/h3>\n<p>Hersteller dieser CBD Kapseln ist das Familienunternehmen Wedihemp aus \u00d6sterreich. Sie wachsen und produzieren ihre Produkte auf v\u00f6llig biologische Weise. Wedihemp ist SKAL- und AT-Bio-zertifiziert. Diese Qualit\u00e4tszeichen garantieren einen kontrollierten 100% biologischen Anbau und Produktion.<\/p>\n<h3>H\u00e4ufig gestellte Fragen<\/h3>\n<div class=\"su-accordion su-u-trim\">\n<div class=\"su-spoiler su-spoiler-style-fancy su-spoiler-icon-chevron su-spoiler-closed\" data-scroll-offset=\"0\" data-anchor-in-url=\"no\"><div class=\"su-spoiler-title\" tabindex=\"0\" role=\"button\"><span class=\"su-spoiler-icon\"><\/span>Funktioniert CBD auch bei mir?<\/div><div class=\"su-spoiler-content su-u-clearfix su-u-trim\">Das ist schwer vorherzusagen. CBD ist kein Medikament, sondern ein Naturprodukt. Dadurch ist die Wirkung von Person zu Person unterschiedlich. Gl\u00fccklicherweise profitieren viele Menschen davon, aber bei manchen funktioniert es weniger oder gar nicht. Wir empfehlen Ihnen, es zumindest auszuprobieren.<\/div><\/div>\n<div class=\"su-spoiler su-spoiler-style-fancy su-spoiler-icon-chevron su-spoiler-closed\" data-scroll-offset=\"0\" data-anchor-in-url=\"no\"><div class=\"su-spoiler-title\" tabindex=\"0\" role=\"button\"><span class=\"su-spoiler-icon\"><\/span>Hat CBD Nebenwirkungen?<\/div><div class=\"su-spoiler-content su-u-clearfix su-u-trim\">Nein. CBD wird seit Jahren von vielen Menschen verwendet und bisher wurden keine Nebenwirkungen gemeldet.<\/div><\/div>\n<div class=\"su-spoiler su-spoiler-style-fancy su-spoiler-icon-chevron su-spoiler-closed\" data-scroll-offset=\"0\" data-anchor-in-url=\"no\"><div class=\"su-spoiler-title\" tabindex=\"0\" role=\"button\"><span class=\"su-spoiler-icon\"><\/span>Kann man von CBD abh\u00e4ngig werden?<\/div><div class=\"su-spoiler-content su-u-clearfix su-u-trim\">Nein. CBD enth\u00e4lt keine s\u00fcchtig machenden Substanzen.<\/div><\/div>\n<div class=\"su-spoiler su-spoiler-style-fancy su-spoiler-icon-chevron su-spoiler-closed\" data-scroll-offset=\"0\" data-anchor-in-url=\"no\"><div class=\"su-spoiler-title\" tabindex=\"0\" role=\"button\"><span class=\"su-spoiler-icon\"><\/span>Hilft CBD bei Schmerzen?<\/div><div class=\"su-spoiler-content su-u-clearfix su-u-trim\">Aufgrund der strengen EU-Gesetzgebung d\u00fcrfen wir leider keine Aussagen zur Wirkung machen. Aber eine kurze Suche im Internet wird Ihnen viele n\u00fctzliche Informationen geben.<\/div><\/div>\n<div class=\"su-spoiler su-spoiler-style-fancy su-spoiler-icon-chevron su-spoiler-closed\" data-scroll-offset=\"0\" data-anchor-in-url=\"no\"><div class=\"su-spoiler-title\" tabindex=\"0\" role=\"button\"><span class=\"su-spoiler-icon\"><\/span>Ich nehme Medizin. Darf ich dazu auch CBD verwenden?<\/div><div class=\"su-spoiler-content su-u-clearfix su-u-trim\">\u00dcber die Wechselwirkung zwischen CBD und Medikamenten ist leider noch nicht viel bekannt. Es wurde jedoch ein Artikel ver\u00f6ffentlicht, in dem von der Verwendung gr\u00f6\u00dferer CBD-Mengen in Kombination mit bestimmten Medikamenten abgeraten wird. Sie k\u00f6nnen diesen Artikel <a href=\"https:\/\/cbdplein.nl\/de\/cbd-und-medikamenten\/\">hier<\/a> lesen.<\/div><\/div>\n<\/div>\n<h3>Verwendung CBD Kapseln<\/h3>\n<p>Nehmen Sie bis zu 2 Kapseln pro Tag mit ausreichend Fl\u00fcssigkeit ein. Dies ist eine Empfehlung und kann auf Wunsch \u00fcberschritten werden.<br \/>\nVerwenden bei Raumtemperatur; dunkel lagern.<\/p>\n<p><span style=\"color: #ff6600;\">Nicht w\u00e4hrend der Schwangerschaft oder Stillzeit verwenden!<\/span><br \/>\n<span style=\"color: #ff6600;\">Dies ist ein Naturprodukt und Resultate k\u00f6nnen pro Person variieren.<\/span><\/p>\n","protected":false},"excerpt":{"rendered":"<table id=\"tabelnl\" style=\"border-collapse: collapse; width: 100%;\">\n<tbody>\n<tr>\n<td style=\"width: 100%; background-color: #ff6600; text-align: center;\"><strong><span style=\"color: #ffffff;\">Kauf 2 und spar 5% &#8211; Kauf 3 und spar 10%<br \/>\nRegistrierte Kunden erhalten dazu immer 10% Rabatt!<br \/>\n<\/span><\/strong><\/td>\n<\/tr>\n<\/tbody>\n<\/table>\n<p>CBD Kapseln sind eine ideale L\u00f6sung f\u00fcr alle, die keine CBD-Tropfen einnehmen k\u00f6nnen oder wollen. Sie sind geschmacklos und leicht einzunehmen.<\/p>\n<p>Das Glas enth\u00e4lt 60 Kapseln mit jeweils 25mg Vollspektrum CBD.<\/p>\n<p><img decoding=\"async\" class=\"size-full wp-image-8084 alignnone\" src=\"https:\/\/cbdplein.nl\/wp-content\/uploads\/2018\/04\/BIO-Logos_DE.png\" alt=\"bio-logo\" width=\"150\" height=\"87\" \/><\/p>\n","protected":false},"featured_media":16479,"template":"","meta":[],"product_brand":[],"product_cat":[188],"product_tag":[],"class_list":{"0":"post-5730","1":"product","2":"type-product","3":"status-publish","4":"has-post-thumbnail","6":"product_cat-cbd-de","7":"sales-flash-overlay","8":"woocommerce-text-align-center","9":"woocommerce-image-align-center","10":"do-quantity-buttons","12":"first","13":"outofstock","14":"taxable","15":"shipping-taxable","16":"purchasable","17":"product-type-simple"},"yoast_head":"<!-- This site is optimized with the Yoast SEO plugin v27.4 - https:\/\/yoast.com\/product\/yoast-seo-wordpress\/ -->\n<title>CBD Kapseln 5% Wedihemp &#8226; CBD Plein<\/title>\n<meta name=\"description\" content=\"F\u00fcr alle, die CBD \u00d6l nicht nehmen m\u00f6chten oder k\u00f6nnen, gibt es eine Alternative in Form von CBD Kapseln. Sehr einfach in Gebrauch.\" \/>\n<meta name=\"robots\" content=\"index, follow, max-snippet:-1, max-image-preview:large, max-video-preview:-1\" \/>\n<link rel=\"canonical\" href=\"https:\/\/cbdplein.nl\/shop\/cbd-capsules-5-wedihemp\/\" \/>\n<meta property=\"og:locale\" content=\"de_DE\" \/>\n<meta property=\"og:type\" content=\"article\" \/>\n<meta property=\"og:title\" content=\"CBD Kapseln 5% Wedihemp &#8226; CBD Plein\" \/>\n<meta property=\"og:description\" content=\"F\u00fcr alle, die CBD \u00d6l nicht nehmen m\u00f6chten oder k\u00f6nnen, gibt es eine Alternative in Form von CBD Kapseln. Sehr einfach in Gebrauch.\" \/>\n<meta property=\"og:url\" content=\"https:\/\/cbdplein.nl\/shop\/cbd-capsules-5-wedihemp\/\" \/>\n<meta property=\"og:site_name\" content=\"CBD Plein\" \/>\n<meta property=\"article:modified_time\" content=\"2024-11-22T01:10:01+00:00\" \/>\n<meta property=\"og:image\" content=\"https:\/\/cbdplein.nl\/wp-content\/uploads\/2024\/12\/Wedihemp-CBD-Capsules-5.png\" \/>\n\t<meta property=\"og:image:width\" content=\"1024\" \/>\n\t<meta property=\"og:image:height\" content=\"1024\" \/>\n\t<meta property=\"og:image:type\" content=\"image\/png\" \/>\n<meta name=\"twitter:card\" content=\"summary_large_image\" \/>\n<meta name=\"twitter:label1\" content=\"Gesch\u00e4tzte Lesezeit\" \/>\n\t<meta name=\"twitter:data1\" content=\"3\u00a0Minuten\" \/>\n<script type=\"application\/ld+json\" class=\"yoast-schema-graph\">{\"@context\":\"https:\\\/\\\/schema.org\",\"@graph\":[{\"@type\":\"WebPage\",\"@id\":\"https:\\\/\\\/cbdplein.nl\\\/shop\\\/cbd-capsules-5-wedihemp\\\/\",\"url\":\"https:\\\/\\\/cbdplein.nl\\\/shop\\\/cbd-capsules-5-wedihemp\\\/\",\"name\":\"CBD Kapseln 5% Wedihemp &#8226; CBD Plein\",\"isPartOf\":{\"@id\":\"https:\\\/\\\/cbdplein.nl\\\/#website\"},\"primaryImageOfPage\":{\"@id\":\"https:\\\/\\\/cbdplein.nl\\\/shop\\\/cbd-capsules-5-wedihemp\\\/#primaryimage\"},\"image\":{\"@id\":\"https:\\\/\\\/cbdplein.nl\\\/shop\\\/cbd-capsules-5-wedihemp\\\/#primaryimage\"},\"thumbnailUrl\":\"https:\\\/\\\/cbdplein.nl\\\/wp-content\\\/uploads\\\/2024\\\/12\\\/Wedihemp-CBD-Capsules-5.png\",\"datePublished\":\"2018-04-10T20:46:05+00:00\",\"dateModified\":\"2024-11-22T01:10:01+00:00\",\"description\":\"F\u00fcr alle, die CBD \u00d6l nicht nehmen m\u00f6chten oder k\u00f6nnen, gibt es eine Alternative in Form von CBD Kapseln. Sehr einfach in Gebrauch.\",\"breadcrumb\":{\"@id\":\"https:\\\/\\\/cbdplein.nl\\\/shop\\\/cbd-capsules-5-wedihemp\\\/#breadcrumb\"},\"inLanguage\":\"de\",\"potentialAction\":[{\"@type\":\"ReadAction\",\"target\":[\"https:\\\/\\\/cbdplein.nl\\\/shop\\\/cbd-capsules-5-wedihemp\\\/\"]}]},{\"@type\":\"ImageObject\",\"inLanguage\":\"de\",\"@id\":\"https:\\\/\\\/cbdplein.nl\\\/shop\\\/cbd-capsules-5-wedihemp\\\/#primaryimage\",\"url\":\"https:\\\/\\\/cbdplein.nl\\\/wp-content\\\/uploads\\\/2024\\\/12\\\/Wedihemp-CBD-Capsules-5.png\",\"contentUrl\":\"https:\\\/\\\/cbdplein.nl\\\/wp-content\\\/uploads\\\/2024\\\/12\\\/Wedihemp-CBD-Capsules-5.png\",\"width\":1024,\"height\":1024,\"caption\":\"CBD-Kapseln sind sehr einfach einzunehmen. Da sie geschmacksneutral sind, sind sie ideal f\u00fcr Menschen, die kein \u00d6l zu sich nehmen wollen oder k\u00f6nnen.\"},{\"@type\":\"BreadcrumbList\",\"@id\":\"https:\\\/\\\/cbdplein.nl\\\/shop\\\/cbd-capsules-5-wedihemp\\\/#breadcrumb\",\"itemListElement\":[{\"@type\":\"ListItem\",\"position\":1,\"name\":\"Home\",\"item\":\"https:\\\/\\\/cbdplein.nl\\\/de\\\/\"},{\"@type\":\"ListItem\",\"position\":2,\"name\":\"Shop\",\"item\":\"https:\\\/\\\/cbdplein.nl\\\/de\\\/shop\\\/\"},{\"@type\":\"ListItem\",\"position\":3,\"name\":\"CBD Kapseln 5% Wedihemp\"}]},{\"@type\":\"WebSite\",\"@id\":\"https:\\\/\\\/cbdplein.nl\\\/#website\",\"url\":\"https:\\\/\\\/cbdplein.nl\\\/\",\"name\":\"CBD Plein\",\"description\":\"&nbsp;Vertraut seit 2016\",\"publisher\":{\"@id\":\"https:\\\/\\\/cbdplein.nl\\\/#organization\"},\"potentialAction\":[{\"@type\":\"SearchAction\",\"target\":{\"@type\":\"EntryPoint\",\"urlTemplate\":\"https:\\\/\\\/cbdplein.nl\\\/?s={search_term_string}\"},\"query-input\":{\"@type\":\"PropertyValueSpecification\",\"valueRequired\":true,\"valueName\":\"search_term_string\"}}],\"inLanguage\":\"de\"},{\"@type\":\"Organization\",\"@id\":\"https:\\\/\\\/cbdplein.nl\\\/#organization\",\"name\":\"CBD Plein\",\"url\":\"https:\\\/\\\/cbdplein.nl\\\/\",\"logo\":{\"@type\":\"ImageObject\",\"inLanguage\":\"de\",\"@id\":\"https:\\\/\\\/cbdplein.nl\\\/#\\\/schema\\\/logo\\\/image\\\/\",\"url\":\"https:\\\/\\\/cbdplein.nl\\\/wp-content\\\/uploads\\\/2021\\\/11\\\/logo-cbdplein-new.png\",\"contentUrl\":\"https:\\\/\\\/cbdplein.nl\\\/wp-content\\\/uploads\\\/2021\\\/11\\\/logo-cbdplein-new.png\",\"width\":350,\"height\":70,\"caption\":\"CBD Plein\"},\"image\":{\"@id\":\"https:\\\/\\\/cbdplein.nl\\\/#\\\/schema\\\/logo\\\/image\\\/\"}}]}<\/script>\n<!-- \/ Yoast SEO plugin. -->","yoast_head_json":{"title":"CBD Kapseln 5% Wedihemp &#8226; CBD Plein","description":"F\u00fcr alle, die CBD \u00d6l nicht nehmen m\u00f6chten oder k\u00f6nnen, gibt es eine Alternative in Form von CBD Kapseln. Sehr einfach in Gebrauch.","robots":{"index":"index","follow":"follow","max-snippet":"max-snippet:-1","max-image-preview":"max-image-preview:large","max-video-preview":"max-video-preview:-1"},"canonical":"https:\/\/cbdplein.nl\/shop\/cbd-capsules-5-wedihemp\/","og_locale":"de_DE","og_type":"article","og_title":"CBD Kapseln 5% Wedihemp &#8226; CBD Plein","og_description":"F\u00fcr alle, die CBD \u00d6l nicht nehmen m\u00f6chten oder k\u00f6nnen, gibt es eine Alternative in Form von CBD Kapseln. Sehr einfach in Gebrauch.","og_url":"https:\/\/cbdplein.nl\/shop\/cbd-capsules-5-wedihemp\/","og_site_name":"CBD Plein","article_modified_time":"2024-11-22T01:10:01+00:00","og_image":[{"width":1024,"height":1024,"url":"https:\/\/cbdplein.nl\/wp-content\/uploads\/2024\/12\/Wedihemp-CBD-Capsules-5.png","type":"image\/png"}],"twitter_card":"summary_large_image","twitter_misc":{"Gesch\u00e4tzte Lesezeit":"3\u00a0Minuten"},"schema":{"@context":"https:\/\/schema.org","@graph":[{"@type":"WebPage","@id":"https:\/\/cbdplein.nl\/shop\/cbd-capsules-5-wedihemp\/","url":"https:\/\/cbdplein.nl\/shop\/cbd-capsules-5-wedihemp\/","name":"CBD Kapseln 5% Wedihemp &#8226; CBD Plein","isPartOf":{"@id":"https:\/\/cbdplein.nl\/#website"},"primaryImageOfPage":{"@id":"https:\/\/cbdplein.nl\/shop\/cbd-capsules-5-wedihemp\/#primaryimage"},"image":{"@id":"https:\/\/cbdplein.nl\/shop\/cbd-capsules-5-wedihemp\/#primaryimage"},"thumbnailUrl":"https:\/\/cbdplein.nl\/wp-content\/uploads\/2024\/12\/Wedihemp-CBD-Capsules-5.png","datePublished":"2018-04-10T20:46:05+00:00","dateModified":"2024-11-22T01:10:01+00:00","description":"F\u00fcr alle, die CBD \u00d6l nicht nehmen m\u00f6chten oder k\u00f6nnen, gibt es eine Alternative in Form von CBD Kapseln. Sehr einfach in Gebrauch.","breadcrumb":{"@id":"https:\/\/cbdplein.nl\/shop\/cbd-capsules-5-wedihemp\/#breadcrumb"},"inLanguage":"de","potentialAction":[{"@type":"ReadAction","target":["https:\/\/cbdplein.nl\/shop\/cbd-capsules-5-wedihemp\/"]}]},{"@type":"ImageObject","inLanguage":"de","@id":"https:\/\/cbdplein.nl\/shop\/cbd-capsules-5-wedihemp\/#primaryimage","url":"https:\/\/cbdplein.nl\/wp-content\/uploads\/2024\/12\/Wedihemp-CBD-Capsules-5.png","contentUrl":"https:\/\/cbdplein.nl\/wp-content\/uploads\/2024\/12\/Wedihemp-CBD-Capsules-5.png","width":1024,"height":1024,"caption":"CBD-Kapseln sind sehr einfach einzunehmen. Da sie geschmacksneutral sind, sind sie ideal f\u00fcr Menschen, die kein \u00d6l zu sich nehmen wollen oder k\u00f6nnen."},{"@type":"BreadcrumbList","@id":"https:\/\/cbdplein.nl\/shop\/cbd-capsules-5-wedihemp\/#breadcrumb","itemListElement":[{"@type":"ListItem","position":1,"name":"Home","item":"https:\/\/cbdplein.nl\/de\/"},{"@type":"ListItem","position":2,"name":"Shop","item":"https:\/\/cbdplein.nl\/de\/shop\/"},{"@type":"ListItem","position":3,"name":"CBD Kapseln 5% Wedihemp"}]},{"@type":"WebSite","@id":"https:\/\/cbdplein.nl\/#website","url":"https:\/\/cbdplein.nl\/","name":"CBD Plein","description":"&nbsp;Vertraut seit 2016","publisher":{"@id":"https:\/\/cbdplein.nl\/#organization"},"potentialAction":[{"@type":"SearchAction","target":{"@type":"EntryPoint","urlTemplate":"https:\/\/cbdplein.nl\/?s={search_term_string}"},"query-input":{"@type":"PropertyValueSpecification","valueRequired":true,"valueName":"search_term_string"}}],"inLanguage":"de"},{"@type":"Organization","@id":"https:\/\/cbdplein.nl\/#organization","name":"CBD Plein","url":"https:\/\/cbdplein.nl\/","logo":{"@type":"ImageObject","inLanguage":"de","@id":"https:\/\/cbdplein.nl\/#\/schema\/logo\/image\/","url":"https:\/\/cbdplein.nl\/wp-content\/uploads\/2021\/11\/logo-cbdplein-new.png","contentUrl":"https:\/\/cbdplein.nl\/wp-content\/uploads\/2021\/11\/logo-cbdplein-new.png","width":350,"height":70,"caption":"CBD Plein"},"image":{"@id":"https:\/\/cbdplein.nl\/#\/schema\/logo\/image\/"}}]}},"_links":{"self":[{"href":"https:\/\/cbdplein.nl\/de\/wp-json\/wp\/v2\/product\/5730","targetHints":{"allow":["GET"]}}],"collection":[{"href":"https:\/\/cbdplein.nl\/de\/wp-json\/wp\/v2\/product"}],"about":[{"href":"https:\/\/cbdplein.nl\/de\/wp-json\/wp\/v2\/types\/product"}],"wp:featuredmedia":[{"embeddable":true,"href":"https:\/\/cbdplein.nl\/de\/wp-json\/wp\/v2\/media\/16479"}],"wp:attachment":[{"href":"https:\/\/cbdplein.nl\/de\/wp-json\/wp\/v2\/media?parent=5730"}],"wp:term":[{"taxonomy":"product_brand","embeddable":true,"href":"https:\/\/cbdplein.nl\/de\/wp-json\/wp\/v2\/product_brand?post=5730"},{"taxonomy":"product_cat","embeddable":true,"href":"https:\/\/cbdplein.nl\/de\/wp-json\/wp\/v2\/product_cat?post=5730"},{"taxonomy":"product_tag","embeddable":true,"href":"https:\/\/cbdplein.nl\/de\/wp-json\/wp\/v2\/product_tag?post=5730"}],"curies":[{"name":"wp","href":"https:\/\/api.w.org\/{rel}","templated":true}]}}